{"id":111631,"date":"2024-02-10T00:00:00","date_gmt":"2024-02-10T05:00:00","guid":{"rendered":"http:\/\/gpl-love.com\/es\/producto\/braga-fashion-theme-for-woocommerce-wordpress\/"},"modified":"2026-03-13T17:17:02","modified_gmt":"2026-03-13T22:17:02","slug":"braga-fashion-theme-for-woocommerce-wordpress","status":"publish","type":"product","link":"https:\/\/gpl-love.com\/es\/producto\/braga-fashion-theme-for-woocommerce-wordpress\/","title":{"rendered":"Braga Fashion Tema para WooCommerce WordPress 1.0.7"},"content":{"rendered":"<h3>Braga Fashion Tema para WooCommerce WordPress Caracteristicas<\/h3>\n<p>El tema de la moda de Braga para WooCommerce WordPress cuenta con un tema absolutamente impresionante que est\u00e1 hecho a medida para las tiendas de moda y ropa, asegurando que satisfaga todas sus necesidades \u00fanicas. Este tema exuda una sensaci\u00f3n de elegancia y sofisticaci\u00f3n, gracias a su dise\u00f1o limpio, moderno y elegante, que sirve como el tel\u00f3n de fondo perfecto para mostrar su amplia gama de productos de moda. Adem\u00e1s, Braga Fashion Theme ofrece una extensa gama de caracter\u00edsticas dise\u00f1adas para mejorar la experiencia general del usuario, como un dise\u00f1o altamente receptivo, un dise\u00f1o personalizable que le permite adaptar el tema a sus especificaciones exactas y plantillas espec\u00edficas que est\u00e1n espec\u00edficamente dise\u00f1adas. Para p\u00e1ginas de productos, p\u00e1ginas de carritos y p\u00e1ginas de pago.<\/p>\n<p>Uno de los principales aspectos destacados del tema de la moda de Braga es su capacidad para crear una experiencia de compra en l\u00ednea inmersiva para sus estimados clientes. Con sus filtros de productos avanzados, la funcionalidad de b\u00fasqueda robusta y una caracter\u00edstica de lista de deseos incre\u00edblemente \u00fatil, puede asegurarse de que sus clientes tengan un viaje de compra sin problemas y agradable. Adem\u00e1s, este tema es muy f\u00e1cil de usar y personalizar, lo que lo convierte en un sue\u00f1o absoluto para empresas de todos los tama\u00f1os, ya sea una peque\u00f1a boutique o un imperio de moda a gran escala.<\/p>\n<p>En conclusi\u00f3n, est\u00e1 muy claro que el tema de la moda de Braga para WooCommerce WordPress es una imprescindible absoluta para cualquier tienda de moda que busque elevar su presencia en l\u00ednea e impulsar las ventas. Con su dise\u00f1o visualmente impresionante, gran cantidad de caracter\u00edsticas f\u00e1ciles de usar y una flexibilidad incomparable, este tema sin duda lo ayudar\u00e1 a crear una plataforma en l\u00ednea que dejar\u00e1 una impresi\u00f3n duradera en sus clientes y los mantendr\u00e1 regresando por m\u00e1s.<\/p>\n<ul>\n<li>Un tema premium de WooCommerce construido para sitios web relacionados con la moda<\/li>\n<li>Dise\u00f1o totalmente receptivo para una visualizaci\u00f3n \u00f3ptima en todos los dispositivos<\/li>\n<li>M\u00faltiples opciones de dise\u00f1o de p\u00e1gina de inicio y dise\u00f1o de blog para elegir<\/li>\n<li>Secciones de encabezado y pie de p\u00e1gina personalizables para la marca y personalizaci\u00f3n<\/li>\n<li>Personalizador intuitivo y f\u00e1cil de usar para modificaciones de temas f\u00e1ciles<\/li>\n<li>Compatibilidad con complementos populares de WordPress que incluyen WPML y el Formulario de contacto 7<\/li>\n<li>Construido con c\u00f3digo limpio y bien comentado para un rendimiento confiable y una f\u00e1cil personalizaci\u00f3n<\/li>\n<li>Actualizaciones regulares y soporte de expertos proporcionados por el desarrollador de temas<\/li>\n<li>Altamente calificado por los usuarios por su dise\u00f1o elegante y su funcionalidad robusta.<\/li>\n<\/ul>\n","protected":false},"excerpt":{"rendered":"<p>Mejore su tienda de moda en l\u00ednea con el tema de moda Braga para WooCommerce WordPress. Este tema elegante y elegante est\u00e1 dise\u00f1ado para cautivar a sus clientes con su interfaz sofisticada y su navegaci\u00f3n perfecta. Braga es totalmente compatible con WooCommerce, la plataforma de comercio electr\u00f3nico l\u00edder del mundo, lo que le permite aprovechar sus potentes caracter\u00edsticas para aumentar sus ventas. El tema tambi\u00e9n est\u00e1 listo para WordPress, lo que le facilita administrar y actualizar su sitio. Con Braga, puede exhibir sus productos de moda de la manera m\u00e1s atractiva, creando una experiencia de compra que a sus clientes les encantar\u00e1. El tema tambi\u00e9n es totalmente receptivo, asegurando que su sitio se vea perfecto en todos los dispositivos. Con su dise\u00f1o limpio y caracter\u00edsticas avanzadas, el tema de moda Braga para WooCommerce WordPress es la opci\u00f3n ideal para su tienda de moda en l\u00ednea.<\/p>\n","protected":false},"featured_media":165550,"comment_status":"open","ping_status":"open","template":"","meta":[],"product_brand":[2337],"product_cat":[1263,1469,1237],"product_tag":[1391],"class_list":{"0":"post-111631","1":"product","2":"type-product","3":"status-publish","4":"has-post-thumbnail","6":"product_brand-themeforest","7":"product_cat-comercio-electronico-temas","8":"product_cat-creativo-comercio-electronico-temas","9":"product_cat-temas","10":"product_tag-themeforest","11":"member-discount","12":"discount-restricted","14":"first","15":"instock","16":"sale","17":"downloadable","18":"virtual","19":"sold-individually","20":"purchasable","21":"product-type-simple"},"_links":{"self":[{"href":"https:\/\/gpl-love.com\/es\/wp-json\/wp\/v2\/product\/111631","targetHints":{"allow":["GET"]}}],"collection":[{"href":"https:\/\/gpl-love.com\/es\/wp-json\/wp\/v2\/product"}],"about":[{"href":"https:\/\/gpl-love.com\/es\/wp-json\/wp\/v2\/types\/product"}],"replies":[{"embeddable":true,"href":"https:\/\/gpl-love.com\/es\/wp-json\/wp\/v2\/comments?post=111631"}],"wp:featuredmedia":[{"embeddable":true,"href":"https:\/\/gpl-love.com\/es\/wp-json\/wp\/v2\/media\/165550"}],"wp:attachment":[{"href":"https:\/\/gpl-love.com\/es\/wp-json\/wp\/v2\/media?parent=111631"}],"wp:term":[{"taxonomy":"product_brand","embeddable":true,"href":"https:\/\/gpl-love.com\/es\/wp-json\/wp\/v2\/product_brand?post=111631"},{"taxonomy":"product_cat","embeddable":true,"href":"https:\/\/gpl-love.com\/es\/wp-json\/wp\/v2\/product_cat?post=111631"},{"taxonomy":"product_tag","embeddable":true,"href":"https:\/\/gpl-love.com\/es\/wp-json\/wp\/v2\/product_tag?post=111631"}],"curies":[{"name":"wp","href":"https:\/\/api.w.org\/{rel}","templated":true}]}}