{"id":111629,"date":"2026-04-08T00:00:00","date_gmt":"2026-04-08T05:00:00","guid":{"rendered":"http:\/\/gpl-love.com\/es\/producto\/autonami-marketing-automations-pro\/"},"modified":"2026-04-08T11:15:13","modified_gmt":"2026-04-08T16:15:13","slug":"autonami-marketing-automations-pro","status":"publish","type":"product","link":"https:\/\/gpl-love.com\/es\/producto\/autonami-marketing-automations-pro\/","title":{"rendered":"Bellevue Hotel Bed y Breakfast Booking Calendar Theme 4.2.13"},"content":{"rendered":"<h3>Bellevue Hotel Bed y Breakfast Booking Calendar Theme Caracteristicas<\/h3>\n<p>El tema del calendario de reserva de bed y desayuno de Bellevue Hotel es un producto ejemplar que atiende espec\u00edficamente a los requisitos de los establecimientos de hoteles y bed and breakfast que busca un sistema de reservas en l\u00ednea para acomodar a sus invitados. Este tema ha sido meticulosamente elaborado para garantizar una experiencia de reserva sin problemas y sin problemas para los clientes, lo que lo convierte en una opci\u00f3n excepcional para los propietarios de hoteles que intenta proporcionar a sus hu\u00e9spedes una v\u00eda conveniente para reservar sus alojamientos. Con un dise\u00f1o elegante y contempor\u00e1neo, el tema del calendario de reserva de cama y desayuno de Bellevue Hotel est\u00e1 garantizado para cautivar y dejar una impresi\u00f3n duradera en cada individuo que examina su sitio web. Adem\u00e1s, este tema est\u00e1 equipado con una multitud de caracter\u00edsticas personalizables que le permiten adaptar su sitio web para alinearse con la esencia distintiva de su marca. No pierda el tiempo y adquiere el tema del calendario de reserva de cama y desayuno de Bellevue Hotel para adoptar personalmente la conveniencia y la eficacia de facilitar las reservas en l\u00ednea para su establecimiento.<\/p>\n<ul>\n<li>Dise\u00f1o moderno y elegante con navegaci\u00f3n f\u00e1cil<\/li>\n<li>Esquemas de color personalizables para que coincidan con la marca del hotel<\/li>\n<li>M\u00faltiples categor\u00edas de habitaciones con opciones de precios separadas<\/li>\n<li>Calendario de disponibilidad para mostrar fechas abiertas y reservadas<\/li>\n<li>Formulario de reserva en l\u00ednea para hu\u00e9spedes a salas de reserva<\/li>\n<li>Integraci\u00f3n de pagos con plataformas populares<\/li>\n<li>Opci\u00f3n para que los invitados realicen solicitudes y notas especiales<\/li>\n<li>Dise\u00f1o receptivo para usuarios m\u00f3viles y de tabletas<\/li>\n<li>Integraci\u00f3n con las redes sociales y las revisiones de TripAdvisor<\/li>\n<li>Backend f\u00e1cil de usar para la gesti\u00f3n de hoteles y la actualizaci\u00f3n de la informaci\u00f3n<\/li>\n<\/ul>\n","protected":false},"excerpt":{"rendered":"<p>Experimente la mejor comodidad y conveniencia con el tema del calendario de reserva de cama y desayuno de Bellevue Hotel. Dise\u00f1ado con perfecci\u00f3n, nuestro tema est\u00e1 dise\u00f1ado para optimizar el proceso de reserva, lo que permite a los clientes potenciales verificar f\u00e1cilmente la disponibilidad de la sala y hacer reservas en tiempo real. Las caracter\u00edsticas destacadas del tema de la reserva de Bellevue Hotel B&amp;B incluyen una interfaz f\u00e1cil de usar, actualizaciones de calendario en tiempo real y un proceso de reserva sin problemas. Este tema no solo mejorar\u00e1 la experiencia general del cliente, sino que tambi\u00e9n aumentar\u00e1 la eficiencia y la productividad de su empresa. Con Bellevue, la gesti\u00f3n de reservas y reservas nunca ha sido m\u00e1s f\u00e1cil. Eleve su hotel o negocio de B&amp;B a nuevas alturas con el tema del calendario de reserva de cama y desayuno de Bellevue Hotel.<\/p>\n","protected":false},"featured_media":165469,"comment_status":"open","ping_status":"open","template":"","meta":[],"product_brand":[2337],"product_cat":[1548,1237,1238],"product_tag":[1391],"class_list":{"0":"post-111629","1":"product","2":"type-product","3":"status-publish","4":"has-post-thumbnail","6":"product_brand-themeforest","7":"product_cat-resort-hotel","8":"product_cat-temas","9":"product_cat-wordpress-temas","10":"product_tag-themeforest","11":"member-discount","12":"discount-restricted","14":"first","15":"instock","16":"sale","17":"downloadable","18":"virtual","19":"sold-individually","20":"purchasable","21":"product-type-simple"},"_links":{"self":[{"href":"https:\/\/gpl-love.com\/es\/wp-json\/wp\/v2\/product\/111629","targetHints":{"allow":["GET"]}}],"collection":[{"href":"https:\/\/gpl-love.com\/es\/wp-json\/wp\/v2\/product"}],"about":[{"href":"https:\/\/gpl-love.com\/es\/wp-json\/wp\/v2\/types\/product"}],"replies":[{"embeddable":true,"href":"https:\/\/gpl-love.com\/es\/wp-json\/wp\/v2\/comments?post=111629"}],"wp:featuredmedia":[{"embeddable":true,"href":"https:\/\/gpl-love.com\/es\/wp-json\/wp\/v2\/media\/165469"}],"wp:attachment":[{"href":"https:\/\/gpl-love.com\/es\/wp-json\/wp\/v2\/media?parent=111629"}],"wp:term":[{"taxonomy":"product_brand","embeddable":true,"href":"https:\/\/gpl-love.com\/es\/wp-json\/wp\/v2\/product_brand?post=111629"},{"taxonomy":"product_cat","embeddable":true,"href":"https:\/\/gpl-love.com\/es\/wp-json\/wp\/v2\/product_cat?post=111629"},{"taxonomy":"product_tag","embeddable":true,"href":"https:\/\/gpl-love.com\/es\/wp-json\/wp\/v2\/product_tag?post=111629"}],"curies":[{"name":"wp","href":"https:\/\/api.w.org\/{rel}","templated":true}]}}