{"id":111627,"date":"2025-09-22T00:00:00","date_gmt":"2025-09-22T05:00:00","guid":{"rendered":"http:\/\/gpl-love.com\/es\/producto\/san-francisco-it-technology-and-creative-wordpress-theme\/"},"modified":"2026-04-10T11:23:44","modified_gmt":"2026-04-10T16:23:44","slug":"san-francisco-it-technology-and-creative-wordpress-theme","status":"publish","type":"product","link":"https:\/\/gpl-love.com\/es\/producto\/san-francisco-it-technology-and-creative-wordpress-theme\/","title":{"rendered":"San Francisco IT Technology y Creative WordPress Theme 1.28"},"content":{"rendered":"<h3>San Francisco IT Technology y Creative WordPress Theme Caracteristicas<\/h3>\n<p>El tema de la tecnolog\u00eda de TI de San Francisco y el tema creativo de WordPress, un tema altamente vers\u00e1til y totalmente personalizable, ha sido meticulosamente dise\u00f1ado para satisfacer los distintos requisitos de las empresas que operan dentro de los sectores tecnol\u00f3gicos y creativos. Su dise\u00f1o elegante y moderno proporciona una plataforma ideal para exhibir de manera efectiva su amplia gama de servicios, productos y cartera. Adem\u00e1s, el dise\u00f1o receptivo garantiza que su sitio web mantenga su apariencia impecable en todos los dispositivos, mientras que las opciones de personalizaci\u00f3n f\u00e1cil de usar le otorgan la libertad de adaptar cada aspecto del tema para adaptarse a sus preferencias y especificaciones \u00fanicas. Ya sea que su objetivo es establecer una presencia profesional en l\u00ednea para su estimada consultor\u00eda de TI, agencia creativa o cualquier otra empresa, tenga la seguridad de que la tecnolog\u00eda de TI de San Francisco y el tema creativo de WordPress lo equipan sin esfuerzo con una amplia gama de herramientas integrales, permitiendo la creaci\u00f3n de la creaci\u00f3n de una huella digital realmente impresionante.<\/p>\n<ul>\n<li>Dise\u00f1ado espec\u00edficamente para tecnolog\u00eda de TI y empresas creativas en San Francisco<\/li>\n<li>P\u00e1gina de inicio personalizable con m\u00faltiples secciones para exhibir servicios, clientes, testimonios y miembros del equipo<\/li>\n<li>P\u00e1ginas preconstruidas para cartera, blog, recursos e informaci\u00f3n de contacto<\/li>\n<li>Dise\u00f1o totalmente receptivo y amigable para m\u00f3viles<\/li>\n<li>Compatible con la \u00faltima versi\u00f3n de WordPress<\/li>\n<li>Builder de p\u00e1gina de arrastrar y soltar f\u00e1cil de usar para personalizar el dise\u00f1o y el dise\u00f1o<\/li>\n<li>Instalaci\u00f3n de un solo clic y importaci\u00f3n de contenido de demostraci\u00f3n<\/li>\n<li>SEO optimizado para una mejor visibilidad del motor de b\u00fasqueda<\/li>\n<li>Navegador cruzado compatible para todos los navegadores principales<\/li>\n<li>Integraci\u00f3n de redes sociales incorporadas para compartir y seguir f\u00e1cilmente<\/li>\n<li>Actualizaciones regulares y atenci\u00f3n al cliente dedicada.<\/li>\n<\/ul>\n","protected":false},"excerpt":{"rendered":"<p>El tema de tecnolog\u00eda de TI de San Francisco y WordPress creativo es una soluci\u00f3n ejemplar para empresas y personas que buscan un sitio web pulido y sofisticado. Este tema est\u00e1 meticulosamente elaborado para atender espec\u00edficamente a la tecnolog\u00eda de TI y los sectores creativos, con un dise\u00f1o de vanguardia y funcionalidades formidables. En virtud de su disposici\u00f3n y dise\u00f1o adaptativo no cerrado, su sitio web exudar\u00e1 excelencia en cualquier dispositivo desde el que se acceda. Adem\u00e1s, este tema est\u00e1 equipado con una variedad de opciones personalizables que abarcan esquemas de color y tipograf\u00eda, dot\u00e1ndole con un dominio absoluto sobre los aspectos visuales de su sitio. No pierda el tiempo y se embarque en el establecimiento de su presencia en l\u00ednea hoy, ayudado por el notable tecnolog\u00eda de TI de San Francisco y el tema creativo de WordPress.<\/p>\n","protected":false},"featured_media":167398,"comment_status":"open","ping_status":"open","template":"","meta":[],"product_brand":[2337],"product_cat":[1267,1237,1238],"product_tag":[1391],"class_list":{"0":"post-111627","1":"product","2":"type-product","3":"status-publish","4":"has-post-thumbnail","6":"product_brand-themeforest","7":"product_cat-creativo","8":"product_cat-temas","9":"product_cat-wordpress-temas","10":"product_tag-themeforest","11":"member-discount","12":"discount-restricted","14":"first","15":"instock","16":"sale","17":"downloadable","18":"virtual","19":"sold-individually","20":"purchasable","21":"product-type-simple"},"_links":{"self":[{"href":"https:\/\/gpl-love.com\/es\/wp-json\/wp\/v2\/product\/111627","targetHints":{"allow":["GET"]}}],"collection":[{"href":"https:\/\/gpl-love.com\/es\/wp-json\/wp\/v2\/product"}],"about":[{"href":"https:\/\/gpl-love.com\/es\/wp-json\/wp\/v2\/types\/product"}],"replies":[{"embeddable":true,"href":"https:\/\/gpl-love.com\/es\/wp-json\/wp\/v2\/comments?post=111627"}],"wp:featuredmedia":[{"embeddable":true,"href":"https:\/\/gpl-love.com\/es\/wp-json\/wp\/v2\/media\/167398"}],"wp:attachment":[{"href":"https:\/\/gpl-love.com\/es\/wp-json\/wp\/v2\/media?parent=111627"}],"wp:term":[{"taxonomy":"product_brand","embeddable":true,"href":"https:\/\/gpl-love.com\/es\/wp-json\/wp\/v2\/product_brand?post=111627"},{"taxonomy":"product_cat","embeddable":true,"href":"https:\/\/gpl-love.com\/es\/wp-json\/wp\/v2\/product_cat?post=111627"},{"taxonomy":"product_tag","embeddable":true,"href":"https:\/\/gpl-love.com\/es\/wp-json\/wp\/v2\/product_tag?post=111627"}],"curies":[{"name":"wp","href":"https:\/\/api.w.org\/{rel}","templated":true}]}}