{"id":111621,"date":"2025-12-28T00:00:00","date_gmt":"2025-12-28T05:00:00","guid":{"rendered":"http:\/\/gpl-love.com\/es\/producto\/easy-updates-manager-premium\/"},"modified":"2026-03-09T07:29:55","modified_gmt":"2026-03-09T12:29:55","slug":"easy-updates-manager-premium","status":"publish","type":"product","link":"https:\/\/gpl-love.com\/es\/producto\/easy-updates-manager-premium\/","title":{"rendered":"Easy Updates Manager Premium 9.0.20"},"content":{"rendered":"<h3>Easy Updates Manager Premium Caracteristicas<\/h3>\n<p>Easy Actualations Manager Premium es una herramienta robusta y potente dise\u00f1ada para ayudar a los usuarios a administrar eficazmente las actualizaciones para sus sitios web de WordPress. Con una interfaz intuitiva, esta herramienta permite a los usuarios configurar y controlar sin esfuerzo las actualizaciones de su n\u00facleo, temas y complementos de WordPress. Adem\u00e1s, este complemento presenta una gran cantidad de opciones de personalizaci\u00f3n, lo que brinda a los usuarios la capacidad de programar convenientemente actualizaciones, automatizar copias de seguridad y establecer notificaciones por correo electr\u00f3nico. Como resultado, los propietarios de sitios web pueden estar seguros de saber que su plataforma en l\u00ednea permanecer\u00e1 constantemente actual y protegida contra posibles amenazas de seguridad. Adem\u00e1s de estas caracter\u00edsticas fundamentales, la Premio de Manager de Easy Actualates tambi\u00e9n presenta una impresionante variedad de capacidades avanzadas. Estos incluyen soporte multisitio, la capacidad de elaborar mensajes de actualizaci\u00f3n personalizados y registro de actualizaciones integrales. Estas caracter\u00edsticas avanzadas otorgan a los usuarios de la autoridad incomparable sobre el proceso de actualizaci\u00f3n de su sitio web. En conclusi\u00f3n, para cualquier propietario del sitio web de WordPress que busque optimizar su proceso de gesti\u00f3n de actualizaciones y mantener la m\u00e1xima seguridad y funcionalidad de su plataforma en l\u00ednea, F\u00e1cil Actualations Manager Premium se encuentra como una herramienta imperativa.<\/p>\n<ul>\n<li>Proporciona actualizaciones f\u00e1ciles y eficientes para sitios web de WordPress<\/li>\n<li>Permite la personalizaci\u00f3n de la configuraci\u00f3n de actualizaci\u00f3n para satisfacer las necesidades de los sitios web individuales<\/li>\n<li>Habilita actualizaciones autom\u00e1ticas para todos los temas y complementos<\/li>\n<li>Proporciona soporte premium para cualquier problema o pregunta relacionada con las actualizaciones de complementos<\/li>\n<li>Permite la gesti\u00f3n multisitio para actualizaciones simplificadas en m\u00faltiples sitios web<\/li>\n<li>Garantiza la seguridad del sitio al proporcionar notificaciones en tiempo real de actualizaciones y vulnerabilidades<\/li>\n<li>Ofrece opciones de copia de seguridad para garantizar la estabilidad del sitio durante las actualizaciones<\/li>\n<li>Permite la reversi\u00f3n de las actualizaciones si surgen problemas despu\u00e9s de la actualizaci\u00f3n<\/li>\n<li>Proporciona una interfaz f\u00e1cil de usar para una f\u00e1cil navegaci\u00f3n y uso<\/li>\n<\/ul>\n","protected":false},"excerpt":{"rendered":"<p>Si est\u00e1 en busca de un software que pueda manejar y supervisar de manera efectiva las actualizaciones de su sitio de WordPress, entonces su b\u00fasqueda termina aqu\u00ed con F\u00e1cil Actualizaciones Manager Premium. Esta versi\u00f3n en particular, que se considera la iteraci\u00f3n superior y m\u00e1s avanzada de la herramienta de gesti\u00f3n de actualizaciones ampliamente utilizada, ofrece una variedad de caracter\u00edsticas y capacidades adicionales, incluida la conveniencia de las actualizaciones autom\u00e1ticas, la flexibilidad de las opciones de programaci\u00f3n avanzada y la integraci\u00f3n perfecta con reconocidos complementos de almacenamiento en cach\u00e9. Con su interfaz f\u00e1cil de usar y sus controles intuitivos, F\u00e1cil Actualations Manager Premium garantiza que la administraci\u00f3n de sus actualizaciones de WordPress se convierta en una tarea sin esfuerzo. Al utilizar este complemento indispensable, puede garantizar que su sitio web contin\u00fae funcionando sin problemas y mantenga un alto nivel de seguridad.<\/p>\n","protected":false},"featured_media":165899,"comment_status":"open","ping_status":"open","template":"","meta":[],"product_brand":[2429],"product_cat":[1212,1206,1211],"product_tag":[1480],"class_list":{"0":"post-111621","1":"product","2":"type-product","3":"status-publish","4":"has-post-thumbnail","6":"product_brand-up-draft-plus","7":"product_cat-administracion-wordpress-plugins","8":"product_cat-plugins","9":"product_cat-wordpress-plugins","10":"product_tag-up-draft-plus","11":"member-discount","12":"discount-restricted","14":"first","15":"instock","16":"sale","17":"downloadable","18":"virtual","19":"sold-individually","20":"purchasable","21":"product-type-simple"},"_links":{"self":[{"href":"https:\/\/gpl-love.com\/es\/wp-json\/wp\/v2\/product\/111621","targetHints":{"allow":["GET"]}}],"collection":[{"href":"https:\/\/gpl-love.com\/es\/wp-json\/wp\/v2\/product"}],"about":[{"href":"https:\/\/gpl-love.com\/es\/wp-json\/wp\/v2\/types\/product"}],"replies":[{"embeddable":true,"href":"https:\/\/gpl-love.com\/es\/wp-json\/wp\/v2\/comments?post=111621"}],"wp:featuredmedia":[{"embeddable":true,"href":"https:\/\/gpl-love.com\/es\/wp-json\/wp\/v2\/media\/165899"}],"wp:attachment":[{"href":"https:\/\/gpl-love.com\/es\/wp-json\/wp\/v2\/media?parent=111621"}],"wp:term":[{"taxonomy":"product_brand","embeddable":true,"href":"https:\/\/gpl-love.com\/es\/wp-json\/wp\/v2\/product_brand?post=111621"},{"taxonomy":"product_cat","embeddable":true,"href":"https:\/\/gpl-love.com\/es\/wp-json\/wp\/v2\/product_cat?post=111621"},{"taxonomy":"product_tag","embeddable":true,"href":"https:\/\/gpl-love.com\/es\/wp-json\/wp\/v2\/product_tag?post=111621"}],"curies":[{"name":"wp","href":"https:\/\/api.w.org\/{rel}","templated":true}]}}