{"id":111619,"date":"2022-06-19T00:00:00","date_gmt":"2022-06-19T05:00:00","guid":{"rendered":"http:\/\/gpl-love.com\/es\/producto\/magicform-wordpress-form-builder\/"},"modified":"2026-03-09T07:47:40","modified_gmt":"2026-03-09T12:47:40","slug":"magicform-wordpress-form-builder","status":"publish","type":"product","link":"https:\/\/gpl-love.com\/es\/producto\/magicform-wordpress-form-builder\/","title":{"rendered":"MagicForm WordPress Form Builder 1.6.2"},"content":{"rendered":"<h3>MagicForm WordPress Form Builder Caracteristicas<\/h3>\n<p>MagicForm es un constructor de formularios de WordPress altamente sofisticado y avanzado que permite a los usuarios generar y personalizar formas sin esfuerzo para sus estimados sitios web. Al aprovechar una interfaz de arrastrar y soltar notablemente intuitiva, los usuarios reciben la capacidad sin precedentes de incorporar a la perfecci\u00f3n una matriz de diversos campos, que comprenden, entre otros, casillas de texto, casillas de verificaci\u00f3n y men\u00fas desplegables, al tiempo que facilita la integraci\u00f3n sin problemas con el tercer tercer est\u00edmulo- Servicios de fiesta como PayPal y MailChimp. Adem\u00e1s de estas caracter\u00edsticas impresionantes, MagicForm tambi\u00e9n permite asombrosamente la aplicaci\u00f3n de la l\u00f3gica condicional, lo que permite la exposici\u00f3n u ocultaci\u00f3n de campos espec\u00edficos de acuerdo con las respuestas del usuario. Adem\u00e1s, el complemento ofrece una extensa selecci\u00f3n de plantillas, facilitando efectivamente un comienzo simplificado al proceso de creaci\u00f3n de formularios, al tiempo que garantiza una capacidad de respuesta incomparable en todos los dispositivos m\u00f3viles. Encarnado dentro de sus notables funcionalidades se encuentra el potencial de que MagicForm para servir como un activo indispensablemente formidable para cualquier negocio exigente o propietario del sitio web, que busque ardientemente acumular informaci\u00f3n invaluable o fomente un compromiso significativo con su estimada audiencia.<\/p>\n<ul>\n<li>Cree formularios personalizados de manera r\u00e1pida y f\u00e1cil utilizando la interfaz de arrastrar y soltar<\/li>\n<li>Elija entre una amplia gama de campos de formulario, incluidas cargas de archivos, casillas de verificaci\u00f3n y botones de radio<\/li>\n<li>Personalice la apariencia de sus formularios utilizando temas y plantillas incorporados<\/li>\n<li>Conecte sus formularios a los populares servicios de marketing por correo electr\u00f3nico para recopilar clientes potenciales y aumentar las conversiones<\/li>\n<li>Haga que sus formularios sean m\u00e1s potentes con caracter\u00edsticas avanzadas como la l\u00f3gica condicional y los env\u00edos de formularios a Slack y Trello<\/li>\n<li>Ahorre tiempo y aumente la productividad con respuestas autom\u00e1ticas y notificaciones cuando los usuarios env\u00edan formularios<\/li>\n<li>Obtenga informaci\u00f3n detallada y an\u00e1lisis en sus env\u00edos de formularios con potentes herramientas de informes<\/li>\n<li>Asegure sus formularios con protecci\u00f3n contra el spam para evitar env\u00edos no deseados y mantener sus datos seguros<\/li>\n<li>Incrita f\u00e1cilmente sus formularios en cualquier lugar de su sitio de WordPress con una funcionalidad de c\u00f3digo corto o widget.<\/li>\n<\/ul>\n","protected":false},"excerpt":{"rendered":"<p>MagicForm es un constructor de formularios de WordPress notablemente robusto y f\u00e1cil de usar que permite a los usuarios generar formas personalizadas en cuesti\u00f3n de minutos. Al aprovechar su interfaz intuitiva de arrastrar y soltar y una amplia gama de funcionalidades, los individuos pueden construir sin esfuerzo una variedad de formas que incluyen, entre otros, formularios de contacto, formularios de retroalimentaci\u00f3n, formularios de encuestas, formularios de registro y mucho m\u00e1s. Adem\u00e1s, MagicForm se integra perfectamente con PayPal y Stripe, lo que permite a los usuarios facilitar convenientemente las transacciones en l\u00ednea. Adem\u00e1s, MagicForm cuenta con caracter\u00edsticas notables como cargas de archivos, l\u00f3gica condicional y c\u00e1lculos, lo que permite a los usuarios crear formas din\u00e1micas y personalizadas. Quiz\u00e1s lo m\u00e1s notable, MagicForm ha sido meticulosamente elaborado para integrarse perfectamente con su sitio actual de WordPress, que culmin\u00f3 en una soluci\u00f3n incomparable para empresas e individuos que aspiran a recopilar datos sin esfuerzo e interactuar con sus usuarios.<\/p>\n","protected":false},"featured_media":166648,"comment_status":"open","ping_status":"open","template":"","meta":[],"product_brand":[2339],"product_cat":[1216,1206,1211],"product_tag":[1256],"class_list":{"0":"post-111619","1":"product","2":"type-product","3":"status-publish","4":"has-post-thumbnail","6":"product_brand-codecanyon","7":"product_cat-formas","8":"product_cat-plugins","9":"product_cat-wordpress-plugins","10":"product_tag-codecanyon","11":"member-discount","12":"discount-restricted","14":"first","15":"instock","16":"sale","17":"downloadable","18":"virtual","19":"sold-individually","20":"purchasable","21":"product-type-simple"},"_links":{"self":[{"href":"https:\/\/gpl-love.com\/es\/wp-json\/wp\/v2\/product\/111619","targetHints":{"allow":["GET"]}}],"collection":[{"href":"https:\/\/gpl-love.com\/es\/wp-json\/wp\/v2\/product"}],"about":[{"href":"https:\/\/gpl-love.com\/es\/wp-json\/wp\/v2\/types\/product"}],"replies":[{"embeddable":true,"href":"https:\/\/gpl-love.com\/es\/wp-json\/wp\/v2\/comments?post=111619"}],"wp:featuredmedia":[{"embeddable":true,"href":"https:\/\/gpl-love.com\/es\/wp-json\/wp\/v2\/media\/166648"}],"wp:attachment":[{"href":"https:\/\/gpl-love.com\/es\/wp-json\/wp\/v2\/media?parent=111619"}],"wp:term":[{"taxonomy":"product_brand","embeddable":true,"href":"https:\/\/gpl-love.com\/es\/wp-json\/wp\/v2\/product_brand?post=111619"},{"taxonomy":"product_cat","embeddable":true,"href":"https:\/\/gpl-love.com\/es\/wp-json\/wp\/v2\/product_cat?post=111619"},{"taxonomy":"product_tag","embeddable":true,"href":"https:\/\/gpl-love.com\/es\/wp-json\/wp\/v2\/product_tag?post=111619"}],"curies":[{"name":"wp","href":"https:\/\/api.w.org\/{rel}","templated":true}]}}