{"id":111617,"date":"2026-01-28T00:00:00","date_gmt":"2026-01-28T05:00:00","guid":{"rendered":"http:\/\/gpl-love.com\/es\/producto\/jobmonster-job-board-wordpress-theme\/"},"modified":"2026-03-13T17:22:57","modified_gmt":"2026-03-13T22:22:57","slug":"jobmonster-job-board-wordpress-theme","status":"publish","type":"product","link":"https:\/\/gpl-love.com\/es\/producto\/jobmonster-job-board-wordpress-theme\/","title":{"rendered":"Jobmonster Job Board WordPress Theme 4.8.4"},"content":{"rendered":"<h3>Jobmonster Job Board WordPress Theme Caracteristicas<\/h3>\n<p>El tema de WordPress de JobMonster Job Board es una soluci\u00f3n de tablero de trabajo que lo abarca todo y es f\u00e1cil que proporciona la capacidad de establecer r\u00e1pidamente y sin esfuerzo un sitio web de portal de trabajo profesional y receptivo. Este tema excepcional est\u00e1 equipado con una gran cantidad de caracter\u00edsticas potentes y opciones personalizables que permiten una gesti\u00f3n perfecta de listados de trabajo, curr\u00edculums y aplicaciones, al tiempo que automatizan el proceso de reclutamiento. En particular, el tema cuenta con funcionalidades avanzadas de b\u00fasqueda y filtrado, alertas de trabajo personalizables e integraci\u00f3n perfecta con pasarelas de pago bien conocidas y plataformas de redes sociales. Al emplear JobMonster, tiene la capacidad de construir una placa de trabajo est\u00e9ticamente agradable y centrada en el usuario que sin duda cautivar\u00e1 tanto a los solicitantes de empleo como a los empleadores. Independientemente de si usted es una agencia de reclutamiento, un operador de la junta de trabajo o un departamento de recursos humanos, JobMonster es la soluci\u00f3n \u00f3ptima para cumplir con sus requisitos espec\u00edficos.<\/p>\n<ul>\n<li>Panel de control f\u00e1cil de usar con configuraciones personalizables<\/li>\n<li>Integraci\u00f3n perfecta con WordPress<\/li>\n<li>Alto nivel de dise\u00f1o de UI\/UX para una mejor experiencia de usuario<\/li>\n<li>Dise\u00f1o receptivo, compatible con todos los dispositivos<\/li>\n<li>Filtros de trabajo avanzados con funcionalidad de b\u00fasqueda integrada<\/li>\n<li>Sistema de seguimiento de aplicaciones incorporado para administrar candidatos<\/li>\n<li>Opciones de pago m\u00faltiples con el complemento de WooCommerce<\/li>\n<li>Capacidad para crear categor\u00edas de trabajo y tipos de trabajo ilimitados<\/li>\n<li>Codificaci\u00f3n amigable para el desarrollador para una f\u00e1cil personalizaci\u00f3n<\/li>\n<li>SEO optimizado para una mejor clasificaci\u00f3n en los motores de b\u00fasqueda<\/li>\n<li>Atenci\u00f3n al cliente 24\/7 disponible del equipo JobMonster.<\/li>\n<\/ul>\n","protected":false},"excerpt":{"rendered":"<p>El tema de WordPress de JobMonster Job Board sirve como una soluci\u00f3n impecable para las personas que buscan establecer un sitio web de la junta de trabajo pulido y f\u00e1cil de usar. A trav\u00e9s de su interfaz intuitiva y su amplia gama de caracter\u00edsticas potentes, uno puede construir y supervisar sin esfuerzo listados de trabajo, env\u00edos de reanudaci\u00f3n, perfiles del empleador y una variedad de elementos adicionales. Adem\u00e1s, este tema cuenta con plena capacidad de respuesta, asegurando que su sitio web mantenga una apariencia excepcional en todos los dispositivos. Adem\u00e1s, el tema ofrece amplias opciones de personalizaci\u00f3n, lo que le permite adaptarlo a sus necesidades y preferencias exactas. Al optar por JobMonster, se le garantiza una experiencia perfecta y sin problemas al construir el sitio web de su junta de trabajo.<\/p>\n","protected":false},"featured_media":166526,"comment_status":"open","ping_status":"open","template":"","meta":[],"product_brand":[2337],"product_cat":[1307,1237,1238],"product_tag":[1391],"class_list":{"0":"post-111617","1":"product","2":"type-product","3":"status-publish","4":"has-post-thumbnail","6":"product_brand-themeforest","7":"product_cat-negocio-wordpress-temas","8":"product_cat-temas","9":"product_cat-wordpress-temas","10":"product_tag-themeforest","11":"member-discount","12":"discount-restricted","14":"first","15":"instock","16":"sale","17":"downloadable","18":"virtual","19":"sold-individually","20":"purchasable","21":"product-type-simple"},"_links":{"self":[{"href":"https:\/\/gpl-love.com\/es\/wp-json\/wp\/v2\/product\/111617","targetHints":{"allow":["GET"]}}],"collection":[{"href":"https:\/\/gpl-love.com\/es\/wp-json\/wp\/v2\/product"}],"about":[{"href":"https:\/\/gpl-love.com\/es\/wp-json\/wp\/v2\/types\/product"}],"replies":[{"embeddable":true,"href":"https:\/\/gpl-love.com\/es\/wp-json\/wp\/v2\/comments?post=111617"}],"wp:featuredmedia":[{"embeddable":true,"href":"https:\/\/gpl-love.com\/es\/wp-json\/wp\/v2\/media\/166526"}],"wp:attachment":[{"href":"https:\/\/gpl-love.com\/es\/wp-json\/wp\/v2\/media?parent=111617"}],"wp:term":[{"taxonomy":"product_brand","embeddable":true,"href":"https:\/\/gpl-love.com\/es\/wp-json\/wp\/v2\/product_brand?post=111617"},{"taxonomy":"product_cat","embeddable":true,"href":"https:\/\/gpl-love.com\/es\/wp-json\/wp\/v2\/product_cat?post=111617"},{"taxonomy":"product_tag","embeddable":true,"href":"https:\/\/gpl-love.com\/es\/wp-json\/wp\/v2\/product_tag?post=111617"}],"curies":[{"name":"wp","href":"https:\/\/api.w.org\/{rel}","templated":true}]}}