{"id":111615,"date":"2021-03-18T00:00:00","date_gmt":"2021-03-18T05:00:00","guid":{"rendered":"http:\/\/gpl-love.com\/es\/producto\/hostingo-hosting-wordpress-and-whmcs-theme\/"},"modified":"2026-03-13T17:22:13","modified_gmt":"2026-03-13T22:22:13","slug":"hostingo-hosting-wordpress-and-whmcs-theme","status":"publish","type":"product","link":"https:\/\/gpl-love.com\/es\/producto\/hostingo-hosting-wordpress-and-whmcs-theme\/","title":{"rendered":"Hostingo Hosting WordPress y WHMCS Theme 1.0"},"content":{"rendered":"<h3>Hostingo Hosting WordPress y WHMCS Theme Caracteristicas<\/h3>\n<p>Hostingo es un tema de WordPress y WHMCS meticulosamente dise\u00f1ado y meticulosamente dise\u00f1ado que atiende espec\u00edficamente a las empresas y los registradores de dominios. Para proporcionar la m\u00e1xima versatilidad y flexibilidad, este notable tema cuenta con una gran cantidad de dise\u00f1os de la p\u00e1gina de inicio para elegir, lo que le permite adaptar su sitio web a sus necesidades y preferencias exactas. Adem\u00e1s, Hostingo ofrece tablas de precios totalmente personalizables, lo que le permite mostrar de manera efectiva sus servicios y planes de precios de una manera est\u00e9ticamente agradable. Adem\u00e1s, este notable tema incorpora una amplia gama de bloques de contenido preconstruidos, simplificando el proceso de resaltar sus ofertas.<\/p>\n<p>Una de las caracter\u00edsticas destacadas de Hostingo es su poderosa integraci\u00f3n WHMCS, que se integra perfectamente con su sitio web y le brinda la capacidad de administrar sin esfuerzo a sus clientes, facturas y dominios directamente desde su propio dominio digital. Adem\u00e1s, Hostingo ha sido optimizado por la velocidad, asegurando que su sitio web se cargue de manera r\u00e1pida e impecablemente en todos los dispositivos, independientemente de sus especificaciones o capacidades. Adem\u00e1s, este tema es totalmente receptivo, lo que garantiza que su sitio web mantendr\u00e1 constantemente su atractivo visual en una mir\u00edada de tama\u00f1os y resoluciones de pantalla.<\/p>\n<p>En conclusi\u00f3n, si se encuentra en busca de un tema profesional y rico en funciones para su negocio de alojamiento, Hostingo sin duda sirve como una elecci\u00f3n excepcional. Su amplia gama de caracter\u00edsticas, su interfaz f\u00e1cil de usar y su meticulosa atenci\u00f3n al detalle lo convierten en la soluci\u00f3n definitiva para compa\u00f1\u00edas de alojamiento exigentes y registradores de dominios por igual.<\/p>\n<ul>\n<li>Dise\u00f1o moderno y minimalista<\/li>\n<li>Compatibilidad con WordPress y WHMCS<\/li>\n<li>Dise\u00f1o y esquema de color totalmente personalizables<\/li>\n<li>Funci\u00f3n de importaci\u00f3n de demostraci\u00f3n de un solo clic<\/li>\n<li>M\u00faltiples p\u00e1ginas de inicio y dise\u00f1os de p\u00e1gina interno disponibles<\/li>\n<li>Totalmente receptivo y amigable para m\u00f3viles<\/li>\n<li>SEO y Speed \u200b\u200bOptimized<\/li>\n<li>Panel de opciones de tema potentes<\/li>\n<li>Compatible con complementos populares que incluyen WooCommerce y el Formulario de contacto 7<\/li>\n<li>Excelente soporte al cliente y documentaci\u00f3n disponible.<\/li>\n<\/ul>\n","protected":false},"excerpt":{"rendered":"<p>Bienvenido a la introducci\u00f3n del Hostingo Hosting WordPress y el tema WHMCS, una soluci\u00f3n excepcional adaptada espec\u00edficamente para su estimado negocio de alojamiento web. Este tema ha sido meticulosamente elaborado para garantizar una integraci\u00f3n perfecta e perfecta entre su sitio web cautivador y la ampliamente aclamada plataforma WHMCS, que garantiza la gesti\u00f3n sin esfuerzo de cada aspecto de su empresa de alojamiento. Tenga la seguridad de que el tema del hostingo cuenta con un alto nivel de personalizaci\u00f3n, lo que le permite personalizarlo de acuerdo con sus preferencias y requisitos \u00fanicos, todo mientras luce un dise\u00f1o sofisticado y contempor\u00e1neo que est\u00e1 garantizado para dejar una impresi\u00f3n duradera en cada visitante de su sitio. Adem\u00e1s, este notable tema abarca una gran cantidad de caracter\u00edsticas avanzadas, que incluyen, entre otros, la b\u00fasqueda y registro automatizado de dominios, as\u00ed como una incorporaci\u00f3n f\u00e1cil de usar de las famosas pasarelas de pago. No pierda tiempo en impulsar su negocio de alojamiento a alturas de \u00e9xito sin precedentes con el inigualable Hostingo Hosting WordPress y el tema WHMCS.<\/p>\n","protected":false},"featured_media":166426,"comment_status":"open","ping_status":"open","template":"","meta":[],"product_brand":[2337],"product_cat":[1307,1237,1238],"product_tag":[1391],"class_list":{"0":"post-111615","1":"product","2":"type-product","3":"status-publish","4":"has-post-thumbnail","6":"product_brand-themeforest","7":"product_cat-negocio-wordpress-temas","8":"product_cat-temas","9":"product_cat-wordpress-temas","10":"product_tag-themeforest","11":"member-discount","12":"discount-restricted","14":"first","15":"instock","16":"sale","17":"downloadable","18":"virtual","19":"sold-individually","20":"purchasable","21":"product-type-simple"},"_links":{"self":[{"href":"https:\/\/gpl-love.com\/es\/wp-json\/wp\/v2\/product\/111615","targetHints":{"allow":["GET"]}}],"collection":[{"href":"https:\/\/gpl-love.com\/es\/wp-json\/wp\/v2\/product"}],"about":[{"href":"https:\/\/gpl-love.com\/es\/wp-json\/wp\/v2\/types\/product"}],"replies":[{"embeddable":true,"href":"https:\/\/gpl-love.com\/es\/wp-json\/wp\/v2\/comments?post=111615"}],"wp:featuredmedia":[{"embeddable":true,"href":"https:\/\/gpl-love.com\/es\/wp-json\/wp\/v2\/media\/166426"}],"wp:attachment":[{"href":"https:\/\/gpl-love.com\/es\/wp-json\/wp\/v2\/media?parent=111615"}],"wp:term":[{"taxonomy":"product_brand","embeddable":true,"href":"https:\/\/gpl-love.com\/es\/wp-json\/wp\/v2\/product_brand?post=111615"},{"taxonomy":"product_cat","embeddable":true,"href":"https:\/\/gpl-love.com\/es\/wp-json\/wp\/v2\/product_cat?post=111615"},{"taxonomy":"product_tag","embeddable":true,"href":"https:\/\/gpl-love.com\/es\/wp-json\/wp\/v2\/product_tag?post=111615"}],"curies":[{"name":"wp","href":"https:\/\/api.w.org\/{rel}","templated":true}]}}