{"id":111613,"date":"2021-03-18T00:00:00","date_gmt":"2021-03-18T05:00:00","guid":{"rendered":"http:\/\/gpl-love.com\/es\/producto\/littledino-modern-kids-wordpress-theme\/"},"modified":"2026-03-13T17:23:45","modified_gmt":"2026-03-13T22:23:45","slug":"littledino-modern-kids-wordpress-theme","status":"publish","type":"product","link":"https:\/\/gpl-love.com\/es\/producto\/littledino-modern-kids-wordpress-theme\/","title":{"rendered":"Littledino Modern Kids WordPress Theme 1.1.10"},"content":{"rendered":"<h3>Littledino Modern Kids WordPress Theme Caracteristicas<\/h3>\n<p>El tema de WordPress de Littledino Modern Kids, que es una plantilla de sitio web incre\u00edblemente elegante y f\u00e1cil de usar, ha sido dise\u00f1ada meticulosamente espec\u00edficamente para sitios web, blogs y tiendas en l\u00ednea para ni\u00f1os. Con un dise\u00f1o vibrante y l\u00fadico que est\u00e1 repleto de gr\u00e1ficos y animaciones cautivadoras, este tema est\u00e1 garantizado para captar la atenci\u00f3n de las audiencias j\u00f3venes. Ya sea que sea un padre, un educador o un emprendedor, tenga la seguridad de que este tema ofrece una amplia gama de opciones de personalizaci\u00f3n, lo que le permite construir sin esfuerzo una presencia en l\u00ednea \u00fanica y cautivadora. Gracias a su dise\u00f1o altamente receptivo, interfaz f\u00e1cil de usar e integraci\u00f3n perfecta con algunos de los complementos de WordPress m\u00e1s populares disponibles, no hace falta decir que el tema de WordPress de los ni\u00f1os modernos de Littledino es una bendici\u00f3n absoluta para cualquiera que desee establecer una verdadera din\u00e1mica y Plataforma en\u00e9rgica en l\u00ednea para ni\u00f1os.<\/p>\n<ul>\n<li>Un dise\u00f1o colorido y atractivo, perfecto para sitios web y blogs para ni\u00f1os<\/li>\n<li>Dise\u00f1o de respuesta m\u00f3vil para una f\u00e1cil visualizaci\u00f3n en cualquier dispositivo o tama\u00f1o de pantalla<\/li>\n<li>Una gama de opciones de personalizaci\u00f3n para fuentes, colores y fondos<\/li>\n<li>Integraci\u00f3n con canales de redes sociales populares para promover contenido e interactuar con los visitantes<\/li>\n<li>Soporte para m\u00faltiples formatos de publicaci\u00f3n, que incluyen video, audio y galer\u00edas<\/li>\n<li>Barra de b\u00fasqueda incorporada para f\u00e1cil navegaci\u00f3n y descubrimiento de contenido<\/li>\n<li>Panel de opciones de temas avanzados para control completo sobre la configuraci\u00f3n y el estilo del sitio<\/li>\n<li>Soporte para complementos y widgets populares de WordPress, como Jetpack y WooCommerce<\/li>\n<li>Documentaci\u00f3n y apoyo integrales para comenzar y solucionar problemas de cualquier problema.<\/li>\n<\/ul>\n","protected":false},"excerpt":{"rendered":"<p>El tema de WordPress de Littledino Modern Kids, con su atractivo elegante y cautivador, ha sido meticulosamente elaborado para atender a sitios web dirigidos a la audiencia de ni\u00f1os y familias. Con un dise\u00f1o vibrante y caprichoso, este tema ofrece un dise\u00f1o f\u00e1cil de usar que muestra sin esfuerzo su contenido de manera visualmente atractiva. Adem\u00e1s, viene equipado con una gran cantidad de caracter\u00edsticas y opciones, que abarca widgets y c\u00f3digos cortos personalizables, una variedad de diversas plantillas de p\u00e1gina de inicio y una selecci\u00f3n ilimitada de esquemas de color. Adem\u00e1s, este tema es totalmente receptivo y meticulosamente optimizado para una visualizaci\u00f3n perfecta en varios dispositivos m\u00f3viles, lo que garantiza una experiencia de navegaci\u00f3n excepcional en pantallas de cualquier tama\u00f1o. Adem\u00e1s, vale la pena se\u00f1alar que este tema est\u00e1 listo para la traducci\u00f3n y admite con precisi\u00f3n todos los principales navegadores. Ya sea un blog, una tienda en l\u00ednea o una plataforma multimedia dedicada a los ni\u00f1os, el tema de WordPress de los ni\u00f1os modernos de Littledino se erige como la elecci\u00f3n por excelencia, asegurando la mayor satisfacci\u00f3n de cumplir con sus aspiraciones creativas.<\/p>\n","protected":false},"featured_media":166626,"comment_status":"open","ping_status":"open","template":"","meta":[],"product_brand":[2337],"product_cat":[1267,1237,1238],"product_tag":[1391],"class_list":{"0":"post-111613","1":"product","2":"type-product","3":"status-publish","4":"has-post-thumbnail","6":"product_brand-themeforest","7":"product_cat-creativo","8":"product_cat-temas","9":"product_cat-wordpress-temas","10":"product_tag-themeforest","11":"member-discount","12":"discount-restricted","14":"first","15":"instock","16":"sale","17":"downloadable","18":"virtual","19":"sold-individually","20":"purchasable","21":"product-type-simple"},"_links":{"self":[{"href":"https:\/\/gpl-love.com\/es\/wp-json\/wp\/v2\/product\/111613","targetHints":{"allow":["GET"]}}],"collection":[{"href":"https:\/\/gpl-love.com\/es\/wp-json\/wp\/v2\/product"}],"about":[{"href":"https:\/\/gpl-love.com\/es\/wp-json\/wp\/v2\/types\/product"}],"replies":[{"embeddable":true,"href":"https:\/\/gpl-love.com\/es\/wp-json\/wp\/v2\/comments?post=111613"}],"wp:featuredmedia":[{"embeddable":true,"href":"https:\/\/gpl-love.com\/es\/wp-json\/wp\/v2\/media\/166626"}],"wp:attachment":[{"href":"https:\/\/gpl-love.com\/es\/wp-json\/wp\/v2\/media?parent=111613"}],"wp:term":[{"taxonomy":"product_brand","embeddable":true,"href":"https:\/\/gpl-love.com\/es\/wp-json\/wp\/v2\/product_brand?post=111613"},{"taxonomy":"product_cat","embeddable":true,"href":"https:\/\/gpl-love.com\/es\/wp-json\/wp\/v2\/product_cat?post=111613"},{"taxonomy":"product_tag","embeddable":true,"href":"https:\/\/gpl-love.com\/es\/wp-json\/wp\/v2\/product_tag?post=111613"}],"curies":[{"name":"wp","href":"https:\/\/api.w.org\/{rel}","templated":true}]}}