{"id":111611,"date":"2023-12-03T00:00:00","date_gmt":"2023-12-03T05:00:00","guid":{"rendered":"http:\/\/gpl-love.com\/es\/producto\/beyond-multisite-utilities-for-wordpress-network-admins\/"},"modified":"2026-03-09T07:20:21","modified_gmt":"2026-03-09T12:20:21","slug":"beyond-multisite-utilities-for-wordpress-network-admins","status":"publish","type":"product","link":"https:\/\/gpl-love.com\/es\/producto\/beyond-multisite-utilities-for-wordpress-network-admins\/","title":{"rendered":"Beyond Multisite Utilities para WordPress Network Admins 1.14.1"},"content":{"rendered":"<h3>Beyond Multisite Utilities para WordPress Network Admins Caracteristicas<\/h3>\n<p>Beyond MultiSite Utilities es una herramienta de WordPress excepcionalmente robusta meticulosamente dise\u00f1ada para simplificar las complejidades de la administraci\u00f3n de la red de WordPress. Esta herramienta aborda los desaf\u00edos multifac\u00e9ticos encontrados por los administradores de la red, que ofrece una interfaz navegable sin esfuerzo y un amplio repertorio de caracter\u00edsticas integrales que racionalizan perfectamente el arduo proceso de gesti\u00f3n de instalaciones multisitio. En virtud de m\u00e1s all\u00e1 de las utilidades multisitio, los administradores de la red est\u00e1n facultados para supervisar h\u00e1bilmente los roles y capacidades de los usuarios, adaptar las plantillas del sitio a sus especificaciones y administrar la configuraci\u00f3n de red. Adem\u00e1s, esta herramienta cuenta con una mir\u00edada de funcionalidades avanzadas, que abarca las capacidades de inyecci\u00f3n, importaci\u00f3n y exportaci\u00f3n de CSS y JS personalizadas, as\u00ed como capacidades sofisticadas de b\u00fasqueda y filtrado de usuarios. Con su interfaz notablemente f\u00e1cil de usar y su arsenal de caracter\u00edsticas robustas, m\u00e1s all\u00e1 de los utilidades multisitio personifica la soluci\u00f3n por excelencia para los administradores de la red de WordPress que anhelan optimizar sus flujos de trabajo y amplificar su productividad a alturas sin precedentes.<\/p>\n<ul>\n<li>-Proventa herramientas potentes para administrar m\u00faltiples sitios de WordPress desde un solo tablero<\/li>\n<li>-Trea permitido que se realicen cambios globales en todos los sitios de la red, ahorrando tiempo y esfuerzo<\/li>\n<li>-Nedables opciones de personalizaci\u00f3n avanzada, incluidos fragmentos de c\u00f3digo personalizados y configuraciones de toda la red<\/li>\n<li>-Proventa informes detallados sobre el rendimiento del sitio y el estado de seguridad para un f\u00e1cil monitoreo<\/li>\n<li>-StreamLines Mantenimiento del sitio web al permitir actualizaciones a granel y copias de seguridad para todos los sitios<\/li>\n<li>-Fersa la interfaz f\u00e1cil de usar y la navegaci\u00f3n intuitiva para la facilidad de uso<\/li>\n<li>-Compatible con todos los principales temas y complementos de WordPress para una integraci\u00f3n perfecta en cualquier flujo de trabajo.<\/li>\n<\/ul>\n","protected":false},"excerpt":{"rendered":"<p>Eleve la gesti\u00f3n de su sitio web de WordPress con Beyond Multisite. Este conjunto integral de servicios p\u00fablicos empodera a los administradores de la red para controlar y optimizar sin esfuerzo sus redes multisitio. Ofrecer una gama de caracter\u00edsticas, m\u00e1s all\u00e1 de Multisite mejora su eficiencia, lo que le permite administrar usuarios, complementos, temas y copias de seguridad en todos los sitios de su red. Experimente los beneficios de la limpieza de spam simplificada, la eliminaci\u00f3n del blog y la gesti\u00f3n de datos del usuario, todo desde un tablero conveniente. Es un cambio de juego para los administradores de WordPress Network, asegurando operaciones m\u00e1s suaves y ahorrando un tiempo valioso. M\u00e1s all\u00e1 de Multisite lleva su gesti\u00f3n de WordPress al siguiente nivel.<\/p>\n","protected":false},"featured_media":165474,"comment_status":"open","ping_status":"open","template":"","meta":[],"product_brand":[2339],"product_cat":[1212,1206,1211],"product_tag":[1256],"class_list":{"0":"post-111611","1":"product","2":"type-product","3":"status-publish","4":"has-post-thumbnail","6":"product_brand-codecanyon","7":"product_cat-administracion-wordpress-plugins","8":"product_cat-plugins","9":"product_cat-wordpress-plugins","10":"product_tag-codecanyon","11":"member-discount","12":"discount-restricted","14":"first","15":"instock","16":"sale","17":"downloadable","18":"virtual","19":"sold-individually","20":"purchasable","21":"product-type-simple"},"_links":{"self":[{"href":"https:\/\/gpl-love.com\/es\/wp-json\/wp\/v2\/product\/111611","targetHints":{"allow":["GET"]}}],"collection":[{"href":"https:\/\/gpl-love.com\/es\/wp-json\/wp\/v2\/product"}],"about":[{"href":"https:\/\/gpl-love.com\/es\/wp-json\/wp\/v2\/types\/product"}],"replies":[{"embeddable":true,"href":"https:\/\/gpl-love.com\/es\/wp-json\/wp\/v2\/comments?post=111611"}],"wp:featuredmedia":[{"embeddable":true,"href":"https:\/\/gpl-love.com\/es\/wp-json\/wp\/v2\/media\/165474"}],"wp:attachment":[{"href":"https:\/\/gpl-love.com\/es\/wp-json\/wp\/v2\/media?parent=111611"}],"wp:term":[{"taxonomy":"product_brand","embeddable":true,"href":"https:\/\/gpl-love.com\/es\/wp-json\/wp\/v2\/product_brand?post=111611"},{"taxonomy":"product_cat","embeddable":true,"href":"https:\/\/gpl-love.com\/es\/wp-json\/wp\/v2\/product_cat?post=111611"},{"taxonomy":"product_tag","embeddable":true,"href":"https:\/\/gpl-love.com\/es\/wp-json\/wp\/v2\/product_tag?post=111611"}],"curies":[{"name":"wp","href":"https:\/\/api.w.org\/{rel}","templated":true}]}}