{"id":111609,"date":"2026-04-10T00:00:00","date_gmt":"2026-04-10T05:00:00","guid":{"rendered":"http:\/\/gpl-love.com\/es\/producto\/notificationx-pro-wordpress-marketing-plugin\/"},"modified":"2026-04-10T11:19:54","modified_gmt":"2026-04-10T16:19:54","slug":"notificationx-pro-wordpress-marketing-plugin","status":"publish","type":"product","link":"https:\/\/gpl-love.com\/es\/producto\/notificationx-pro-wordpress-marketing-plugin\/","title":{"rendered":"NotificationX Pro Marketing Plugin 3.1.2"},"content":{"rendered":"<h3>NotificationX Pro Marketing Plugin Caracteristicas<\/h3>\n<p>El complemento de marketing NotificationX Pro es una herramienta incre\u00edblemente robusta y efectiva que est\u00e1 espec\u00edficamente dise\u00f1ada para ayudarlo a mejorar y optimizar sus esfuerzos de marketing y al mismo tiempo reforzar su presencia en l\u00ednea. Al utilizar este complemento excepcional, podr\u00e1 generar sin esfuerzo notificaciones visualmente cautivadoras y llamativas que se garanticen para cautivar e involucrar a su p\u00fablico objetivo, lo que finalmente impuls\u00f3 un aumento significativo en el tr\u00e1fico a su sitio web. Independientemente de si est\u00e1 buscando promover su publicaci\u00f3n de blog m\u00e1s reciente, extender un descuento especial y atractivo, o mostrar la actividad impresionante en sus diversas plataformas de redes sociales, el complemento Notificats Pro Marketing lo permite hacer todo esto y mucho m\u00e1s . Adem\u00e1s, este complemento ofrece una amplia gama de opciones de personalizaci\u00f3n que le permite adaptar perfectamente sus notificaciones para alinearse perfectamente y reflejar su marca y mensajes \u00fanicos. Adem\u00e1s, la inclusi\u00f3n de an\u00e1lisis en tiempo real dentro del complemento garantiza que pueda monitorear y evaluar constantemente el rendimiento de sus notificaciones, lo que le permite tomar decisiones estrat\u00e9gicas bien informadas que sin duda mejorar\u00e1n y optimizar\u00e1n sus campa\u00f1as de marketing. Ya sea que sea el propietario de una tienda de comercio electr\u00f3nico, un blogger destacado o un vendedor consumado, el complemento NotificationX Pro Marketing es el activo final e indispensable que sin duda elevar\u00e1 e impulsar\u00e1 sus esfuerzos de marketing a alturas de \u00e9xito sin precedentes.<\/p>\n<ul>\n<li>Aumenta la visibilidad y las conversiones de su sitio web<\/li>\n<li>Crea urgencia y aumenta FOMO con notificaciones en tiempo real<\/li>\n<li>Personaliza notificaciones basadas en el comportamiento del usuario y la demograf\u00eda<\/li>\n<li>Se integra con proveedores populares de marketing por correo electr\u00f3nico y plataformas de redes sociales<\/li>\n<li>Ofrece plantillas personalizables y opciones de marca<\/li>\n<li>Proporciona an\u00e1lisis detallados para medir la efectividad de sus notificaciones<\/li>\n<li>Ofrece pruebas A\/B para optimizar su estrategia de notificaci\u00f3n<\/li>\n<li>Interfaz f\u00e1cil de usar y f\u00e1cil de usar<\/li>\n<li>Ofrece una excelente atenci\u00f3n al cliente y actualizaciones regulares<\/li>\n<\/ul>\n","protected":false},"excerpt":{"rendered":"<p>El complemento de marketing NotificationX Pro es una herramienta incre\u00edblemente potente y robusta que se ha creado meticulosamente para ayudar a las empresas a elevar la participaci\u00f3n del cliente y amplificar las tasas de conversi\u00f3n. Con un extenso repertorio de tipos de notificaciones diversos y vers\u00e1tiles, como a prueba social, alertas de ventas y cuenta regresiva, el NotificationX Pro le permite dise\u00f1ar campa\u00f1as de marketing excepcionalmente eficaces que generen resultados tangibles. Adem\u00e1s, su configuraci\u00f3n inmensamente adaptable y su interfaz intuitivamente navegable hacen que el proceso de adaptaci\u00f3n de sus notificaciones se alinee impecablemente con su marca y p\u00fablico objetivo sin esfuerzo. En general, el NotificationX Pro es un complemento indispensable que deber\u00eda ser un componente integral de cualquier negocio que se esfuerce por impulsar su estrategia de marketing a alturas incomparables.<\/p>\n","protected":false},"featured_media":167065,"comment_status":"open","ping_status":"open","template":"","meta":[],"product_brand":[2375],"product_cat":[1232,1206,1211],"product_tag":[1785],"class_list":{"0":"post-111609","1":"product","2":"type-product","3":"status-publish","4":"has-post-thumbnail","6":"product_brand-wp-developer","7":"product_cat-marketing-wordpress-plugins","8":"product_cat-plugins","9":"product_cat-wordpress-plugins","10":"product_tag-wp-developer","11":"member-discount","12":"discount-restricted","14":"first","15":"instock","16":"sale","17":"downloadable","18":"virtual","19":"sold-individually","20":"purchasable","21":"product-type-simple"},"_links":{"self":[{"href":"https:\/\/gpl-love.com\/es\/wp-json\/wp\/v2\/product\/111609","targetHints":{"allow":["GET"]}}],"collection":[{"href":"https:\/\/gpl-love.com\/es\/wp-json\/wp\/v2\/product"}],"about":[{"href":"https:\/\/gpl-love.com\/es\/wp-json\/wp\/v2\/types\/product"}],"replies":[{"embeddable":true,"href":"https:\/\/gpl-love.com\/es\/wp-json\/wp\/v2\/comments?post=111609"}],"wp:featuredmedia":[{"embeddable":true,"href":"https:\/\/gpl-love.com\/es\/wp-json\/wp\/v2\/media\/167065"}],"wp:attachment":[{"href":"https:\/\/gpl-love.com\/es\/wp-json\/wp\/v2\/media?parent=111609"}],"wp:term":[{"taxonomy":"product_brand","embeddable":true,"href":"https:\/\/gpl-love.com\/es\/wp-json\/wp\/v2\/product_brand?post=111609"},{"taxonomy":"product_cat","embeddable":true,"href":"https:\/\/gpl-love.com\/es\/wp-json\/wp\/v2\/product_cat?post=111609"},{"taxonomy":"product_tag","embeddable":true,"href":"https:\/\/gpl-love.com\/es\/wp-json\/wp\/v2\/product_tag?post=111609"}],"curies":[{"name":"wp","href":"https:\/\/api.w.org\/{rel}","templated":true}]}}