{"id":111605,"date":"2021-12-14T00:00:00","date_gmt":"2021-12-14T05:00:00","guid":{"rendered":"http:\/\/gpl-love.com\/es\/producto\/konado-organic-theme-for-woocommerce-wordpress\/"},"modified":"2026-03-13T17:23:18","modified_gmt":"2026-03-13T22:23:18","slug":"konado-organic-theme-for-woocommerce-wordpress","status":"publish","type":"product","link":"https:\/\/gpl-love.com\/es\/producto\/konado-organic-theme-for-woocommerce-wordpress\/","title":{"rendered":"Konado Organic Tema para WooCommerce WordPress 1.1.1"},"content":{"rendered":"<h3>Konado Organic Tema para WooCommerce WordPress Caracteristicas<\/h3>\n<p>El tema org\u00e1nico de Konado para WooCommerce WordPress, siendo un tema premium de comercio electr\u00f3nico, atiende espec\u00edficamente a las empresas org\u00e1nicas de alimentos y agricultura, asegurando una experiencia de compra en l\u00ednea incomparable para los clientes a trav\u00e9s de su dise\u00f1o profesional y moderno. Este tema ofrece una gran cantidad de caracter\u00edsticas personalizables, que abarca m\u00faltiples dise\u00f1os de p\u00e1ginas de inicio, p\u00e1ginas de productos y categor\u00edas de productos, todas las cuales se pueden adaptar sin esfuerzo para cumplir con los requisitos comerciales. Adem\u00e1s, este tema integra perfectamente una variedad de funcionalidades avanzadas de comercio electr\u00f3nico, como pasarelas de pago incorporadas y opciones de env\u00edo, lo que le convierte en una opci\u00f3n excepcional para las empresas que buscan establecer una tienda en l\u00ednea pr\u00f3spera. En resumen, el tema org\u00e1nico de Konado para WooCommerce WordPress es un ep\u00edtome de calidad de primer nivel y confiabilidad inquebrantable, capaz de impulsar su negocio en l\u00ednea hacia alturas sin precedentes.<\/p>\n<ul>\n<li>Tema de WordPress de WooCommerce totalmente personalizable<\/li>\n<li>Hecho con elementos de dise\u00f1o org\u00e1nico de alta calidad<\/li>\n<li>Incluye m\u00faltiples dise\u00f1os de p\u00e1gina de inicio, incluida una opci\u00f3n de control deslizante de pantalla completa<\/li>\n<li>Opciones de filtrado de productos incorporadas para una f\u00e1cil navegaci\u00f3n<\/li>\n<li>Integraci\u00f3n con pasarelas de pago populares como PayPal, Stripe y Authorize.net<\/li>\n<li>Dise\u00f1o de respuesta m\u00f3vil para una experiencia de compra perfecta en todos los dispositivos<\/li>\n<li>C\u00f3digo amigable para SEO para una mejor clasificaci\u00f3n de motores de b\u00fasqueda<\/li>\n<li>Actualizaciones regulares y soporte dedicado de los desarrolladores<\/li>\n<li>Compatible con una gama de complementos de WooCommerce para una funcionalidad adicional<\/li>\n<li>Importaci\u00f3n de demostraci\u00f3n de un solo clic para una f\u00e1cil configuraci\u00f3n y personalizaci\u00f3n.<\/li>\n<\/ul>\n","protected":false},"excerpt":{"rendered":"<p>El tema org\u00e1nico de Konado para WooCommerce WordPress es un tema exquisitamente elaborado que satisface las necesidades espec\u00edficas de las tiendas org\u00e1nicas de alimentos, belleza y salud. Con la utilizaci\u00f3n de las tecnolog\u00edas HTML5 y CSS3 de vanguardia, este tema garantiza una apariencia est\u00e9ticamente agradable en todos los dispositivos, asegurando una experiencia de usuario perfecta. Adem\u00e1s, este tema ofrece una amplia gama de posibilidades de personalizaci\u00f3n, que abarca una mir\u00edada de dise\u00f1os de la p\u00e1gina de inicio, tipograf\u00eda visualmente impresionante y widgets hechos a medida. Al abrazar el tema org\u00e1nico de Konado, exhibir sin esfuerzo su gama de productos, interactuar activamente con su clientela y fomentar la expansi\u00f3n de su empresa org\u00e1nica en l\u00ednea.<\/p>\n","protected":false},"featured_media":166559,"comment_status":"open","ping_status":"open","template":"","meta":[],"product_brand":[2337],"product_cat":[1267,1237,1238],"product_tag":[1391],"class_list":{"0":"post-111605","1":"product","2":"type-product","3":"status-publish","4":"has-post-thumbnail","6":"product_brand-themeforest","7":"product_cat-creativo","8":"product_cat-temas","9":"product_cat-wordpress-temas","10":"product_tag-themeforest","11":"member-discount","12":"discount-restricted","14":"first","15":"instock","16":"sale","17":"downloadable","18":"virtual","19":"sold-individually","20":"purchasable","21":"product-type-simple"},"_links":{"self":[{"href":"https:\/\/gpl-love.com\/es\/wp-json\/wp\/v2\/product\/111605","targetHints":{"allow":["GET"]}}],"collection":[{"href":"https:\/\/gpl-love.com\/es\/wp-json\/wp\/v2\/product"}],"about":[{"href":"https:\/\/gpl-love.com\/es\/wp-json\/wp\/v2\/types\/product"}],"replies":[{"embeddable":true,"href":"https:\/\/gpl-love.com\/es\/wp-json\/wp\/v2\/comments?post=111605"}],"wp:featuredmedia":[{"embeddable":true,"href":"https:\/\/gpl-love.com\/es\/wp-json\/wp\/v2\/media\/166559"}],"wp:attachment":[{"href":"https:\/\/gpl-love.com\/es\/wp-json\/wp\/v2\/media?parent=111605"}],"wp:term":[{"taxonomy":"product_brand","embeddable":true,"href":"https:\/\/gpl-love.com\/es\/wp-json\/wp\/v2\/product_brand?post=111605"},{"taxonomy":"product_cat","embeddable":true,"href":"https:\/\/gpl-love.com\/es\/wp-json\/wp\/v2\/product_cat?post=111605"},{"taxonomy":"product_tag","embeddable":true,"href":"https:\/\/gpl-love.com\/es\/wp-json\/wp\/v2\/product_tag?post=111605"}],"curies":[{"name":"wp","href":"https:\/\/api.w.org\/{rel}","templated":true}]}}