{"id":111603,"date":"2022-04-15T00:00:00","date_gmt":"2022-04-15T05:00:00","guid":{"rendered":"http:\/\/gpl-love.com\/es\/producto\/alchemists-sports-esports-and-gaming-club-and-news-wordpress-theme\/"},"modified":"2026-03-13T17:15:33","modified_gmt":"2026-03-13T22:15:33","slug":"alchemists-sports-esports-and-gaming-club-and-news-wordpress-theme","status":"publish","type":"product","link":"https:\/\/gpl-love.com\/es\/producto\/alchemists-sports-esports-and-gaming-club-and-news-wordpress-theme\/","title":{"rendered":"Alchemists Sports eSports y Gaming Club y News WordPress Theme 4.4.15"},"content":{"rendered":"<h3>Alchemists Sports eSports y Gaming Club y News WordPress Theme Caracteristicas<\/h3>\n<p>Los alquimistas deportan deportistas y el club de juegos y el tema de WordPress de noticias se presenta como la mejor soluci\u00f3n para las personas que desean modelar un sitio web que es sofisticado y cautivador para su club de juegos o sitio de noticias. Con un dise\u00f1o elegante y contempor\u00e1neo, este tema otorga una gran cantidad de opciones de personalizaci\u00f3n para satisfacer sus requisitos espec\u00edficos, que abarca una multitud de dise\u00f1os de p\u00e1gina de inicio, tipos de publicaciones personalizados y una variedad ilimitada de esquemas de color. Ya sea que su objetivo sea exhibir sus eventos de juego m\u00e1s recientes o difundir las \u00faltimas noticias relacionadas con el \u00e1mbito de los deportes electr\u00f3nicos, este tema abarca todos los elementos necesarios para fabricar un sitio web eficaz y inspirador. Por lo tanto, no hay necesidad de retrasar m\u00e1s. Comience su viaje hoy y impulse su club de juegos o sitio de noticias hacia alturas sin precedentes con los alquimistas deportes deportivos y el club de juegos y el tema de WordPress de noticias.<\/p>\n<ul>\n<li>Un tema \u00fanico y moderno dise\u00f1ado espec\u00edficamente para deportes deportivos y clubes de juegos<\/li>\n<li>Totalmente personalizable con caracter\u00edsticas y opciones f\u00e1ciles de usar<\/li>\n<li>M\u00faltiples dise\u00f1os de p\u00e1gina de inicio y p\u00e1gina interior para elegir<\/li>\n<li>Compatible con complementos populares como WooCommerce, BbPress y BuddyPress<\/li>\n<li>Secci\u00f3n de noticias y blogs incorporados para mantener a su audiencia actualizada sobre lo \u00faltimo en el mundo de los juegos<\/li>\n<li>Mejorado con la animaci\u00f3n y los efectos de transici\u00f3n para una experiencia visualmente atractiva<\/li>\n<li>Widgets listos para usar, c\u00f3digos cortos y plantillas de p\u00e1gina para una creaci\u00f3n efectiva de contenido<\/li>\n<li>Dise\u00f1o receptivo y amigable para dispositivos m\u00f3viles para una experiencia de usuario perfecta en todos los dispositivos<\/li>\n<li>Listo para la traducci\u00f3n y admite idiomas RTL para un alcance global<\/li>\n<li>Actualizaciones regulares y atenci\u00f3n al cliente para garantizar un rendimiento \u00f3ptimo y la satisfacci\u00f3n del usuario.<\/li>\n<\/ul>\n","protected":false},"excerpt":{"rendered":"<p>Experimente la emoci\u00f3n de los juegos con alquimistas deportes deportivos y club de juegos, un tema dedicado de WordPress dise\u00f1ado espec\u00edficamente para jugadores y entusiastas de los deportes electr\u00f3nicos. Este tema viene lleno de caracter\u00edsticas que satisfacen todas sus necesidades de juego. F\u00e1cil de navegar, los alquimistas Sports Evisports and Gaming Club ofrecen una plataforma \u00fanica para exhibir su destreza en los juegos, con una secci\u00f3n dedicada para los perfiles de equipo y las estad\u00edsticas de juegos. No es solo un tema, sino un centro para todo lo relacionado con los juegos; Mant\u00e9ngase actualizado con las \u00faltimas noticias en el mundo de los juegos con nuestra secci\u00f3n integrada de noticias de juegos. Con su dise\u00f1o elegante y su interfaz f\u00e1cil de usar, este tema de WordPress seguramente mejorar\u00e1 su experiencia de juego. Entonces, \u00bfpor qu\u00e9 esperar? Pasa tu juego de juegos con alquimistas deportes deportivos y temas de WordPress del club de juegos.<\/p>\n","protected":false},"featured_media":165342,"comment_status":"open","ping_status":"open","template":"","meta":[],"product_brand":[2337],"product_cat":[1267,1237,1238],"product_tag":[1391],"class_list":{"0":"post-111603","1":"product","2":"type-product","3":"status-publish","4":"has-post-thumbnail","6":"product_brand-themeforest","7":"product_cat-creativo","8":"product_cat-temas","9":"product_cat-wordpress-temas","10":"product_tag-themeforest","11":"member-discount","12":"discount-restricted","14":"first","15":"instock","16":"sale","17":"downloadable","18":"virtual","19":"sold-individually","20":"purchasable","21":"product-type-simple"},"_links":{"self":[{"href":"https:\/\/gpl-love.com\/es\/wp-json\/wp\/v2\/product\/111603","targetHints":{"allow":["GET"]}}],"collection":[{"href":"https:\/\/gpl-love.com\/es\/wp-json\/wp\/v2\/product"}],"about":[{"href":"https:\/\/gpl-love.com\/es\/wp-json\/wp\/v2\/types\/product"}],"replies":[{"embeddable":true,"href":"https:\/\/gpl-love.com\/es\/wp-json\/wp\/v2\/comments?post=111603"}],"wp:featuredmedia":[{"embeddable":true,"href":"https:\/\/gpl-love.com\/es\/wp-json\/wp\/v2\/media\/165342"}],"wp:attachment":[{"href":"https:\/\/gpl-love.com\/es\/wp-json\/wp\/v2\/media?parent=111603"}],"wp:term":[{"taxonomy":"product_brand","embeddable":true,"href":"https:\/\/gpl-love.com\/es\/wp-json\/wp\/v2\/product_brand?post=111603"},{"taxonomy":"product_cat","embeddable":true,"href":"https:\/\/gpl-love.com\/es\/wp-json\/wp\/v2\/product_cat?post=111603"},{"taxonomy":"product_tag","embeddable":true,"href":"https:\/\/gpl-love.com\/es\/wp-json\/wp\/v2\/product_tag?post=111603"}],"curies":[{"name":"wp","href":"https:\/\/api.w.org\/{rel}","templated":true}]}}