{"id":111601,"date":"2026-01-04T00:00:00","date_gmt":"2026-01-04T05:00:00","guid":{"rendered":"http:\/\/gpl-love.com\/es\/producto\/xtra-multipurpose-wordpress-theme\/"},"modified":"2026-03-13T17:33:41","modified_gmt":"2026-03-13T22:33:41","slug":"xtra-multipurpose-wordpress-theme","status":"publish","type":"product","link":"https:\/\/gpl-love.com\/es\/producto\/xtra-multipurpose-wordpress-theme\/","title":{"rendered":"Xtra Multipurpose WordPress Theme 5.5"},"content":{"rendered":"<h3>Xtra Multipurpose WordPress Theme Caracteristicas<\/h3>\n<p>El tema de WordPress multiprop\u00f3sito XTRA, un tema notablemente vers\u00e1til y f\u00e1cil de usar, ha sido meticulosamente elaborado para cumplir con los diversos requisitos de m\u00faltiples empresas e industrias. En particular, cuenta con una extensa colecci\u00f3n de dise\u00f1os y plantillas predise\u00f1ados, cada una de las cuales puede personalizarse sin esfuerzo para dise\u00f1ar un sitio web distintivo y pulido. Adem\u00e1s, este tema exhibe una capacidad de respuesta y optimizaci\u00f3n de velocidad excepcional, garantizando una experiencia de usuario perfecta y gratificante en una variedad de dispositivos. En virtud de sus caracter\u00edsticas robustas, incluidos los constructores de p\u00e1ginas de arrastrar y soltar, encabezados y peatones personalizables, y opciones de tipograf\u00eda avanzada, el tema XTRA Multipurpose WordPress capacita efectivamente a las personas para fabricar sitios web impresionantes sin experiencia en programaci\u00f3n. Adem\u00e1s, ofrece una mir\u00edada de complementos y widgets de primer nivel, especialmente abarcar la integraci\u00f3n de WooCommerce perfecta, facilitando as\u00ed el establecimiento sin esfuerzo y la gesti\u00f3n de las tiendas en l\u00ednea. En resumen, el tema de WordPress de XTRA Multipurpose se presenta como una soluci\u00f3n inquebrantable y adaptable a todos los que anhelan una presencia en l\u00ednea cautivadora y din\u00e1mica.<\/p>\n<ul>\n<li>Totalmente personalizable, con una amplia gama de esquemas de color y opciones de dise\u00f1o para elegir<\/li>\n<li>Construido en el potente marco de bootstrap para un sitio web de carga r\u00e1pida amigable para m\u00f3viles<\/li>\n<li>Incluye una variedad de dise\u00f1os predise\u00f1ados para blogs, carteras, sitios de comercio electr\u00f3nico y m\u00e1s<\/li>\n<li>Viene con complementos premium como Slider Revolution y Visual Composer para a\u00fan m\u00e1s flexibilidad de dise\u00f1o<\/li>\n<li>SEO optimizado para una mejor clasificaci\u00f3n de motores de b\u00fasqueda y una mayor visibilidad para su p\u00fablico objetivo<\/li>\n<li>Actualizaciones peri\u00f3dicas y atenci\u00f3n al cliente dedicada para garantizar que su sitio web se mantenga actualizado y seguro<\/li>\n<li>Compatible con complementos populares como WooCommerce y el Formulario de contacto 7 para una funcionalidad adicional<\/li>\n<li>Importaci\u00f3n de demostraci\u00f3n de un solo clic para replicar f\u00e1cilmente el dise\u00f1o y el dise\u00f1o del sitio de demostraci\u00f3n del tema<\/li>\n<li>Optimizado para la velocidad con el almacenamiento en cach\u00e9 y las opciones de carga perezosa<\/li>\n<li>Lista de traducci\u00f3n con soporte completo para sitios de varios idiomas.<\/li>\n<\/ul>\n","protected":false},"excerpt":{"rendered":"<p>El tema de WordPress de MultipurSose XTRA es un tema incre\u00edblemente vers\u00e1til y rico en caracter\u00edsticas que cuenta con una impresionante variedad de funcionalidades, lo que lo hace adecuado para una amplia gama de tipos de sitios web. Ya sea que se est\u00e9 embarcando en la creaci\u00f3n de un blog cautivador, una cartera llamativa, una tienda en l\u00ednea de vanguardia o un sitio web corporativo sofisticado, XTRA lo ha cubierto con su selecci\u00f3n exhaustiva de herramientas y recursos que se garantiza para ayudarlo. Elabore un sitio visualmente llamativo y altamente profesional.<\/p>\n","protected":false},"featured_media":168572,"comment_status":"open","ping_status":"open","template":"","meta":[],"product_brand":[2650],"product_cat":[1239,1237,1238],"product_tag":[1784],"class_list":{"0":"post-111601","1":"product","2":"type-product","3":"status-publish","4":"has-post-thumbnail","6":"product_brand-xtra-theme","7":"product_cat-de-multiples-fines","8":"product_cat-temas","9":"product_cat-wordpress-temas","10":"product_tag-xtra-theme","11":"member-discount","12":"discount-restricted","14":"first","15":"instock","16":"sale","17":"downloadable","18":"virtual","19":"sold-individually","20":"purchasable","21":"product-type-simple"},"_links":{"self":[{"href":"https:\/\/gpl-love.com\/es\/wp-json\/wp\/v2\/product\/111601","targetHints":{"allow":["GET"]}}],"collection":[{"href":"https:\/\/gpl-love.com\/es\/wp-json\/wp\/v2\/product"}],"about":[{"href":"https:\/\/gpl-love.com\/es\/wp-json\/wp\/v2\/types\/product"}],"replies":[{"embeddable":true,"href":"https:\/\/gpl-love.com\/es\/wp-json\/wp\/v2\/comments?post=111601"}],"wp:featuredmedia":[{"embeddable":true,"href":"https:\/\/gpl-love.com\/es\/wp-json\/wp\/v2\/media\/168572"}],"wp:attachment":[{"href":"https:\/\/gpl-love.com\/es\/wp-json\/wp\/v2\/media?parent=111601"}],"wp:term":[{"taxonomy":"product_brand","embeddable":true,"href":"https:\/\/gpl-love.com\/es\/wp-json\/wp\/v2\/product_brand?post=111601"},{"taxonomy":"product_cat","embeddable":true,"href":"https:\/\/gpl-love.com\/es\/wp-json\/wp\/v2\/product_cat?post=111601"},{"taxonomy":"product_tag","embeddable":true,"href":"https:\/\/gpl-love.com\/es\/wp-json\/wp\/v2\/product_tag?post=111601"}],"curies":[{"name":"wp","href":"https:\/\/api.w.org\/{rel}","templated":true}]}}