{"id":111587,"date":"2025-12-23T00:00:00","date_gmt":"2025-12-23T05:00:00","guid":{"rendered":"http:\/\/gpl-love.com\/es\/producto\/yith-stripe-connect-for-woocommerce-premium\/"},"modified":"2026-03-13T17:35:07","modified_gmt":"2026-03-13T22:35:07","slug":"yith-stripe-connect-for-woocommerce-premium","status":"publish","type":"product","link":"https:\/\/gpl-love.com\/es\/producto\/yith-stripe-connect-for-woocommerce-premium\/","title":{"rendered":"YITH Stripe Connect para WooCommerce Premium 3.7.0"},"content":{"rendered":"<h3>YITH Stripe Connect para WooCommerce Premium Caracteristicas<\/h3>\n<p>Yith Stripe Connect para WooCommerce Premium es una herramienta excepcionalmente robusta y formidable que empodera y facilita a los propietarios de tiendas en l\u00ednea en su esfuerzo de establecer sin esfuerzo una conexi\u00f3n perfecta entre su tienda de WooCommerce y los ampliamente aclamados, estimados y renombrados Pague Gateway, Stripe. Este complemento innovador y de vanguardia est\u00e1 espec\u00edficamente dise\u00f1ado y dise\u00f1ado para facilitar y acelerar el proceso de establecer y configurar los pagos, al tiempo que garantiza la gesti\u00f3n eficiente y la supervisi\u00f3n de todas las transacciones asociadas. Adem\u00e1s, esta soluci\u00f3n incomparable e inigualable tambi\u00e9n abarca un repertorio integral y extenso de opciones y funcionalidades alternativas, lo que brinda a los usuarios la capacidad y la flexibilidad para administrar y manejar sin esfuerzo las transacciones de una manera que se alinea con sus preferencias individuales y requisitos \u00fanicos. Desde la capacidad hasta dividir a la perfecci\u00f3n, los pagos entre proveedores dispares hasta el establecimiento de transferencias autom\u00e1ticas y m\u00e1s all\u00e1, su ripe Connect para WooCommerce Premium representa una herramienta indispensable y necesaria para cualquier individuo exigente que busque optimizar el proceso de pago dentro de su tienda WooCommerce y profesora un profesor de una inquietante y sin parar a Experiencia del cliente incomparable que est\u00e1 destinada a exceder y superar todas las expectativas.<\/p>\n<ul>\n<li>Integraci\u00f3n perfecta entre WooCommerce y Stripe<\/li>\n<li>Acepta todas las principales tarjetas de cr\u00e9dito y d\u00e9bito<\/li>\n<li>Admite pagos recurrentes por suscripciones<\/li>\n<li>Protecci\u00f3n de fraude incorporada con radar de rayas<\/li>\n<li>Dep\u00f3sito autom\u00e1tico de pagos en una cuenta de rayas conectadas<\/li>\n<li>Informaci\u00f3n en tiempo real sobre el estado de pago y las transacciones<\/li>\n<li>Gesti\u00f3n f\u00e1cil de reembolsos y devoluciones de cargo<\/li>\n<li>Compatible con su m\u00faltiple proveedor y subastas para complementos de WooCommerce<\/li>\n<li>Equipo de soporte dedicado disponible para obtener ayuda con la configuraci\u00f3n y la soluci\u00f3n de problemas<\/li>\n<\/ul>\n","protected":false},"excerpt":{"rendered":"<p>Stripe Connect para WooCommerce Premium, una herramienta imprescindible para todas las empresas en l\u00ednea con el objetivo de recibir pagos de manera segura y amplia a trav\u00e9s de la pasarela de pago de stripe ampliamente utilizada, se considera absolutamente indispensable. Este complemento se fusiona sin esfuerzo con su tienda WooCommerce, lo que permite que su estimada clientela ejecute los pagos sin esfuerzo por sus pedidos sin tener que navegar lejos de su sitio web. Con una variedad de funcionalidades sofisticadas, incluidos los pagos divididos, los reembolsos automatizados y el seguimiento de transacciones en tiempo real, con Stripe Connect para la prima de WooCommerce asegura que la ardua tarea de manejar los pagos se convierta en una brisa absoluta, completamente desprovista de estresores innecesarios. Salvaguardar su empresa y priorizar la protecci\u00f3n de sus apreciados clientes adquiriendo este complemento premium incomparable sin demora.<\/p>\n","protected":false},"featured_media":168675,"comment_status":"open","ping_status":"open","template":"","meta":[],"product_brand":[2391],"product_cat":[1207,1426,1206],"product_tag":[1462],"class_list":{"0":"post-111587","1":"product","2":"type-product","3":"status-publish","4":"has-post-thumbnail","6":"product_brand-yith","7":"product_cat-comercio-electronico-plugins","8":"product_cat-pago-comercio-electronico-plugins","9":"product_cat-plugins","10":"product_tag-yith","11":"member-discount","12":"discount-restricted","14":"first","15":"instock","16":"sale","17":"downloadable","18":"virtual","19":"sold-individually","20":"purchasable","21":"product-type-simple"},"_links":{"self":[{"href":"https:\/\/gpl-love.com\/es\/wp-json\/wp\/v2\/product\/111587","targetHints":{"allow":["GET"]}}],"collection":[{"href":"https:\/\/gpl-love.com\/es\/wp-json\/wp\/v2\/product"}],"about":[{"href":"https:\/\/gpl-love.com\/es\/wp-json\/wp\/v2\/types\/product"}],"replies":[{"embeddable":true,"href":"https:\/\/gpl-love.com\/es\/wp-json\/wp\/v2\/comments?post=111587"}],"wp:featuredmedia":[{"embeddable":true,"href":"https:\/\/gpl-love.com\/es\/wp-json\/wp\/v2\/media\/168675"}],"wp:attachment":[{"href":"https:\/\/gpl-love.com\/es\/wp-json\/wp\/v2\/media?parent=111587"}],"wp:term":[{"taxonomy":"product_brand","embeddable":true,"href":"https:\/\/gpl-love.com\/es\/wp-json\/wp\/v2\/product_brand?post=111587"},{"taxonomy":"product_cat","embeddable":true,"href":"https:\/\/gpl-love.com\/es\/wp-json\/wp\/v2\/product_cat?post=111587"},{"taxonomy":"product_tag","embeddable":true,"href":"https:\/\/gpl-love.com\/es\/wp-json\/wp\/v2\/product_tag?post=111587"}],"curies":[{"name":"wp","href":"https:\/\/api.w.org\/{rel}","templated":true}]}}