{"id":111575,"date":"2024-02-27T00:00:00","date_gmt":"2024-02-27T05:00:00","guid":{"rendered":"http:\/\/gpl-love.com\/es\/producto\/yith-product-description-in-loop-for-woocommerce\/"},"modified":"2026-03-13T17:34:49","modified_gmt":"2026-03-13T22:34:49","slug":"yith-product-description-in-loop-for-woocommerce","status":"publish","type":"product","link":"https:\/\/gpl-love.com\/es\/producto\/yith-product-description-in-loop-for-woocommerce\/","title":{"rendered":"YITH Product Description in Loop para WooCommerce 1.4.0"},"content":{"rendered":"<h3>YITH Product Description in Loop para WooCommerce Caracteristicas<\/h3>\n<p>La descripci\u00f3n del producto en bucle para WooCommerce es una herramienta indispensable dise\u00f1ada espec\u00edficamente para propietarios de tiendas en l\u00ednea que aspiran a mejorar la experiencia de compra de sus clientes. Este complemento notablemente \u00fatil muestra ingeniosamente las descripciones de los productos directamente en la p\u00e1gina de la tienda, otorgando as\u00ed a los clientes la conveniencia de examinar la informaci\u00f3n crucial aceleradamente relacionada con los productos sin la ardua tarea de hacer clic individualmente en cada elemento de inter\u00e9s. En virtud de la descripci\u00f3n del producto en bucle para WooCommerce, los clientes est\u00e1n facultados para tomar decisiones perspicaces e informadas sobre sus compras, en consecuencia, lo que genera niveles elevados de satisfacci\u00f3n entre ellos, y potencialmente incluso amplificando los vol\u00famenes de ventas. Adem\u00e1s, este complemento cuenta con una notable facilidad de uso, ya que se puede desplegar sin esfuerzo y se puede adaptar sin esfuerzo para adaptarse a las preferencias y requisitos \u00fanicos de cualquier propietario exigente de la tienda WooCommerce que aspira a optimizar los encuentros de compras de su clientela.<\/p>\n<ul>\n<li>Mostrar descripciones de productos personalizadas dentro del bucle de productos de su tienda WooCommerce<\/li>\n<li>F\u00e1cil de instalar y configurar, sin necesidad de codificaci\u00f3n<\/li>\n<li>Elija qu\u00e9 categor\u00edas de productos mostrar descripciones personalizadas para<\/li>\n<li>Personalice la apariencia de las descripciones de su producto para que coincida con su marca y estilo<\/li>\n<li>Aumente las conversiones proporcionando informaci\u00f3n m\u00e1s detallada sobre sus productos directamente en el bucle de productos<\/li>\n<li>Ahorre tiempo eliminando la necesidad de navegar a p\u00e1ginas de productos individuales para obtener m\u00e1s informaci\u00f3n<\/li>\n<li>Impulse el SEO incluyendo palabras clave y frases espec\u00edficas en cada descripci\u00f3n personalizada del producto.<\/li>\n<\/ul>\n","protected":false},"excerpt":{"rendered":"<p>Su descripci\u00f3n del producto en bucle para WooCommerce, un complemento muy robusto, le otorga la capacidad de exhibir descripciones integrales de productos dentro del bucle de su p\u00e1gina de WooCommerce Shop. Al emplear este complemento de vanguardia, los clientes pueden acceder sin esfuerzo a los detalles cruciales relacionados con su mercanc\u00eda, todo sin el inconveniente de navegar a las p\u00e1ginas de productos individuales. En consecuencia, esta integraci\u00f3n perfecta tiene el potencial de producir cifras de ventas amplificadas y mejorar el esfuerzo de compras hol\u00edsticas para su estimada clientela. Adem\u00e1s, la instalaci\u00f3n y la utilizaci\u00f3n de este complemento son notablemente f\u00e1ciles de usar, lo que lo convierte en una opci\u00f3n ideal para ne\u00f3fitos y aficionados a WooCommerce experimentados por igual. \u00a1No pierda el tiempo y se embarque en este notable viaje hoy, presenciando personalmente las ventajas m\u00faltiples que esperan!<\/p>\n","protected":false},"featured_media":168653,"comment_status":"open","ping_status":"open","template":"","meta":[],"product_brand":[2391],"product_cat":[1207,1248,1206],"product_tag":[1462],"class_list":{"0":"post-111575","1":"product","2":"type-product","3":"status-publish","4":"has-post-thumbnail","6":"product_brand-yith","7":"product_cat-comercio-electronico-plugins","8":"product_cat-personalizacion-comercio-electronico-plugins","9":"product_cat-plugins","10":"product_tag-yith","11":"member-discount","12":"discount-restricted","14":"first","15":"instock","16":"sale","17":"downloadable","18":"virtual","19":"sold-individually","20":"purchasable","21":"product-type-simple"},"_links":{"self":[{"href":"https:\/\/gpl-love.com\/es\/wp-json\/wp\/v2\/product\/111575","targetHints":{"allow":["GET"]}}],"collection":[{"href":"https:\/\/gpl-love.com\/es\/wp-json\/wp\/v2\/product"}],"about":[{"href":"https:\/\/gpl-love.com\/es\/wp-json\/wp\/v2\/types\/product"}],"replies":[{"embeddable":true,"href":"https:\/\/gpl-love.com\/es\/wp-json\/wp\/v2\/comments?post=111575"}],"wp:featuredmedia":[{"embeddable":true,"href":"https:\/\/gpl-love.com\/es\/wp-json\/wp\/v2\/media\/168653"}],"wp:attachment":[{"href":"https:\/\/gpl-love.com\/es\/wp-json\/wp\/v2\/media?parent=111575"}],"wp:term":[{"taxonomy":"product_brand","embeddable":true,"href":"https:\/\/gpl-love.com\/es\/wp-json\/wp\/v2\/product_brand?post=111575"},{"taxonomy":"product_cat","embeddable":true,"href":"https:\/\/gpl-love.com\/es\/wp-json\/wp\/v2\/product_cat?post=111575"},{"taxonomy":"product_tag","embeddable":true,"href":"https:\/\/gpl-love.com\/es\/wp-json\/wp\/v2\/product_tag?post=111575"}],"curies":[{"name":"wp","href":"https:\/\/api.w.org\/{rel}","templated":true}]}}