{"id":111572,"date":"2023-06-03T00:00:00","date_gmt":"2023-06-03T05:00:00","guid":{"rendered":"http:\/\/gpl-love.com\/es\/producto\/bimber-viral-magazine-wordpress-theme\/"},"modified":"2026-03-13T17:16:37","modified_gmt":"2026-03-13T22:16:37","slug":"bimber-viral-magazine-wordpress-theme","status":"publish","type":"product","link":"https:\/\/gpl-love.com\/es\/producto\/bimber-viral-magazine-wordpress-theme\/","title":{"rendered":"Bimber Viral Magazine WordPress Theme 9.2.5"},"content":{"rendered":"<h3>Bimber Viral Magazine WordPress Theme Caracteristicas<\/h3>\n<p>El tema de la revista Bimber Viral WordPress, reconocido por su excepcional poder y facilidad de uso, sirve como una plataforma robusta y vers\u00e1til, lo que permite a los usuarios establecer y administrar sin esfuerzo una revista en l\u00ednea interactiva y cautivadora. Su nivel incomparable de personalizaci\u00f3n y capacidad de respuesta lo convierte en una opci\u00f3n ideal para elaborar un sitio web viral y fascinante que resonar\u00e1 con un amplio espectro de individuos. Equipado con funcionalidades de vanguardia como botones de intercambio social y cuestionarios virales, el tema de WordPress de la revista viral bimber surge como una soluci\u00f3n que abarca todo para construir una revista en l\u00ednea triunfante. Facilitando un proceso de creaci\u00f3n y publicaci\u00f3n de contenido sin interrupciones, su dise\u00f1o intuitivo e interfaz de arrastrar y soltar otorgan a los usuarios la capacidad de crear y difundir material de primera categor\u00eda sin esfuerzo. Adem\u00e1s, sus herramientas de optimizaci\u00f3n de SEO incorporadas garantizan una clasificaci\u00f3n de motores de b\u00fasqueda encomiable, afirmando la visibilidad y el \u00e9xito del sitio. Independientemente de si habita el \u00e1mbito de los blogs, ejerce influencia como individuo de presencia digital sustancial, o asume el papel de un vendedor en l\u00ednea, el tema de WordPress de WordPress de Bimber Viral se materializa indiscutiblemente como un instrumento indispensable para construir una personalidad en l\u00ednea impactante.<\/p>\n<ul>\n<li>Dise\u00f1o moderno y elegante perfecto para crear un sitio web de revista viral<\/li>\n<li>Dise\u00f1o totalmente receptivo que se ve muy bien en todos los dispositivos<\/li>\n<li>M\u00faltiples dise\u00f1os de la p\u00e1gina de inicio para elegir para un aspecto \u00fanico y personalizable<\/li>\n<li>Builder de p\u00e1gina de arrastrar y soltar f\u00e1ciles de usar para una personalizaci\u00f3n sin esfuerzo<\/li>\n<li>Plantillas predise\u00f1adas para diferentes formatos de publicaci\u00f3n, incluidas galer\u00edas, videos y listas<\/li>\n<li>Opciones de intercambio social para compartir publicaciones en las redes sociales<\/li>\n<li>Integraci\u00f3n con complementos populares como WooCommerce para capacidades de comercio electr\u00f3nico<\/li>\n<li>Sistema de gesti\u00f3n de anuncios incorporado para monetizar su sitio web<\/li>\n<li>Documentaci\u00f3n integral y equipo de apoyo dedicado para asistencia cuando sea necesario.<\/li>\n<\/ul>\n","protected":false},"excerpt":{"rendered":"<p>Obtenga su sitio web zumbando con Bimber, un tema de WordPress de la revista viral, espec\u00edficamente elaborado para amplificar el alcance de su contenido. Este tema es una opci\u00f3n ideal para construir un sitio web din\u00e1mico y visual que atrae a los espectadores y los mantiene comprometidos. Bimber ofrece una multitud de caracter\u00edsticas personalizables, que incluyen varias opciones de dise\u00f1o, esquemas de color y configuraciones de tipograf\u00eda. Su dise\u00f1o receptivo garantiza que su sitio web se vea genial en todos los dispositivos, mientras que la estructura amigable con SEO ayuda a aumentar su visibilidad en los motores de b\u00fasqueda. Con botones e integraciones de participaci\u00f3n social incorporadas con plataformas de redes sociales populares, su contenido puede volverse viral en poco tiempo. El tema tambi\u00e9n es compatible con WooCommerce, lo que le permite configurar una tienda en l\u00ednea con facilidad. Bimber es f\u00e1cil de usar, lo que lo convierte en una brisa para que cualquiera cree un sitio web convincente y de aspecto profesional sin ning\u00fan conocimiento de codificaci\u00f3n. \u00a1Experimente el poder del bimber y cree una sensaci\u00f3n viral hoy!<\/p>\n","protected":false},"featured_media":165479,"comment_status":"open","ping_status":"open","template":"","meta":[],"product_brand":[2337],"product_cat":[1245,1237,1238],"product_tag":[1391],"class_list":{"0":"post-111572","1":"product","2":"type-product","3":"status-publish","4":"has-post-thumbnail","6":"product_brand-themeforest","7":"product_cat-blog-revista","8":"product_cat-temas","9":"product_cat-wordpress-temas","10":"product_tag-themeforest","11":"member-discount","12":"discount-restricted","14":"first","15":"instock","16":"sale","17":"downloadable","18":"virtual","19":"sold-individually","20":"purchasable","21":"product-type-simple"},"_links":{"self":[{"href":"https:\/\/gpl-love.com\/es\/wp-json\/wp\/v2\/product\/111572","targetHints":{"allow":["GET"]}}],"collection":[{"href":"https:\/\/gpl-love.com\/es\/wp-json\/wp\/v2\/product"}],"about":[{"href":"https:\/\/gpl-love.com\/es\/wp-json\/wp\/v2\/types\/product"}],"replies":[{"embeddable":true,"href":"https:\/\/gpl-love.com\/es\/wp-json\/wp\/v2\/comments?post=111572"}],"wp:featuredmedia":[{"embeddable":true,"href":"https:\/\/gpl-love.com\/es\/wp-json\/wp\/v2\/media\/165479"}],"wp:attachment":[{"href":"https:\/\/gpl-love.com\/es\/wp-json\/wp\/v2\/media?parent=111572"}],"wp:term":[{"taxonomy":"product_brand","embeddable":true,"href":"https:\/\/gpl-love.com\/es\/wp-json\/wp\/v2\/product_brand?post=111572"},{"taxonomy":"product_cat","embeddable":true,"href":"https:\/\/gpl-love.com\/es\/wp-json\/wp\/v2\/product_cat?post=111572"},{"taxonomy":"product_tag","embeddable":true,"href":"https:\/\/gpl-love.com\/es\/wp-json\/wp\/v2\/product_tag?post=111572"}],"curies":[{"name":"wp","href":"https:\/\/api.w.org\/{rel}","templated":true}]}}