{"id":111570,"date":"2025-12-23T00:00:00","date_gmt":"2025-12-23T05:00:00","guid":{"rendered":"http:\/\/gpl-love.com\/es\/producto\/woocommerce-variation-swatches-and-photos\/"},"modified":"2026-03-09T08:26:20","modified_gmt":"2026-03-09T13:26:20","slug":"woocommerce-variation-swatches-and-photos","status":"publish","type":"product","link":"https:\/\/gpl-love.com\/es\/producto\/woocommerce-variation-swatches-and-photos\/","title":{"rendered":"WooCommerce Variation Swatches y Photos 3.1.14"},"content":{"rendered":"<h3>WooCommerce Variation Swatches y Photos Caracteristicas<\/h3>\n<p>WooCommerce Variation Swatches and Photos es un complemento excepcionalmente poderoso que mejora significativamente tanto la funcionalidad como el atractivo est\u00e9tico de su tienda en l\u00ednea. Este complemento le proporciona la capacidad perfecta de crear muestras y fotos incre\u00edblemente hermosas que corresponden sin esfuerzo a las variaciones de su producto. En consecuencia, esto facilita una experiencia incre\u00edblemente conveniente y f\u00e1cil de usar para sus estimados clientes, ya que simplifica considerablemente el proceso de navegaci\u00f3n y les permite seleccionar sin esfuerzo las opciones exactas que se alinean con sus preferencias y deseos. Adem\u00e1s, este complemento ofrece una amplia gama de opciones de personalizaci\u00f3n que le brindan la oportunidad de curar meticulosamente el tama\u00f1o, el estilo y el color de sus muestras y fotos, lo que garantiza que se alineen perfectamente con su marca y visi\u00f3n est\u00e9tica general. Adem\u00e1s, este complemento excepcional tambi\u00e9n le permite complementar las descripciones e informaci\u00f3n de sus productos con informaci\u00f3n sobre herramientas perspicaces e informativas que aparecen cuando los usuarios se ciernen sobre elementos espec\u00edficos. En consecuencia, esto le permite transmitir detalles y especificaciones importantes sobre sus productos de una manera altamente atractiva e interactiva, lo que puede aumentar la satisfacci\u00f3n del cliente y fomentar la confianza en su marca. Para resumir, las muestras y fotos de variaci\u00f3n de WooCommerce son inequ\u00edvocamente una herramienta indispensable e invaluable para cualquier empresa exigente de comercio electr\u00f3nico que aspira a optimizar y elevar su experiencia de usuario, con el objetivo final de lograr una mayor generaci\u00f3n de ventas e ingresos.<\/p>\n<ul>\n<li>-Lows para visualizar variaciones de productos visualmente atractivas y organizadas<\/li>\n<li>-Palas de personalizaci\u00f3n Opciones de personalizaci\u00f3n para tama\u00f1os y estilos de muestras<\/li>\n<li>-Nedizar a los clientes para seleccionar r\u00e1pidamente su variaci\u00f3n preferida del producto a trav\u00e9s de la selecci\u00f3n de muestras<\/li>\n<li>-El integre a la perfecci\u00f3n con las p\u00e1ginas de productos de WooCommerce<\/li>\n<li>-Ncorpora el soporte de varios idiomas para la accesibilidad global<\/li>\n<li>-Acilita una mejor experiencia del usuario y un mayor potencial de ventas<\/li>\n<li>-Maximiza los ingresos potenciales al aprovechar los aspectos visuales de la pantalla del producto<\/li>\n<\/ul>\n","protected":false},"excerpt":{"rendered":"<p>El complemento WooCommerce Variation Swatches and Photos est\u00e1 dise\u00f1ado para aumentar la funcionalidad de su tienda WooCommerce integrando perfectamente las muestras de color e im\u00e1genes en las variaciones del producto. Esta ingeniosa caracter\u00edstica permite a los clientes leer y elegir entre una variedad de diversas opciones antes de finalizar su compra. Lo que distingue a este complemento es su capacidad para mostrar su mercanc\u00eda de manera est\u00e9ticamente agradable, elevando as\u00ed la experiencia del usuario para su clientela. Adem\u00e1s, este complemento cuenta con una interfaz f\u00e1cil de usar que permite una navegaci\u00f3n perfecta y se puede adaptar para alinearse perfectamente con sus preferencias \u00fanicas de marca y dise\u00f1o.<\/p>\n","protected":false},"featured_media":168300,"comment_status":"open","ping_status":"open","template":"","meta":[],"product_brand":[2344],"product_cat":[1207,1248,1206],"product_tag":[1423],"class_list":{"0":"post-111570","1":"product","2":"type-product","3":"status-publish","4":"has-post-thumbnail","6":"product_brand-woocommerce","7":"product_cat-comercio-electronico-plugins","8":"product_cat-personalizacion-comercio-electronico-plugins","9":"product_cat-plugins","10":"product_tag-woocommerce","11":"member-discount","12":"discount-restricted","14":"first","15":"instock","16":"sale","17":"downloadable","18":"virtual","19":"sold-individually","20":"purchasable","21":"product-type-simple"},"_links":{"self":[{"href":"https:\/\/gpl-love.com\/es\/wp-json\/wp\/v2\/product\/111570","targetHints":{"allow":["GET"]}}],"collection":[{"href":"https:\/\/gpl-love.com\/es\/wp-json\/wp\/v2\/product"}],"about":[{"href":"https:\/\/gpl-love.com\/es\/wp-json\/wp\/v2\/types\/product"}],"replies":[{"embeddable":true,"href":"https:\/\/gpl-love.com\/es\/wp-json\/wp\/v2\/comments?post=111570"}],"wp:featuredmedia":[{"embeddable":true,"href":"https:\/\/gpl-love.com\/es\/wp-json\/wp\/v2\/media\/168300"}],"wp:attachment":[{"href":"https:\/\/gpl-love.com\/es\/wp-json\/wp\/v2\/media?parent=111570"}],"wp:term":[{"taxonomy":"product_brand","embeddable":true,"href":"https:\/\/gpl-love.com\/es\/wp-json\/wp\/v2\/product_brand?post=111570"},{"taxonomy":"product_cat","embeddable":true,"href":"https:\/\/gpl-love.com\/es\/wp-json\/wp\/v2\/product_cat?post=111570"},{"taxonomy":"product_tag","embeddable":true,"href":"https:\/\/gpl-love.com\/es\/wp-json\/wp\/v2\/product_tag?post=111570"}],"curies":[{"name":"wp","href":"https:\/\/api.w.org\/{rel}","templated":true}]}}