{"id":111568,"date":"2025-12-29T00:00:00","date_gmt":"2025-12-29T05:00:00","guid":{"rendered":"http:\/\/gpl-love.com\/es\/producto\/universal-video-player-wordpress-plugin\/"},"modified":"2026-03-09T08:16:43","modified_gmt":"2026-03-09T13:16:43","slug":"universal-video-player-wordpress-plugin","status":"publish","type":"product","link":"https:\/\/gpl-love.com\/es\/producto\/universal-video-player-wordpress-plugin\/","title":{"rendered":"Universal Video Player WordPress Plugin 3.8.6"},"content":{"rendered":"<h3>Universal Video Player WordPress Plugin Caracteristicas<\/h3>\n<p>El complemento de WordPress de Universal Video Player, una herramienta notablemente poderosa, ofrece a los usuarios la conveniencia de integrar el contenido de video sin problemas en sus sitios web de WordPress. Este complemento ha sido h\u00e1bilmente dise\u00f1ado para brindar soporte para una gran cantidad de formatos de video, asegurando as\u00ed que los usuarios puedan cargar y mostrar sin esfuerzo sus videos sin encontrar ning\u00fan problema de compatibilidad molesto. Adem\u00e1s, una variedad de opciones de personalizaci\u00f3n se ha incorporado ingeniosamente en el complemento, lo que permite a los usuarios adaptar la apariencia y la funcionalidad de su reproductor de video de acuerdo con sus distintos requisitos. Con una impresionante variedad de caracter\u00edsticas, incluida la funcionalidad de juego autom\u00e1tico, las capacidades de dise\u00f1o receptivas y la capacidad de crear listas de reproducci\u00f3n de video, el complemento de WordPress de video universal es indudablemente un activo indispensable para las personas que buscan aumentar su sitio web de WordPress con contenido de video de alto nivel de primer nivel. .<\/p>\n<ul>\n<li>Permite a los usuarios agregar f\u00e1cilmente contenido de video a su sitio web de WordPress<\/li>\n<li>Admite una amplia variedad de formatos de video que incluyen MP4, AVI y WMV<\/li>\n<li>Integraci\u00f3n perfecta con la plataforma de WordPress<\/li>\n<li>Opciones de reproductor de video personalizables como reproducci\u00f3n autom\u00e1tica, control de volumen y pantalla completa<\/li>\n<li>Dise\u00f1o receptivo para una visualizaci\u00f3n \u00f3ptima en todos los dispositivos<\/li>\n<li>M\u00faltiples opciones de alojamiento de video que incluyen YouTube, Vimeo y videos autohospedados<\/li>\n<li>Opciones de SEO de video mejoradas para una mejor visibilidad del motor de b\u00fasqueda<\/li>\n<li>Seguimiento de an\u00e1lisis avanzados para rastrear vistas de video y compromiso<\/li>\n<li>Documentaci\u00f3n integral y atenci\u00f3n al cliente para una f\u00e1cil instalaci\u00f3n y uso<\/li>\n<li>Actualizaciones de software regulares para garantizar la compatibilidad con nuevas versiones de WordPress y formatos de video.<\/li>\n<\/ul>\n","protected":false},"excerpt":{"rendered":"<p>El complemento de WordPress del reproductor de video universal se presenta como un remedio impecable para exhibir videos en su sitio web, con su compatibilidad con varios formatos de video y su dise\u00f1o de reproductor pulido y adaptable, garantizando as\u00ed experiencias visuales y funcionales impecables para cada video que se muestra en su sitio. Adem\u00e1s, el complemento se enorgullece de su instalaci\u00f3n sin esfuerzo y su interfaz f\u00e1cil de usar, un proceso perfecto de cargar sus videos e integrar el c\u00f3digo del reproductor en cualquier p\u00e1gina o publicaci\u00f3n deseada. \u00a1No pierda tiempo en cautivar a su audiencia con contenido de video de primer nivel que comienza este mismo d\u00eda!<\/p>\n","protected":false},"featured_media":167898,"comment_status":"open","ping_status":"open","template":"","meta":[],"product_brand":[2339],"product_cat":[1214,1206,1211],"product_tag":[1256],"class_list":{"0":"post-111568","1":"product","2":"type-product","3":"status-publish","4":"has-post-thumbnail","6":"product_brand-codecanyon","7":"product_cat-personalizacion","8":"product_cat-plugins","9":"product_cat-wordpress-plugins","10":"product_tag-codecanyon","11":"member-discount","12":"discount-restricted","14":"first","15":"instock","16":"sale","17":"downloadable","18":"virtual","19":"sold-individually","20":"purchasable","21":"product-type-simple"},"_links":{"self":[{"href":"https:\/\/gpl-love.com\/es\/wp-json\/wp\/v2\/product\/111568","targetHints":{"allow":["GET"]}}],"collection":[{"href":"https:\/\/gpl-love.com\/es\/wp-json\/wp\/v2\/product"}],"about":[{"href":"https:\/\/gpl-love.com\/es\/wp-json\/wp\/v2\/types\/product"}],"replies":[{"embeddable":true,"href":"https:\/\/gpl-love.com\/es\/wp-json\/wp\/v2\/comments?post=111568"}],"wp:featuredmedia":[{"embeddable":true,"href":"https:\/\/gpl-love.com\/es\/wp-json\/wp\/v2\/media\/167898"}],"wp:attachment":[{"href":"https:\/\/gpl-love.com\/es\/wp-json\/wp\/v2\/media?parent=111568"}],"wp:term":[{"taxonomy":"product_brand","embeddable":true,"href":"https:\/\/gpl-love.com\/es\/wp-json\/wp\/v2\/product_brand?post=111568"},{"taxonomy":"product_cat","embeddable":true,"href":"https:\/\/gpl-love.com\/es\/wp-json\/wp\/v2\/product_cat?post=111568"},{"taxonomy":"product_tag","embeddable":true,"href":"https:\/\/gpl-love.com\/es\/wp-json\/wp\/v2\/product_tag?post=111568"}],"curies":[{"name":"wp","href":"https:\/\/api.w.org\/{rel}","templated":true}]}}