{"id":111562,"date":"2021-03-16T00:00:00","date_gmt":"2021-03-16T05:00:00","guid":{"rendered":"http:\/\/gpl-love.com\/es\/producto\/elab-multi-vendor-marketplace-wordpress-theme\/"},"modified":"2026-03-13T17:19:55","modified_gmt":"2026-03-13T22:19:55","slug":"elab-multi-vendor-marketplace-wordpress-theme","status":"publish","type":"product","link":"https:\/\/gpl-love.com\/es\/producto\/elab-multi-vendor-marketplace-wordpress-theme\/","title":{"rendered":"eLab Multi Vendor Marketplace WordPress Theme 1.2.3"},"content":{"rendered":"<h3>eLab Multi Vendor Marketplace WordPress Theme Caracteristicas<\/h3>\n<p>El Tema de WordPress de WordPress del mercado de m\u00faltiples proveedores Elab, con sus poderosas capacidades, sirve como una herramienta valiosa para las personas que buscan establecer su propio mercado en l\u00ednea sin esfuerzo. Con una interfaz f\u00e1cil de usar, este tema abarca una extensa gama de caracter\u00edsticas que capacitan a los proveedores para exhibir y vender de manera efectiva sus productos. Entre los atributos notables de este tema se encuentran su provisi\u00f3n de m\u00faltiples pasarelas de pago, la capacidad de los clientes para calificar y revisar los productos, la disponibilidad de opciones de env\u00edo personalizadas y un proceso de pago simplificado. Adem\u00e1s, este tema otorga a los usuarios la libertad de personalizar su mercado de acuerdo con sus requisitos \u00fanicos, gracias a las amplias opciones de personalizaci\u00f3n que ofrece. Con su adaptabilidad a los diferentes dispositivos y su inquebrantable repertorio de caracter\u00edsticas, el tema de WordPress de Multi Vendors elab surge como la soluci\u00f3n definitiva para cualquier persona que busque establecer un mercado en l\u00ednea lucrativo.<\/p>\n<ul>\n<li>Dise\u00f1o personalizable y f\u00e1cil de usar para crear un mercado de m\u00faltiples proveedores<\/li>\n<li>F\u00e1cil instalaci\u00f3n y configuraci\u00f3n del tema<\/li>\n<li>Admite m\u00faltiples pasarelas de pago para transacciones seguras y sin problemas<\/li>\n<li>Incluye opciones avanzadas de b\u00fasqueda y filtro para encontrar productos r\u00e1pidamente<\/li>\n<li>Sistema de revisi\u00f3n y calificaci\u00f3n incorporado para productos, asegurando la transparencia para los compradores<\/li>\n<li>Dise\u00f1o receptivo y amigable para dispositivos m\u00f3viles para navegar sin costuras en cualquier dispositivo<\/li>\n<li>Incluye varios tipos de productos, como productos f\u00edsicos, digitales y de servicio.<\/li>\n<li>Proporciona varias herramientas de gesti\u00f3n de proveedores, incluidas la configuraci\u00f3n de la comisi\u00f3n y las opciones de pago<\/li>\n<li>Panel de administraci\u00f3n flexible y potente para administrar el mercado de manera eficiente<\/li>\n<li>Admite m\u00faltiples idiomas y monedas para la accesibilidad global<\/li>\n<\/ul>\n","protected":false},"excerpt":{"rendered":"<p>Estamos entusiasmados de presentarle el Tema de WordPress de WordPress de Elab Multi Vendor, una soluci\u00f3n integral para establecer un mercado en l\u00ednea resistente que facilita a numerosos proveedores en la venta de sus productos dentro de una sola plataforma. En virtud de su interfaz f\u00e1cil de usar y su dise\u00f1o personalizable, este tema le otorga la capacidad de construir una pr\u00f3spera comunidad de comercio electr\u00f3nico, en el que los compradores y vendedores pueden conectarse sin esfuerzo y participar en transacciones. Independientemente de si se est\u00e1 embarcando en el lanzamiento de un mercado especializado, una plataforma global de comercio electr\u00f3nico o un mercado localizado, Elab abarca todas las caracter\u00edsticas esenciales necesarias para iniciar su empresa. Por lo tanto, \u00bfpor qu\u00e9 retrasar m\u00e1s? Mejore el rendimiento de su mercado en l\u00ednea hoy mediante la implementaci\u00f3n del tema de WordPress de WordPress de m\u00faltiples proveedores Elab, \u00a1y presencie el notable crecimiento de su negocio!<\/p>\n","protected":false},"featured_media":165926,"comment_status":"open","ping_status":"open","template":"","meta":[],"product_brand":[2337],"product_cat":[1263,1264,1237],"product_tag":[1391],"class_list":{"0":"post-111562","1":"product","2":"type-product","3":"status-publish","4":"has-post-thumbnail","6":"product_brand-themeforest","7":"product_cat-comercio-electronico-temas","8":"product_cat-negocio","9":"product_cat-temas","10":"product_tag-themeforest","11":"member-discount","12":"discount-restricted","14":"first","15":"instock","16":"sale","17":"downloadable","18":"virtual","19":"sold-individually","20":"purchasable","21":"product-type-simple"},"_links":{"self":[{"href":"https:\/\/gpl-love.com\/es\/wp-json\/wp\/v2\/product\/111562","targetHints":{"allow":["GET"]}}],"collection":[{"href":"https:\/\/gpl-love.com\/es\/wp-json\/wp\/v2\/product"}],"about":[{"href":"https:\/\/gpl-love.com\/es\/wp-json\/wp\/v2\/types\/product"}],"replies":[{"embeddable":true,"href":"https:\/\/gpl-love.com\/es\/wp-json\/wp\/v2\/comments?post=111562"}],"wp:featuredmedia":[{"embeddable":true,"href":"https:\/\/gpl-love.com\/es\/wp-json\/wp\/v2\/media\/165926"}],"wp:attachment":[{"href":"https:\/\/gpl-love.com\/es\/wp-json\/wp\/v2\/media?parent=111562"}],"wp:term":[{"taxonomy":"product_brand","embeddable":true,"href":"https:\/\/gpl-love.com\/es\/wp-json\/wp\/v2\/product_brand?post=111562"},{"taxonomy":"product_cat","embeddable":true,"href":"https:\/\/gpl-love.com\/es\/wp-json\/wp\/v2\/product_cat?post=111562"},{"taxonomy":"product_tag","embeddable":true,"href":"https:\/\/gpl-love.com\/es\/wp-json\/wp\/v2\/product_tag?post=111562"}],"curies":[{"name":"wp","href":"https:\/\/api.w.org\/{rel}","templated":true}]}}