{"id":111560,"date":"2025-12-25T00:00:00","date_gmt":"2025-12-25T05:00:00","guid":{"rendered":"http:\/\/gpl-love.com\/es\/producto\/woocommerce-recover-abandoned-cart\/"},"modified":"2026-03-09T08:24:53","modified_gmt":"2026-03-09T13:24:53","slug":"woocommerce-recover-abandoned-cart","status":"publish","type":"product","link":"https:\/\/gpl-love.com\/es\/producto\/woocommerce-recover-abandoned-cart\/","title":{"rendered":"WooCommerce Recover Abandoned Cart 24.9.0"},"content":{"rendered":"<h3>WooCommerce Recover Abandoned Cart Caracteristicas<\/h3>\n<p>El complemento de carrito abandonado de WooCommerce Recover es una herramienta incre\u00edblemente robusta que ha sido dise\u00f1ada espec\u00edficamente para ayudar a los propietarios de tiendas en l\u00ednea a recuperar ventas e ingresos perdidos al involucrarse con clientes que han optado por abandonar sus carritos de compras. La funcionalidad de este complemento gira en torno a la implementaci\u00f3n de campa\u00f1as de correo electr\u00f3nico automatizadas, que se env\u00edan estrat\u00e9gicamente a aquellos clientes que han dejado art\u00edculos persistentes en sus carros sin seguir la compra. Estos correos electr\u00f3nicos poseen una capacidad inherente para ser personalizados, permitiendo as\u00ed la inclusi\u00f3n de mensajes personalizados y ofertas promocionales que poseen el potencial de incentivar en gran medida a estos clientes a volver a visitar sus carros abandonados y finalmente finalizar sus compras deseadas. La inclusi\u00f3n de WooCommerce recuperar el carrito abandonado en el arsenal de cualquier propietario de la tienda en l\u00ednea es sin duda una necesidad, como permite a dicho propietario monitorear y rastrear sin esfuerzo las ocurrencias de abandono, acceso y analizar informes integrales y detallados, y tomar decisiones bien informadas que est\u00e1n impulsados \u200b\u200bpor datos concretos con respecto a c\u00f3mo pueden optimizar sus estrategias de ventas y su experiencia general del cliente. En \u00faltima instancia, este complemento es realmente indispensable para todos y cada uno de los propietarios de tiendas en l\u00ednea que buscan fervientemente aumentar sus ingresos y minimizar dr\u00e1sticamente el abandono del carrito.<\/p>\n<ul>\n<li>Aumenta las ventas recuperando el carrito de WooCommerce abandonado<\/li>\n<li>Env\u00eda correos electr\u00f3nicos automatizados a los clientes que abandonaron su carrito<\/li>\n<li>Los correos electr\u00f3nicos incluyen un enlace para regresar f\u00e1cilmente al carrito y completar la compra<\/li>\n<li>Plantillas de correo electr\u00f3nico personalizables para que coincidan con la marca de la tienda<\/li>\n<li>An\u00e1lisis detallado e informes sobre carros recuperados e ingresos generados<\/li>\n<li>Configuraci\u00f3n e integraci\u00f3n f\u00e1cil con la plataforma WooCommerce<\/li>\n<li>Compatible con temas y complementos populares de WooCommerce<\/li>\n<li>Cumplimiento de GDPR y respeta la privacidad del cliente<\/li>\n<li>Proporciona atenci\u00f3n al cliente y asistencia para cualquier problema t\u00e9cnico.<\/li>\n<\/ul>\n","protected":false},"excerpt":{"rendered":"<p>El complemento de carrito abandonado de WooCommerce Recover es una herramienta incre\u00edblemente efectiva que le permite recuperar las ventas que se perdieron previamente debido a que los clientes abandonan sus carritos de compras. Al dirigirse espec\u00edficamente a estos clientes, este complemento le permite enviar autom\u00e1ticamente los correos electr\u00f3nicos de seguimiento a las personas que han dejado art\u00edculos en sus carritos pero no lograron continuar con el proceso de pago. Lo que distingue a este complemento es su capacidad para personalizar estos correos electr\u00f3nicos, lo que le permite adaptarlos para que se adapte a sus preferencias y ampl\u00eden ofertas atractivas como descuentos, env\u00edo de cortes\u00eda u otros incentivos atractivos para atraer a los clientes a regresar a sus carros y finalizar sus compras. Adem\u00e1s, el complemento le proporciona una gran cantidad de estad\u00edsticas e informes integrales relacionados con los carros que se han recuperado con \u00e9xito, lo que le otorga la capacidad de monitorear meticulosamente su progreso y ajustar su estrategia de recuperaci\u00f3n a medida que pasa el tiempo. Con el carrito abandonado Recupere WooCommerce, puede amplificar sin esfuerzo sus ventas y recuperar los ingresos que alguna vez se perdieron.<\/p>\n","protected":false},"featured_media":168242,"comment_status":"open","ping_status":"open","template":"","meta":[],"product_brand":[2339],"product_cat":[1207,1225,1206],"product_tag":[1256],"class_list":{"0":"post-111560","1":"product","2":"type-product","3":"status-publish","4":"has-post-thumbnail","6":"product_brand-codecanyon","7":"product_cat-comercio-electronico-plugins","8":"product_cat-marketing","9":"product_cat-plugins","10":"product_tag-codecanyon","11":"member-discount","12":"discount-restricted","14":"first","15":"instock","16":"sale","17":"downloadable","18":"virtual","19":"sold-individually","20":"purchasable","21":"product-type-simple"},"_links":{"self":[{"href":"https:\/\/gpl-love.com\/es\/wp-json\/wp\/v2\/product\/111560","targetHints":{"allow":["GET"]}}],"collection":[{"href":"https:\/\/gpl-love.com\/es\/wp-json\/wp\/v2\/product"}],"about":[{"href":"https:\/\/gpl-love.com\/es\/wp-json\/wp\/v2\/types\/product"}],"replies":[{"embeddable":true,"href":"https:\/\/gpl-love.com\/es\/wp-json\/wp\/v2\/comments?post=111560"}],"wp:featuredmedia":[{"embeddable":true,"href":"https:\/\/gpl-love.com\/es\/wp-json\/wp\/v2\/media\/168242"}],"wp:attachment":[{"href":"https:\/\/gpl-love.com\/es\/wp-json\/wp\/v2\/media?parent=111560"}],"wp:term":[{"taxonomy":"product_brand","embeddable":true,"href":"https:\/\/gpl-love.com\/es\/wp-json\/wp\/v2\/product_brand?post=111560"},{"taxonomy":"product_cat","embeddable":true,"href":"https:\/\/gpl-love.com\/es\/wp-json\/wp\/v2\/product_cat?post=111560"},{"taxonomy":"product_tag","embeddable":true,"href":"https:\/\/gpl-love.com\/es\/wp-json\/wp\/v2\/product_tag?post=111560"}],"curies":[{"name":"wp","href":"https:\/\/api.w.org\/{rel}","templated":true}]}}