{"id":111558,"date":"2022-01-05T00:00:00","date_gmt":"2022-01-05T05:00:00","guid":{"rendered":"http:\/\/gpl-love.com\/es\/producto\/roneous-creative-multi-purpose-wordpress-theme\/"},"modified":"2026-04-10T11:23:32","modified_gmt":"2026-04-10T16:23:32","slug":"roneous-creative-multi-purpose-wordpress-theme","status":"publish","type":"product","link":"https:\/\/gpl-love.com\/es\/producto\/roneous-creative-multi-purpose-wordpress-theme\/","title":{"rendered":"Roneous Creative Multi-Purpose WordPress Theme 1.9.0"},"content":{"rendered":"<h3>Roneous Creative Multi-Purpose WordPress Theme Caracteristicas<\/h3>\n<p>El tema de WordPress multiprop\u00f3sito creativo ronario es una herramienta incre\u00edblemente vers\u00e1til y poderosa que faculta a los usuarios construir sitios web excepcionales. Con una extensa gama de opciones de personalizaci\u00f3n, este tema permite a los usuarios modernos de moda que no solo son \u00fanicos, sino visualmente impresionantes. Hecho a medida para cumplir con los requisitos de las agencias creativas, dise\u00f1adores, fot\u00f3grafos y artistas, Roneosus encarna un enfoque implacable en fomentar la creatividad. Acompa\u00f1ando a este tema es un constructor de p\u00e1ginas de arrastre y suelto notablemente f\u00e1cil de usar, que permite a los usuarios fabricar dise\u00f1os intrincados sin esfuerzo sin ninguna destreza de codificaci\u00f3n. Adem\u00e1s, este tema es totalmente receptivo, asegurando as\u00ed que su magnificencia trasciendan todos los dispositivos. Adem\u00e1s, Roneous ofrece una gran cantidad de demostraciones preconstruidas que se pueden importar sin esfuerzo con un mero clic, facilitando as\u00ed un proceso de creaci\u00f3n de sitios web de tiempo eficiente y conveniente. Adem\u00e1s, este tema es amigable con SEO, que garantiza una visibilidad \u00f3ptima en los motores de b\u00fasqueda. Con su dise\u00f1o contempor\u00e1neo y sofisticado, el tema de WordPress multiprop\u00f3sito creativo ronario se presenta como la mejor opci\u00f3n para aquellos que buscan forjar una impresi\u00f3n indeleble con un sitio web impresionante.<\/p>\n<ul>\n<li>Opciones de dise\u00f1o totalmente personalizables para crear sitios web \u00fanicos<\/li>\n<li>Constructor de p\u00e1ginas de arrastre y suelto incorporado para una f\u00e1cil personalizaci\u00f3n de la p\u00e1gina<\/li>\n<li>Compatible con complementos populares de WordPress, incluidos WooCommerce para capacidades de comercio electr\u00f3nico<\/li>\n<li>M\u00faltiples demostraciones predise\u00f1adas incluidas para la configuraci\u00f3n r\u00e1pida del sitio web<\/li>\n<li>Panel de opciones de temas avanzados para elementos de dise\u00f1o y dise\u00f1o de dise\u00f1o fino<\/li>\n<li>El dise\u00f1o receptivo garantiza que el sitio web se vea muy bien en todos los dispositivos y tama\u00f1os de pantalla<\/li>\n<li>Optimizado para SEO, con c\u00f3digo limpio y bien estructurado<\/li>\n<li>Documentaci\u00f3n integral y equipo de apoyo dedicado disponible para asistencia<\/li>\n<li>Actualizaciones regulares y nuevas caracter\u00edsticas agregadas al tema para la mejora y la innovaci\u00f3n continuas.<\/li>\n<\/ul>\n","protected":false},"excerpt":{"rendered":"<p>El tema de WordPress multiprop\u00f3sito creativo ronario es un tema incre\u00edblemente vers\u00e1til y altamente personalizable que est\u00e1 meticulosamente dise\u00f1ado para atender una amplia gama de tipos de sitios web, desde blogs individuales hasta bulliciosos establecimientos de comercio electr\u00f3nico. Este tema cuenta con un constructor de p\u00e1ginas de arrastre y suelto notablemente intuitivo y f\u00e1cil de usar, que capacita incluso a aquellos que carecen de destreza de codificaci\u00f3n para crear dise\u00f1os y dise\u00f1os visuales sin esfuerzo. Adem\u00e1s, el tema viene equipado con una amplia variedad de plantillas y m\u00f3dulos preconstruidos, lo que permite a los usuarios generar r\u00e1pidamente p\u00e1ginas y secciones visualmente deslumbrantes. Los desarrolladores detr\u00e1s de Roneous tambi\u00e9n han dado importancia a la sustituto de optimizar el tema para una velocidad y rendimiento \u00f3ptimos, asegurando que su sitio web funcione sin problemas y sin problemas en cualquier dispositivo, ya sea una computadora de escritorio, tableta o tel\u00e9fono inteligente. Adem\u00e1s, la extensa documentaci\u00f3n y apoyo proporcionado por el equipo ronario sirve como fuente de consuelo y garant\u00eda, otorgando a los usuarios la confianza requerida para crear un sitio web distintivo y excepcionalmente profesional utilizando este tema extraordinario.<\/p>\n","protected":false},"featured_media":167381,"comment_status":"open","ping_status":"open","template":"","meta":[],"product_brand":[2337],"product_cat":[1267,1237,1238],"product_tag":[1391],"class_list":{"0":"post-111558","1":"product","2":"type-product","3":"status-publish","4":"has-post-thumbnail","6":"product_brand-themeforest","7":"product_cat-creativo","8":"product_cat-temas","9":"product_cat-wordpress-temas","10":"product_tag-themeforest","11":"member-discount","12":"discount-restricted","14":"first","15":"instock","16":"sale","17":"downloadable","18":"virtual","19":"sold-individually","20":"purchasable","21":"product-type-simple"},"_links":{"self":[{"href":"https:\/\/gpl-love.com\/es\/wp-json\/wp\/v2\/product\/111558","targetHints":{"allow":["GET"]}}],"collection":[{"href":"https:\/\/gpl-love.com\/es\/wp-json\/wp\/v2\/product"}],"about":[{"href":"https:\/\/gpl-love.com\/es\/wp-json\/wp\/v2\/types\/product"}],"replies":[{"embeddable":true,"href":"https:\/\/gpl-love.com\/es\/wp-json\/wp\/v2\/comments?post=111558"}],"wp:featuredmedia":[{"embeddable":true,"href":"https:\/\/gpl-love.com\/es\/wp-json\/wp\/v2\/media\/167381"}],"wp:attachment":[{"href":"https:\/\/gpl-love.com\/es\/wp-json\/wp\/v2\/media?parent=111558"}],"wp:term":[{"taxonomy":"product_brand","embeddable":true,"href":"https:\/\/gpl-love.com\/es\/wp-json\/wp\/v2\/product_brand?post=111558"},{"taxonomy":"product_cat","embeddable":true,"href":"https:\/\/gpl-love.com\/es\/wp-json\/wp\/v2\/product_cat?post=111558"},{"taxonomy":"product_tag","embeddable":true,"href":"https:\/\/gpl-love.com\/es\/wp-json\/wp\/v2\/product_tag?post=111558"}],"curies":[{"name":"wp","href":"https:\/\/api.w.org\/{rel}","templated":true}]}}