{"id":111556,"date":"2023-01-13T00:00:00","date_gmt":"2023-01-13T05:00:00","guid":{"rendered":"http:\/\/gpl-love.com\/es\/producto\/babystreet-woocommerce-theme-for-kids-toys-and-baby-shops\/"},"modified":"2026-03-13T17:16:21","modified_gmt":"2026-03-13T22:16:21","slug":"babystreet-woocommerce-theme-for-kids-toys-and-baby-shops","status":"publish","type":"product","link":"https:\/\/gpl-love.com\/es\/producto\/babystreet-woocommerce-theme-for-kids-toys-and-baby-shops\/","title":{"rendered":"BabyStreet WooCommerce Tema para Kids Toys y Baby Shops 1.6.1"},"content":{"rendered":"<h3>BabyStreet WooCommerce Tema para Kids Toys y Baby Shops Caracteristicas<\/h3>\n<p>El tema de Babystreet WooCommerce se presenta como la mejor respuesta a las necesidades de las empresas especializadas en juguetes para ni\u00f1os y tiendas de beb\u00e9s. Con una est\u00e9tica vibrante y animada, este tema no solo garantiza una capacidad de respuesta \u00f3ptima, sino que tambi\u00e9n otorga a los usuarios la oportunidad de ejercer su creatividad a trav\u00e9s de la personalizaci\u00f3n, lo que les permite presentar sus productos de la manera m\u00e1s cautivadora e irresistible imaginable. Como si eso no fuera suficiente, el tema est\u00e1 equipado con una variedad de caracter\u00edsticas, que incluye un carrusel de producto, filtros de productos y una p\u00e1gina de pago personalizado. Adem\u00e1s, se ha optimizado meticulosamente para maximizar la visibilidad en los motores de b\u00fasqueda y las plataformas de redes sociales, garantizando que su tienda reciba el reconocimiento que realmente merece. Al adoptar este tema, tendr\u00e1 la capacidad de dise\u00f1ar un entorno que sea f\u00e1cil de usar y cautivador, lo que finalmente atrae a sus clientes a devolver una y otra vez.<\/p>\n<ul>\n<li>Un tema de WooCommerce dise\u00f1ado espec\u00edficamente para Baby Shops and Children&#8217;s Toy Stores<\/li>\n<li>Presenta un dise\u00f1o visualmente atractivo con colores brillantes y divertidos y dise\u00f1os personalizables<\/li>\n<li>La funcionalidad de comercio electr\u00f3nico incorporada permite una f\u00e1cil gesti\u00f3n de productos y pedidos<\/li>\n<li>El dise\u00f1o que responde a dispositivos m\u00f3viles garantiza una experiencia de navegaci\u00f3n perfecta en todos los dispositivos<\/li>\n<li>Incluye varias p\u00e1ginas predise\u00f1adas para exhibir productos, miembros del equipo y testimonios<\/li>\n<li>Opci\u00f3n para agregar un blog para marketing de contenidos y fines de SEO<\/li>\n<li>Integraci\u00f3n con plataformas de redes sociales populares para una f\u00e1cil promoci\u00f3n y compartir<\/li>\n<li>Herramientas de optimizaci\u00f3n de SEO incorporadas para mejorar la visibilidad del motor de b\u00fasqueda y conducir m\u00e1s tr\u00e1fico org\u00e1nico<\/li>\n<li>Atenci\u00f3n al cliente 24\/7 y actualizaciones regulares para garantizar un rendimiento y funcionalidad \u00f3ptimos.<\/li>\n<\/ul>\n","protected":false},"excerpt":{"rendered":"<p>Disfrute del mundo juguet\u00f3n y vibrante de Babystreet, un tema premium de WooCommerce dise\u00f1ado exclusivamente para juguetes para ni\u00f1os y tiendas de beb\u00e9s. Este tema est\u00e1 dise\u00f1ado con una interfaz f\u00e1cil de usar que es perfecta para tiendas en l\u00ednea que venden productos para beb\u00e9s, juguetes y ropa para ni\u00f1os. Cuenta con un s\u00f3lido filtro de productos y una herramienta de comparaci\u00f3n, que permite a sus clientes navegar y comparar productos sin esfuerzo. Babystreet es amigable con los dispositivos m\u00f3viles, proporcionando una experiencia de compra perfecta en cualquier dispositivo. El tema es f\u00e1cil de instalar y personalizar, y viene con una documentaci\u00f3n detallada para ayudarlo a configurar su tienda en l\u00ednea en poco tiempo. Se optimiza SEO para aumentar la visibilidad de su tienda en los motores de b\u00fasqueda, lo que lleva m\u00e1s tr\u00e1fico a su sitio. Adem\u00e1s, Babystreet admite m\u00faltiples idiomas y monedas, lo que lo convierte en una opci\u00f3n ideal para las empresas internacionales. Con su dise\u00f1o caprichoso y caracter\u00edsticas potentes, Babystreet seguramente le dar\u00e1 a su tienda en l\u00ednea una ventaja competitiva.<\/p>\n","protected":false},"featured_media":165454,"comment_status":"open","ping_status":"open","template":"","meta":[],"product_brand":[2337],"product_cat":[1263,1264,1237],"product_tag":[1391],"class_list":{"0":"post-111556","1":"product","2":"type-product","3":"status-publish","4":"has-post-thumbnail","6":"product_brand-themeforest","7":"product_cat-comercio-electronico-temas","8":"product_cat-negocio","9":"product_cat-temas","10":"product_tag-themeforest","11":"member-discount","12":"discount-restricted","14":"first","15":"instock","16":"sale","17":"downloadable","18":"virtual","19":"sold-individually","20":"purchasable","21":"product-type-simple"},"_links":{"self":[{"href":"https:\/\/gpl-love.com\/es\/wp-json\/wp\/v2\/product\/111556","targetHints":{"allow":["GET"]}}],"collection":[{"href":"https:\/\/gpl-love.com\/es\/wp-json\/wp\/v2\/product"}],"about":[{"href":"https:\/\/gpl-love.com\/es\/wp-json\/wp\/v2\/types\/product"}],"replies":[{"embeddable":true,"href":"https:\/\/gpl-love.com\/es\/wp-json\/wp\/v2\/comments?post=111556"}],"wp:featuredmedia":[{"embeddable":true,"href":"https:\/\/gpl-love.com\/es\/wp-json\/wp\/v2\/media\/165454"}],"wp:attachment":[{"href":"https:\/\/gpl-love.com\/es\/wp-json\/wp\/v2\/media?parent=111556"}],"wp:term":[{"taxonomy":"product_brand","embeddable":true,"href":"https:\/\/gpl-love.com\/es\/wp-json\/wp\/v2\/product_brand?post=111556"},{"taxonomy":"product_cat","embeddable":true,"href":"https:\/\/gpl-love.com\/es\/wp-json\/wp\/v2\/product_cat?post=111556"},{"taxonomy":"product_tag","embeddable":true,"href":"https:\/\/gpl-love.com\/es\/wp-json\/wp\/v2\/product_tag?post=111556"}],"curies":[{"name":"wp","href":"https:\/\/api.w.org\/{rel}","templated":true}]}}