{"id":111554,"date":"2022-02-26T00:00:00","date_gmt":"2022-02-26T05:00:00","guid":{"rendered":"http:\/\/gpl-love.com\/es\/producto\/blog-designer-pro-for-wordpress\/"},"modified":"2026-03-09T07:20:43","modified_gmt":"2026-03-09T12:20:43","slug":"blog-designer-pro-for-wordpress","status":"publish","type":"product","link":"https:\/\/gpl-love.com\/es\/producto\/blog-designer-pro-for-wordpress\/","title":{"rendered":"Blog Designer Pro para Wordpress 3.4.2"},"content":{"rendered":"<h3>Blog Designer Pro para Wordpress Caracteristicas<\/h3>\n<p>Blog Designer Pro para WordPress es una herramienta incre\u00edblemente robusta y f\u00e1cil de usar que permite a los usuarios crear dise\u00f1os de blog visualmente cautivadores y distintivos. Al aprovechar sus funcionalidades de personalizaci\u00f3n avanzada, los usuarios pueden moda sin esfuerzo dise\u00f1os y plantillas de blogs \u00fanicos con solo unos pocos clics simples. La herramienta ofrece una impresionante variedad de m\u00e1s de 50 plantillas predise\u00f1adas, que se pueden utilizar como un punto de partida s\u00f3lido. Alternativamente, los usuarios tienen la libertad de construir sus propios dise\u00f1os desde cero, cortes\u00eda de la interfaz perfecta de arrastrar y soltar de la herramienta. Adem\u00e1s, Blog Designer Pro presenta una amplia variedad de opciones para personalizar fuentes, colores y varios elementos de dise\u00f1o. En consecuencia, el resultado final es un blog notablemente profesional y refinado que seguramente cautivar\u00e1 y en los lectores de absorci\u00f3n. Ya sea que uno sea un blogger que anhela mejorar el atractivo visual de su sitio o un dise\u00f1ador web en busca de un instrumento potente para fabricar dise\u00f1os de blogs a medida, Blog Designer Pro para WordPress se erige como una herramienta indispensable para lograr resultados realmente impresionantes.<\/p>\n<ul>\n<li>Le ayuda a personalizar y dise\u00f1ar su blog de WordPress sin codificar el conocimiento<\/li>\n<li>Ofrece una amplia gama de opciones de dise\u00f1o, color y fuente para elegir<\/li>\n<li>Proporciona dise\u00f1os receptivos que funcionan sin problemas en cada dispositivo<\/li>\n<li>Te brinda la capacidad de crear plantillas \u00fanicas para las categor\u00edas, publicaciones y archivos de su blog.<\/li>\n<li>Viene con una variedad de plantillas predise\u00f1adas para ayudarlo a comenzar r\u00e1pidamente<\/li>\n<li>Le permite crear im\u00e1genes y logotipos de fondo personalizados para su blog<\/li>\n<li>Se integra con temas y complementos populares de WordPress para una mayor funcionalidad<\/li>\n<li>Ofrece una interfaz f\u00e1cil de usar y una documentaci\u00f3n integral para su uso f\u00e1cil.<\/li>\n<li>Proporciona un excelente soporte y actualizaciones peri\u00f3dicas para mantener su blog actualizado con las \u00faltimas tendencias de dise\u00f1o.<\/li>\n<\/ul>\n","protected":false},"excerpt":{"rendered":"<p>Blog Designer Pro es un complemento premium de WordPress dise\u00f1ado para elevar su experiencia de blogging. Esta poderosa herramienta ofrece una amplia gama de dise\u00f1os innovadores de blog, lo que le permite personalizar y dise\u00f1ar sus p\u00e1ginas de blog de una manera que se alinee con su marca. Con Blog Designer Pro, puede crear f\u00e1cilmente atractivas p\u00e1ginas de blog que involucren a sus lectores y que los vuelvan a regresar por m\u00e1s.<\/p>\n<p>Una de las caracter\u00edsticas clave de Blog Designer Pro es su interfaz f\u00e1cil de usar. Con su funcionalidad de arrastrar y soltar, puede dise\u00f1ar sin esfuerzo sus p\u00e1ginas de blog sin necesidad de habilidades de codificaci\u00f3n. Adem\u00e1s, Blog Designer Pro ofrece una gran cantidad de plantillas, lo que le brinda la flexibilidad de elegir un dise\u00f1o que se adapte a su estilo y necesidades.<\/p>\n<p>Adem\u00e1s, Blog Designer Pro es totalmente receptivo, asegurando que sus p\u00e1ginas de blog se vean impresionantes en todos los dispositivos. Esta caracter\u00edstica es crucial en el mundo m\u00f3vil primero de hoy, donde una parte significativa de su audiencia puede estar navegando por su blog en sus tel\u00e9fonos inteligentes o tabletas.<\/p>\n<p>Blog Designer Pro tambi\u00e9n admite m\u00faltiples idiomas, lo que lo convierte en una herramienta vers\u00e1til para bloggers<\/p>\n","protected":false},"featured_media":165490,"comment_status":"open","ping_status":"open","template":"","meta":[],"product_brand":[2339],"product_cat":[1214,1206,1211],"product_tag":[1256],"class_list":{"0":"post-111554","1":"product","2":"type-product","3":"status-publish","4":"has-post-thumbnail","6":"product_brand-codecanyon","7":"product_cat-personalizacion","8":"product_cat-plugins","9":"product_cat-wordpress-plugins","10":"product_tag-codecanyon","11":"member-discount","12":"discount-restricted","14":"first","15":"instock","16":"sale","17":"downloadable","18":"virtual","19":"sold-individually","20":"purchasable","21":"product-type-simple"},"_links":{"self":[{"href":"https:\/\/gpl-love.com\/es\/wp-json\/wp\/v2\/product\/111554","targetHints":{"allow":["GET"]}}],"collection":[{"href":"https:\/\/gpl-love.com\/es\/wp-json\/wp\/v2\/product"}],"about":[{"href":"https:\/\/gpl-love.com\/es\/wp-json\/wp\/v2\/types\/product"}],"replies":[{"embeddable":true,"href":"https:\/\/gpl-love.com\/es\/wp-json\/wp\/v2\/comments?post=111554"}],"wp:featuredmedia":[{"embeddable":true,"href":"https:\/\/gpl-love.com\/es\/wp-json\/wp\/v2\/media\/165490"}],"wp:attachment":[{"href":"https:\/\/gpl-love.com\/es\/wp-json\/wp\/v2\/media?parent=111554"}],"wp:term":[{"taxonomy":"product_brand","embeddable":true,"href":"https:\/\/gpl-love.com\/es\/wp-json\/wp\/v2\/product_brand?post=111554"},{"taxonomy":"product_cat","embeddable":true,"href":"https:\/\/gpl-love.com\/es\/wp-json\/wp\/v2\/product_cat?post=111554"},{"taxonomy":"product_tag","embeddable":true,"href":"https:\/\/gpl-love.com\/es\/wp-json\/wp\/v2\/product_tag?post=111554"}],"curies":[{"name":"wp","href":"https:\/\/api.w.org\/{rel}","templated":true}]}}