{"id":111552,"date":"2022-03-04T00:00:00","date_gmt":"2022-03-04T05:00:00","guid":{"rendered":"http:\/\/gpl-love.com\/es\/producto\/ryse-seo-and-digital-marketing-wordpress-theme\/"},"modified":"2026-04-10T11:23:36","modified_gmt":"2026-04-10T16:23:36","slug":"ryse-seo-and-digital-marketing-wordpress-theme","status":"publish","type":"product","link":"https:\/\/gpl-love.com\/es\/producto\/ryse-seo-and-digital-marketing-wordpress-theme\/","title":{"rendered":"Ryse SEO y Digital Marketing WordPress Theme 3.2.0"},"content":{"rendered":"<h3>Ryse SEO y Digital Marketing WordPress Theme Caracteristicas<\/h3>\n<p>El tema Ryse SEO y el marketing digital de WordPress es un tema excepcionalmente notable, meticulosamente dise\u00f1ado para facilitar el crecimiento de las empresas mediante estrategias de marketing digital altamente efectivas. Este tema abarca una gran cantidad de caracter\u00edsticas y funcionalidades avanzadas, facilitando as\u00ed la optimizaci\u00f3n perfecta de su sitio web para los motores de b\u00fasqueda y, en \u00faltima instancia, mejorando su visibilidad en l\u00ednea. El tema Ryse, con su dise\u00f1o impecablemente profesional y su interfaz f\u00e1cil de usar, le ofrece la oportunidad incomparable de crear y personalizar su sitio web de una manera que se alinea sin problemas con la esencia misma de su identidad de marca. Ya sea que su objetivo principal es aumentar el tr\u00e1fico de su sitio web, generar un mayor n\u00famero de clientes potenciales o elevar sus conversiones a alturas sin precedentes, tenga la seguridad de que el tema Ryse SEO y el marketing digital de WordPress es precisamente la soluci\u00f3n que ha estado buscando incansablemente.<\/p>\n<ul>\n<li>Totalmente personalizable con Builder visual de arrastre y ca\u00edda visuales f\u00e1ciles de usar<\/li>\n<li>Optimizado para la visibilidad del motor de b\u00fasqueda y la velocidad de carga r\u00e1pida<\/li>\n<li>Incluye una variedad de dise\u00f1os y dise\u00f1os prefabricados para una f\u00e1cil personalizaci\u00f3n<\/li>\n<li>Integrado con complementos de SEO populares para mejorar los esfuerzos de marketing digital<\/li>\n<li>El dise\u00f1o receptivo m\u00f3vil garantiza una experiencia de usuario constante en todos los dispositivos<\/li>\n<li>Incluye caracter\u00edsticas avanzadas como mega men\u00fas y encabezados adhesivos para mejorar la navegaci\u00f3n<\/li>\n<li>Construido con c\u00f3digo limpio y optimizado para mejorar el rendimiento del sitio web<\/li>\n<li>Actualizado regularmente con nuevas caracter\u00edsticas y correcciones de errores para el desarrollo continuo<\/li>\n<li>Documentaci\u00f3n y soporte extenso disponible para una f\u00e1cil resoluci\u00f3n de problemas y personalizaci\u00f3n<\/li>\n<li>Adecuado para empresas de todos los tama\u00f1os que buscan mejorar su presencia en l\u00ednea y los esfuerzos de marketing digital.<\/li>\n<\/ul>\n","protected":false},"excerpt":{"rendered":"<p>Ryse, un robusto tema de WordPress de SEO y marketing digital, ha sido meticulosamente elaborado para atender a empresas con el objetivo de construir una presencia en l\u00ednea indomable. Ofreciendo un dise\u00f1o sin problemas, un dise\u00f1o totalmente personalizable y una variedad de configuraciones de SEO avanzadas, este tema funciona como el arma definitiva para las empresas que anhelan ascender la clasificaci\u00f3n de los resultados de los motores de b\u00fasqueda. Con una interfaz intuitiva y un dise\u00f1o impecablemente refinado, Ryse emerge como la soluci\u00f3n por excelencia para cualquier negocio ambicioso que busque florecer y prosperar en el \u00e1mbito digital.<\/p>\n","protected":false},"featured_media":167387,"comment_status":"open","ping_status":"open","template":"","meta":[],"product_brand":[2337],"product_cat":[1307,1237,1238],"product_tag":[1391],"class_list":{"0":"post-111552","1":"product","2":"type-product","3":"status-publish","4":"has-post-thumbnail","6":"product_brand-themeforest","7":"product_cat-negocio-wordpress-temas","8":"product_cat-temas","9":"product_cat-wordpress-temas","10":"product_tag-themeforest","11":"member-discount","12":"discount-restricted","14":"first","15":"instock","16":"sale","17":"downloadable","18":"virtual","19":"sold-individually","20":"purchasable","21":"product-type-simple"},"_links":{"self":[{"href":"https:\/\/gpl-love.com\/es\/wp-json\/wp\/v2\/product\/111552","targetHints":{"allow":["GET"]}}],"collection":[{"href":"https:\/\/gpl-love.com\/es\/wp-json\/wp\/v2\/product"}],"about":[{"href":"https:\/\/gpl-love.com\/es\/wp-json\/wp\/v2\/types\/product"}],"replies":[{"embeddable":true,"href":"https:\/\/gpl-love.com\/es\/wp-json\/wp\/v2\/comments?post=111552"}],"wp:featuredmedia":[{"embeddable":true,"href":"https:\/\/gpl-love.com\/es\/wp-json\/wp\/v2\/media\/167387"}],"wp:attachment":[{"href":"https:\/\/gpl-love.com\/es\/wp-json\/wp\/v2\/media?parent=111552"}],"wp:term":[{"taxonomy":"product_brand","embeddable":true,"href":"https:\/\/gpl-love.com\/es\/wp-json\/wp\/v2\/product_brand?post=111552"},{"taxonomy":"product_cat","embeddable":true,"href":"https:\/\/gpl-love.com\/es\/wp-json\/wp\/v2\/product_cat?post=111552"},{"taxonomy":"product_tag","embeddable":true,"href":"https:\/\/gpl-love.com\/es\/wp-json\/wp\/v2\/product_tag?post=111552"}],"curies":[{"name":"wp","href":"https:\/\/api.w.org\/{rel}","templated":true}]}}