{"id":111551,"date":"2025-05-26T00:00:00","date_gmt":"2025-05-26T05:00:00","guid":{"rendered":"http:\/\/gpl-love.com\/es\/producto\/hide-my-wp-amazing-security-plugin-for-wordpress\/"},"modified":"2026-03-09T07:42:17","modified_gmt":"2026-03-09T12:42:17","slug":"hide-my-wp-amazing-security-plugin-for-wordpress","status":"publish","type":"product","link":"https:\/\/gpl-love.com\/es\/producto\/hide-my-wp-amazing-security-plugin-for-wordpress\/","title":{"rendered":"Hide My WP Amazing Security Plugin para WordPress 6.2.12"},"content":{"rendered":"<h3>Hide My WP Amazing Security Plugin para WordPress Caracteristicas<\/h3>\n<p>Hide My WP Amazing Security Plugin para WordPress es una herramienta de seguridad incre\u00edblemente robusta que cuenta con una gran cantidad de caracter\u00edsticas avanzadas, que finalmente sirve como una barrera formidable entre su sitio web y los posibles atacantes. Al ocultar los signos reveladores de un sitio de WordPress, este complemento obstruye efectivamente a los piratas inform\u00e1ticos en su b\u00fasqueda para explotar las vulnerabilidades dentro de su plataforma. Adem\u00e1s, fortalece su sitio web contra asaltos comunes, como la inyecci\u00f3n de SQL y la inyecci\u00f3n de script, mientras que simult\u00e1neamente frustra el acceso no autorizado a archivos y directorios cruciales. La naturaleza f\u00e1cil de usar de este complemento garantiza la navegaci\u00f3n sin esfuerzo, y sus capacidades personalizables le permiten adaptar sus medidas de seguridad para alinearse sin problemas con sus necesidades espec\u00edficas. Con My WP My WP protegiendo diligentemente su presencia en l\u00ednea, puede disfrutar de una tranquilidad sin igual, libre de la incesante preocupaci\u00f3n de las amenazas digitales.<\/p>\n<ul>\n<li>Hide My WP es un poderoso complemento de seguridad de WordPress que ayuda a proteger su sitio web de piratas inform\u00e1ticos y ataques maliciosos.<\/li>\n<li>Con la tecnolog\u00eda avanzada, el complemento puede ocultar el hecho de que est\u00e1 utilizando WordPress, lo que dificulta que los hackers detecten y exploten vulnerabilidades.<\/li>\n<li>El complemento es f\u00e1cil de usar y no requiere ning\u00fan conocimiento de codificaci\u00f3n. Simplemente instale y active para comenzar.<\/li>\n<li>Hide My WP viene con varias caracter\u00edsticas de seguridad, incluida la protecci\u00f3n contra el malware, los ataques de fuerza bruta e inyecci\u00f3n de SQL.<\/li>\n<li>El complemento tambi\u00e9n proporciona notificaciones en tiempo real de cualquier amenaza de seguridad, por lo que puede tomar medidas r\u00e1pidamente para evitar cualquier da\u00f1o.<\/li>\n<li>Con su tablero intuitivo, puede monitorear y administrar f\u00e1cilmente todas las funciones de seguridad de su sitio web.<\/li>\n<li>El complemento es compatible con la mayor\u00eda de los temas de WordPress y otros complementos populares, lo que lo convierte en una soluci\u00f3n de seguridad vers\u00e1til para cualquier sitio web.<\/li>\n<li>El complemento se actualiza regularmente para garantizar que se mantenga por delante de las \u00faltimas amenazas de seguridad, proporcion\u00e1ndole la protecci\u00f3n m\u00e1s actualizada para su sitio web.<\/li>\n<\/ul>\n","protected":false},"excerpt":{"rendered":"<p>Hide My WP Amazing Security Plugin para WordPress es una soluci\u00f3n muy avanzada e innovadora que satisface la necesidad imperativa de los propietarios de sitios web para fortalecer la seguridad de sus sitios de WordPress y frustrar efectivamente cualquier posible intento de pirater\u00eda. Adem\u00e1s de su capacidad resuelta para ocultar la informaci\u00f3n crucial sobre el tema y los complementos utilizados de WordPress, este complemento notablemente potente faculta a los usuarios a modificar sin esfuerzo la URL de inicio de sesi\u00f3n de WordPress predeterminada, ofuscan efectivamente la versi\u00f3n de WordPress y erradican completamente cualquier rastro de inactividad de WordPress. Adem\u00e1s, este conjunto de seguridad integral tambi\u00e9n abarca un mecanismo de firewall robusto y un sistema de detecci\u00f3n de intrusos, que monitorea y notifica de inmediato a los usuarios cada vez que cualquier individuo malicioso se esfuerza por infiltrarse y comprometer su sitio web. Por lo tanto, al integrar las capacidades incomparables de Hide My WP, los usuarios pueden estar seguros de que su sitio web de WordPress recibir\u00e1 la m\u00e1xima salvaguardia, asegurando as\u00ed una fortaleza impregnable contra cualquier intrusi\u00f3n indeseable.<\/p>\n","protected":false},"featured_media":166417,"comment_status":"open","ping_status":"open","template":"","meta":[],"product_brand":[2339],"product_cat":[1206,1579,1211],"product_tag":[1256],"class_list":{"0":"post-111551","1":"product","2":"type-product","3":"status-publish","4":"has-post-thumbnail","6":"product_brand-codecanyon","7":"product_cat-plugins","8":"product_cat-rendimiento","9":"product_cat-wordpress-plugins","10":"product_tag-codecanyon","11":"member-discount","12":"discount-restricted","14":"first","15":"instock","16":"sale","17":"downloadable","18":"virtual","19":"sold-individually","20":"purchasable","21":"product-type-simple"},"_links":{"self":[{"href":"https:\/\/gpl-love.com\/es\/wp-json\/wp\/v2\/product\/111551","targetHints":{"allow":["GET"]}}],"collection":[{"href":"https:\/\/gpl-love.com\/es\/wp-json\/wp\/v2\/product"}],"about":[{"href":"https:\/\/gpl-love.com\/es\/wp-json\/wp\/v2\/types\/product"}],"replies":[{"embeddable":true,"href":"https:\/\/gpl-love.com\/es\/wp-json\/wp\/v2\/comments?post=111551"}],"wp:featuredmedia":[{"embeddable":true,"href":"https:\/\/gpl-love.com\/es\/wp-json\/wp\/v2\/media\/166417"}],"wp:attachment":[{"href":"https:\/\/gpl-love.com\/es\/wp-json\/wp\/v2\/media?parent=111551"}],"wp:term":[{"taxonomy":"product_brand","embeddable":true,"href":"https:\/\/gpl-love.com\/es\/wp-json\/wp\/v2\/product_brand?post=111551"},{"taxonomy":"product_cat","embeddable":true,"href":"https:\/\/gpl-love.com\/es\/wp-json\/wp\/v2\/product_cat?post=111551"},{"taxonomy":"product_tag","embeddable":true,"href":"https:\/\/gpl-love.com\/es\/wp-json\/wp\/v2\/product_tag?post=111551"}],"curies":[{"name":"wp","href":"https:\/\/api.w.org\/{rel}","templated":true}]}}