{"id":111549,"date":"2021-09-12T00:00:00","date_gmt":"2021-09-12T05:00:00","guid":{"rendered":"http:\/\/gpl-love.com\/es\/producto\/peakshops-modern-multi-concept-woocommerce-theme\/"},"modified":"2026-04-10T11:21:21","modified_gmt":"2026-04-10T16:21:21","slug":"peakshops-modern-multi-concept-woocommerce-theme","status":"publish","type":"product","link":"https:\/\/gpl-love.com\/es\/producto\/peakshops-modern-multi-concept-woocommerce-theme\/","title":{"rendered":"PeakShops Modern y Multi-Concept WooCommerce Theme 1.5.0"},"content":{"rendered":"<h3>PeakShops Modern y Multi-Concept WooCommerce Theme Caracteristicas<\/h3>\n<p>PeakShops es un tema de WooCommerce altamente avanzado y multifac\u00e9tico que presenta una amplia gama de caracter\u00edsticas y opciones de personalizaci\u00f3n para ayudarlo a elaborar una tienda en l\u00ednea distintiva y sofisticada que no solo se destaca sino que tambi\u00e9n exuda un aura profesional. Independientemente de la naturaleza de su mercanc\u00eda, ya sean art\u00edculos de moda o dispositivos electr\u00f3nicos, PeakShops ofrece un dise\u00f1o est\u00e9ticamente agradable y de vanguardia que se adapta perfectamente a cualquier dispositivo, asegurando una capacidad de respuesta \u00f3ptima. Su versatilidad no conoce l\u00edmites, ya que abarca diversos dise\u00f1os de la p\u00e1gina de inicio, demostraciones predise\u00f1adas y un constructor de p\u00e1ginas de arrastrar y soltar f\u00e1cilmente f\u00e1cil de usar, lo que lo permite adaptar sin esfuerzo su sitio web para alinearse con su identidad de marca, al tiempo que exhibe efectivamente sus productos en sus productos en la luz m\u00e1s cautivadora imaginable. Con un arsenal de atributos indispensables, como un panel de opciones de temas robustos, una integraci\u00f3n perfecta con complementos populares de WordPress, as\u00ed como una asistencia inquebrantable de los desarrolladores de temas, PeakShops personifica el ep\u00edtome de un tema completo Alturas de \u00e9xito y prosperidad.<\/p>\n<ul>\n<li>Un tema de WooCommerce vers\u00e1til y elegante ideal para sitios web modernos de comercio electr\u00f3nico<\/li>\n<li>Presenta m\u00faltiples dise\u00f1os, plantillas y variaciones de demostraci\u00f3n para una experiencia completamente personalizable<\/li>\n<li>Dise\u00f1o limpio y moderno con atenci\u00f3n a la capacidad de respuesta m\u00f3vil para una experiencia de usuario perfecta<\/li>\n<li>F\u00e1cil de usar y personalizar con una edici\u00f3n simple de arrastrar y soltar y widgets preconstruidos<\/li>\n<li>Viene con funciones incorporadas de integraci\u00f3n de redes sociales y optimizaci\u00f3n de motores de b\u00fasqueda<\/li>\n<li>Soporte robusto de comercio electr\u00f3nico que incluye caracter\u00edsticas de carrito y pago, opciones de filtrado de productos y herramientas de administraci\u00f3n<\/li>\n<li>Construido sobre est\u00e1ndares de codificaci\u00f3n modernos y optimizado para velocidades de carga r\u00e1pidas y rendimiento<\/li>\n<li>Actualizaciones de temas regulares y atenci\u00f3n al cliente para mejorar la experiencia del usuario y la soluci\u00f3n de problemas<\/li>\n<li>Ideal para tiendas en l\u00ednea peque\u00f1as a medianas de todo tipo e industrias.<\/li>\n<\/ul>\n","protected":false},"excerpt":{"rendered":"<p>El tema de WooCommerce moderno y m\u00faltiple de Peakshops, reconocido por sus cualidades excepcionales, es una opci\u00f3n excepcional para los sitios web de comercio electr\u00f3nico que requieren un dise\u00f1o contempor\u00e1neo y vers\u00e1til. Este tema de primer nivel est\u00e1 totalmente equipado con una variedad de caracter\u00edsticas avanzadas y cuenta con un dise\u00f1o f\u00e1cilmente personalizable que es capaz de adaptarse a cualquier nicho comercial en l\u00ednea. Con su rendimiento excepcional y su interfaz sin problemas, PeakShops promete otorgar a sus clientes una experiencia de compra incomparable. Independientemente de si opera como minorista, mayorista o proveedor de servicios, este tema de WooCommerce est\u00e1 perfectamente adaptado para adaptarse a cualquier estrategia de crecimiento comercial que pueda tener en cuenta. No pierda la oportunidad de adquirir el tema de WooCommerce moderno y multi-concepto de Peakshops hoy y presenciar la transformaci\u00f3n de su presencia en l\u00ednea a nuevas alturas.<\/p>\n","protected":false},"featured_media":167179,"comment_status":"open","ping_status":"open","template":"","meta":[],"product_brand":[2337],"product_cat":[1263,1264,1237],"product_tag":[1391],"class_list":{"0":"post-111549","1":"product","2":"type-product","3":"status-publish","4":"has-post-thumbnail","6":"product_brand-themeforest","7":"product_cat-comercio-electronico-temas","8":"product_cat-negocio","9":"product_cat-temas","10":"product_tag-themeforest","11":"member-discount","12":"discount-restricted","14":"first","15":"instock","16":"sale","17":"downloadable","18":"virtual","19":"sold-individually","20":"purchasable","21":"product-type-simple"},"_links":{"self":[{"href":"https:\/\/gpl-love.com\/es\/wp-json\/wp\/v2\/product\/111549","targetHints":{"allow":["GET"]}}],"collection":[{"href":"https:\/\/gpl-love.com\/es\/wp-json\/wp\/v2\/product"}],"about":[{"href":"https:\/\/gpl-love.com\/es\/wp-json\/wp\/v2\/types\/product"}],"replies":[{"embeddable":true,"href":"https:\/\/gpl-love.com\/es\/wp-json\/wp\/v2\/comments?post=111549"}],"wp:featuredmedia":[{"embeddable":true,"href":"https:\/\/gpl-love.com\/es\/wp-json\/wp\/v2\/media\/167179"}],"wp:attachment":[{"href":"https:\/\/gpl-love.com\/es\/wp-json\/wp\/v2\/media?parent=111549"}],"wp:term":[{"taxonomy":"product_brand","embeddable":true,"href":"https:\/\/gpl-love.com\/es\/wp-json\/wp\/v2\/product_brand?post=111549"},{"taxonomy":"product_cat","embeddable":true,"href":"https:\/\/gpl-love.com\/es\/wp-json\/wp\/v2\/product_cat?post=111549"},{"taxonomy":"product_tag","embeddable":true,"href":"https:\/\/gpl-love.com\/es\/wp-json\/wp\/v2\/product_tag?post=111549"}],"curies":[{"name":"wp","href":"https:\/\/api.w.org\/{rel}","templated":true}]}}