{"id":111547,"date":"2023-06-06T00:00:00","date_gmt":"2023-06-06T05:00:00","guid":{"rendered":"http:\/\/gpl-love.com\/es\/producto\/ht-script-pro-insert-headers-and-footers-code\/"},"modified":"2026-03-09T07:42:51","modified_gmt":"2026-03-09T12:42:51","slug":"ht-script-pro-insert-headers-and-footers-code","status":"publish","type":"product","link":"https:\/\/gpl-love.com\/es\/producto\/ht-script-pro-insert-headers-and-footers-code\/","title":{"rendered":"HT Script Pro Insert Headers y Footers Code 1.1.0"},"content":{"rendered":"<h3>HT Script Pro Insert Headers y Footers Code Caracteristicas<\/h3>\n<p>El c\u00f3digo HT Script Pro Insert Headers and Footers es una soluci\u00f3n de software muy conveniente y eficiente dise\u00f1ada para satisfacer las necesidades de desarrolladores y dise\u00f1adores web. Ofrece un enfoque simplificado para incorporar sin esfuerzo los encabezados y el c\u00f3digo de los pies en las p\u00e1ginas web HTML. Al eliminar la necesidad de entrada de c\u00f3digo manual, esta herramienta demuestra ser un activo que ahorra tiempo y reduce el esfuerzo. Su compatibilidad con varios navegadores web mejora a\u00fan m\u00e1s su atractivo, lo que lo convierte en una excelente opci\u00f3n tanto para los novatos como para los programadores experimentados. Ya sea que est\u00e9 involucrado en el desarrollo de sitios web personal o profesional, el c\u00f3digo HT Script Pro Insert Headers and Footers es un recurso indispensable que puede mejorar de manera eficiente su flujo de trabajo y amplificar su productividad general.<\/p>\n<ul>\n<li>Insertar o editar encabezados y pies de esfuerzo sin esfuerzo en su sitio web<\/li>\n<li>Compatible con todos los temas de WordPress<\/li>\n<li>No se requiere codificaci\u00f3n o experiencia t\u00e9cnica<\/li>\n<li>Agregar f\u00e1cilmente el c\u00f3digo de seguimiento de Google Analytics, CSS personalizado y m\u00e1s<\/li>\n<li>Ahorre tiempo y aumente la productividad con la gesti\u00f3n de encabezado y pie de p\u00e1gina.<\/li>\n<li>El dise\u00f1o totalmente receptivo garantiza que los encabezados y los pies se vean bien en cualquier dispositivo.<\/li>\n<li>Documentaci\u00f3n integral y atenci\u00f3n al cliente de primer nivel proporcionada<\/li>\n<li>Actualizaciones regulares y nuevas caracter\u00edsticas agregadas para mejorar constantemente la experiencia del usuario<\/li>\n<\/ul>\n","protected":false},"excerpt":{"rendered":"<p>El c\u00f3digo HT Script Pro Insert Headers and Footers es un complemento muy conveniente y f\u00e1cil de usar, que ofrece la capacidad de incorporar c\u00f3digos personalizados en los encabezados y pies de pies de su sitio web. Al utilizar este complemento, puede insertar sin esfuerzo una variedad de elementos de c\u00f3digo, como el c\u00f3digo de Google Analytics, el c\u00f3digo de p\u00edxeles de Facebook o cualquier otro componente de c\u00f3digo personalizado, todo sin la necesidad de modificar manualmente los archivos de temas. Este notable complemento simplifica significativamente el proceso de administraci\u00f3n e integraci\u00f3n de c\u00f3digos en su sitio web, eliminando la necesidad de cualquier habilidad de codificaci\u00f3n avanzada. Adquirir el c\u00f3digo HT Script Pro Insert Headers and Footers inmediatamente para confiscar el control total sobre la personalizaci\u00f3n de los c\u00f3digos de su sitio web.<\/p>\n","protected":false},"featured_media":166443,"comment_status":"open","ping_status":"open","template":"","meta":[],"product_brand":[2339],"product_cat":[1214,1206,1211],"product_tag":[1256],"class_list":{"0":"post-111547","1":"product","2":"type-product","3":"status-publish","4":"has-post-thumbnail","6":"product_brand-codecanyon","7":"product_cat-personalizacion","8":"product_cat-plugins","9":"product_cat-wordpress-plugins","10":"product_tag-codecanyon","11":"member-discount","12":"discount-restricted","14":"first","15":"instock","16":"sale","17":"downloadable","18":"virtual","19":"sold-individually","20":"purchasable","21":"product-type-simple"},"_links":{"self":[{"href":"https:\/\/gpl-love.com\/es\/wp-json\/wp\/v2\/product\/111547","targetHints":{"allow":["GET"]}}],"collection":[{"href":"https:\/\/gpl-love.com\/es\/wp-json\/wp\/v2\/product"}],"about":[{"href":"https:\/\/gpl-love.com\/es\/wp-json\/wp\/v2\/types\/product"}],"replies":[{"embeddable":true,"href":"https:\/\/gpl-love.com\/es\/wp-json\/wp\/v2\/comments?post=111547"}],"wp:featuredmedia":[{"embeddable":true,"href":"https:\/\/gpl-love.com\/es\/wp-json\/wp\/v2\/media\/166443"}],"wp:attachment":[{"href":"https:\/\/gpl-love.com\/es\/wp-json\/wp\/v2\/media?parent=111547"}],"wp:term":[{"taxonomy":"product_brand","embeddable":true,"href":"https:\/\/gpl-love.com\/es\/wp-json\/wp\/v2\/product_brand?post=111547"},{"taxonomy":"product_cat","embeddable":true,"href":"https:\/\/gpl-love.com\/es\/wp-json\/wp\/v2\/product_cat?post=111547"},{"taxonomy":"product_tag","embeddable":true,"href":"https:\/\/gpl-love.com\/es\/wp-json\/wp\/v2\/product_tag?post=111547"}],"curies":[{"name":"wp","href":"https:\/\/api.w.org\/{rel}","templated":true}]}}