{"id":111546,"date":"2022-02-26T00:00:00","date_gmt":"2022-02-26T05:00:00","guid":{"rendered":"http:\/\/gpl-love.com\/es\/producto\/all-in-one-support-button\/"},"modified":"2026-03-09T07:17:39","modified_gmt":"2026-03-09T12:17:39","slug":"all-in-one-support-button","status":"publish","type":"product","link":"https:\/\/gpl-love.com\/es\/producto\/all-in-one-support-button\/","title":{"rendered":"All in One Support Button 2.2.4"},"content":{"rendered":"<h3>All in One Support Button Caracteristicas<\/h3>\n<p>El bot\u00f3n All One Support es una herramienta incre\u00edblemente robusta y efectiva que agiliza y mejora dr\u00e1sticamente la atenci\u00f3n al cliente para empresas de todos los tama\u00f1os e industrias. Este bot\u00f3n innovador sirve como una soluci\u00f3n \u00fanica, otorga a los clientes acceso sin esfuerzo a una amplia gama de canales de soporte, que incluyen chat en vivo, soporte telef\u00f3nico y asistencia por correo electr\u00f3nico.<\/p>\n<p>Lo que distingue a este bot\u00f3n de soporte de sus competidores es su notable flexibilidad y adaptabilidad. Cuenta con un alto nivel de personalizaci\u00f3n, lo que permite a las empresas adaptar sin problemas la experiencia de soporte para alinearse con su identidad de marca \u00fanica y sus necesidades espec\u00edficas. Ya sea el esquema de color, el estilo de fuente o incluso la ubicaci\u00f3n en el sitio web o la aplicaci\u00f3n, las empresas tienen un control completo sobre c\u00f3mo se ve y funciona el bot\u00f3n.<\/p>\n<p>Adem\u00e1s, el bot\u00f3n All One Support est\u00e1 dise\u00f1ado para ser altamente visible y f\u00e1cilmente descubierta, asegurando que los clientes nunca tengan que luchar para localizarlo. Al mostrar prominentemente este bot\u00f3n en sus plataformas en l\u00ednea, las empresas eliminan efectivamente cualquier posible frustraci\u00f3n o confusi\u00f3n que los clientes puedan encontrar al buscar soporte. Este enfoque f\u00e1cil de usar no solo mejora la satisfacci\u00f3n del cliente, sino que tambi\u00e9n mejora significativamente la eficiencia general del proceso de soporte.<\/p>\n<p>Los beneficios de implementar este bot\u00f3n de soporte son realmente notables. Al simplificar y centralizar la atenci\u00f3n al cliente, las empresas pueden cultivar una experiencia m\u00e1s positiva y perfecta para sus valiosos clientes. Esto, a su vez, conduce a niveles de satisfacci\u00f3n elevados, en \u00faltima instancia, lo que aumenta la lealtad y las tasas de retenci\u00f3n de los clientes. Al invertir en el bot\u00f3n All One Support, las empresas pueden mejorar de manera proactiva su infraestructura de soporte, asegurando que sus clientes reciban la asistencia de primer nivel que merecen y fomentan las relaciones a largo plazo basadas en la confianza y la satisfacci\u00f3n.<\/p>\n<ul>\n<li>Bot\u00f3n de soporte f\u00e1cil de instalar que se puede agregar a cualquier sitio web<\/li>\n<li>Ofrece m\u00faltiples opciones para que los clientes se comuniquen con el soporte, incluidos el tel\u00e9fono, el correo electr\u00f3nico y el chat en vivo<\/li>\n<li>Ayuda a optimizar las consultas de los clientes y reducir el tiempo de respuesta<\/li>\n<li>Dise\u00f1o personalizable para que coincida con la apariencia de su sitio web<\/li>\n<li>Se integra con plataformas de mesa de ayuda populares, incluidas Zendesk y Freshdesk<\/li>\n<li>Incluye an\u00e1lisis para rastrear las solicitudes de atenci\u00f3n al cliente y los tiempos de respuesta<\/li>\n<li>Compatible con todos los principales navegadores y dispositivos web<\/li>\n<li>Ofrece una alternativa rentable para contratar personal de apoyo adicional<\/li>\n<li>Aumenta la satisfacci\u00f3n del cliente al proporcionar un f\u00e1cil acceso a los servicios de soporte<\/li>\n<li>Ahorra tiempo y recursos consolidando m\u00faltiples canales de soporte en una soluci\u00f3n f\u00e1cil de usar<\/li>\n<\/ul>\n","protected":false},"excerpt":{"rendered":"<p>\u00bfBusca una forma perfecta de conectarse con sus clientes? No busque m\u00e1s que nuestro bot\u00f3n de soporte todo en uno. Esta herramienta innovadora proporciona una soluci\u00f3n integral para sus necesidades de servicio al cliente. Es m\u00e1s que un simple bot\u00f3n; Ofrece una funci\u00f3n de chat en vivo, soporte por correo electr\u00f3nico e incluso conectividad en las redes sociales. Con nuestro bot\u00f3n de soporte, puede administrar todas las interacciones de los clientes en un solo lugar, asegurando un servicio suave, eficiente y receptivo. Desde responder consultas hasta resolver problemas, este bot\u00f3n es su herramienta final para un excelente servicio al cliente. Experimente el valor que aporta a su negocio hoy.<\/p>\n","protected":false},"featured_media":165352,"comment_status":"open","ping_status":"open","template":"","meta":[],"product_brand":[2339],"product_cat":[1214,1206,1211],"product_tag":[1256],"class_list":{"0":"post-111546","1":"product","2":"type-product","3":"status-publish","4":"has-post-thumbnail","6":"product_brand-codecanyon","7":"product_cat-personalizacion","8":"product_cat-plugins","9":"product_cat-wordpress-plugins","10":"product_tag-codecanyon","11":"member-discount","12":"discount-restricted","14":"first","15":"instock","16":"sale","17":"downloadable","18":"virtual","19":"sold-individually","20":"purchasable","21":"product-type-simple"},"_links":{"self":[{"href":"https:\/\/gpl-love.com\/es\/wp-json\/wp\/v2\/product\/111546","targetHints":{"allow":["GET"]}}],"collection":[{"href":"https:\/\/gpl-love.com\/es\/wp-json\/wp\/v2\/product"}],"about":[{"href":"https:\/\/gpl-love.com\/es\/wp-json\/wp\/v2\/types\/product"}],"replies":[{"embeddable":true,"href":"https:\/\/gpl-love.com\/es\/wp-json\/wp\/v2\/comments?post=111546"}],"wp:featuredmedia":[{"embeddable":true,"href":"https:\/\/gpl-love.com\/es\/wp-json\/wp\/v2\/media\/165352"}],"wp:attachment":[{"href":"https:\/\/gpl-love.com\/es\/wp-json\/wp\/v2\/media?parent=111546"}],"wp:term":[{"taxonomy":"product_brand","embeddable":true,"href":"https:\/\/gpl-love.com\/es\/wp-json\/wp\/v2\/product_brand?post=111546"},{"taxonomy":"product_cat","embeddable":true,"href":"https:\/\/gpl-love.com\/es\/wp-json\/wp\/v2\/product_cat?post=111546"},{"taxonomy":"product_tag","embeddable":true,"href":"https:\/\/gpl-love.com\/es\/wp-json\/wp\/v2\/product_tag?post=111546"}],"curies":[{"name":"wp","href":"https:\/\/api.w.org\/{rel}","templated":true}]}}