{"id":111543,"date":"2025-08-31T00:00:00","date_gmt":"2025-08-31T05:00:00","guid":{"rendered":"http:\/\/gpl-love.com\/es\/producto\/yith-woocommerce-featured-audio-video-content-premium\/"},"modified":"2026-03-13T17:34:23","modified_gmt":"2026-03-13T22:34:23","slug":"yith-woocommerce-featured-audio-video-content-premium","status":"publish","type":"product","link":"https:\/\/gpl-love.com\/es\/producto\/yith-woocommerce-featured-audio-video-content-premium\/","title":{"rendered":"YITH Featured Audio y Video Content Premium 1.50.0"},"content":{"rendered":"<h3>YITH Featured Audio y Video Content Premium Caracteristicas<\/h3>\n<p>La prima de contenido de audio y video destacado es un complemento notablemente sofisticado que empodera a los propietarios de sitios web con la capacidad de exhibir su contenido de audio y video de una manera est\u00e9ticamente agradable. Al hacer uso de este ingenioso complemento, los usuarios tienen la capacidad de incrustar videos sin esfuerzo de plataformas populares como YouTube o Vimeo y los exhiben art\u00edsticamente en un control deslizante o en formato de cuadr\u00edcula en su sitio web. Adem\u00e1s, este complemento ofrece a los usuarios la comodidad de cargar archivos de audio en una multitud de formatos, lo que les brinda la libertad de presentar dicho contenido de audio en un reproductor de audio a medida que tiene la capacidad de ser meticulosamente estilizado para combinar sin problemas con el dise\u00f1o general de su sitio web. . En particular, este complemento tambi\u00e9n cuenta con una variedad de caracter\u00edsticas que implican funcionalidades de video autom\u00e1tica, bucle y videos apagados, todas las cuales se pueden adaptar para cumplir con los requisitos espec\u00edficos de los propietarios de sitios web individuales. Adem\u00e1s, los botones y subt\u00edtulos personalizables contribuyen a\u00fan m\u00e1s al atractivo y la versatilidad de este complemento. Al adoptar su prima de contenido de audio y video destacado, los propietarios de sitios web tienen la invaluable oportunidad de mostrar efectivamente su contenido multimedia, elevando as\u00ed la experiencia general del usuario en su estimado sitio.<\/p>\n<ul>\n<li>Permite al usuario agregar contenido de audio y video a su sitio web f\u00e1cilmente<\/li>\n<li>Compatible con WordPress, haciendo que la instalaci\u00f3n y la configuraci\u00f3n sean muy f\u00e1ciles<\/li>\n<li>Permite la personalizaci\u00f3n de la apariencia y el dise\u00f1o del contenido destacado<\/li>\n<li>Admite varios formatos de archivo de audio y video, incluidos videos MP3, WAV y YouTube<\/li>\n<li>Proporciona un dise\u00f1o receptivo, asegurando la compatibilidad con diferentes tama\u00f1os de pantalla y dispositivos<\/li>\n<li>Ofrece soporte dedicado y actualizaciones regulares del equipo yith<\/li>\n<li>Mejora la participaci\u00f3n del usuario y la interactividad del sitio web a trav\u00e9s del contenido multimedia<\/li>\n<li>Se puede utilizar en cualquier nicho de sitio web, incluidos blogs, comercio electr\u00f3nico, noticias y sitios web multimedia<\/li>\n<li>Proporciona flexibilidad con la visualizaci\u00f3n de contenido presentado en la p\u00e1gina de inicio, barra lateral o cualquier otra p\u00e1gina del sitio web<\/li>\n<li>Optimiza la velocidad de carga del sitio web, minimizando el impacto del contenido multimedia en el rendimiento del sitio web.<\/li>\n<\/ul>\n","protected":false},"excerpt":{"rendered":"<p>Su contenido de audio y video destacado es un complemento excepcionalmente robusto y navegable sin esfuerzo que le otorga la capacidad de exhibir su contenido de audio y video de una manera exquisitamente cautivadora y est\u00e9ticamente atractiva. Con una extensa gama de caracter\u00edsticas personalizables y compatibilidad con plataformas medianas l\u00edderes como YouTube y Vimeo, este complemento premium representa el ep\u00edtome absoluto de una soluci\u00f3n ideal para las personas que buscan aumentar su sitio web con un contenido multimedia asombroso. Distingues de las masas y aprovecha la atenci\u00f3n indivisa de tu audiencia incorporando tu prima de contenido de audio y video destacado.<\/p>\n","protected":false},"featured_media":168623,"comment_status":"open","ping_status":"open","template":"","meta":[],"product_brand":[2391],"product_cat":[1207,1248,1206],"product_tag":[1462],"class_list":{"0":"post-111543","1":"product","2":"type-product","3":"status-publish","4":"has-post-thumbnail","6":"product_brand-yith","7":"product_cat-comercio-electronico-plugins","8":"product_cat-personalizacion-comercio-electronico-plugins","9":"product_cat-plugins","10":"product_tag-yith","11":"member-discount","12":"discount-restricted","14":"first","15":"instock","16":"sale","17":"downloadable","18":"virtual","19":"sold-individually","20":"purchasable","21":"product-type-simple"},"_links":{"self":[{"href":"https:\/\/gpl-love.com\/es\/wp-json\/wp\/v2\/product\/111543","targetHints":{"allow":["GET"]}}],"collection":[{"href":"https:\/\/gpl-love.com\/es\/wp-json\/wp\/v2\/product"}],"about":[{"href":"https:\/\/gpl-love.com\/es\/wp-json\/wp\/v2\/types\/product"}],"replies":[{"embeddable":true,"href":"https:\/\/gpl-love.com\/es\/wp-json\/wp\/v2\/comments?post=111543"}],"wp:featuredmedia":[{"embeddable":true,"href":"https:\/\/gpl-love.com\/es\/wp-json\/wp\/v2\/media\/168623"}],"wp:attachment":[{"href":"https:\/\/gpl-love.com\/es\/wp-json\/wp\/v2\/media?parent=111543"}],"wp:term":[{"taxonomy":"product_brand","embeddable":true,"href":"https:\/\/gpl-love.com\/es\/wp-json\/wp\/v2\/product_brand?post=111543"},{"taxonomy":"product_cat","embeddable":true,"href":"https:\/\/gpl-love.com\/es\/wp-json\/wp\/v2\/product_cat?post=111543"},{"taxonomy":"product_tag","embeddable":true,"href":"https:\/\/gpl-love.com\/es\/wp-json\/wp\/v2\/product_tag?post=111543"}],"curies":[{"name":"wp","href":"https:\/\/api.w.org\/{rel}","templated":true}]}}