{"id":111541,"date":"2025-07-07T00:00:00","date_gmt":"2025-07-07T05:00:00","guid":{"rendered":"http:\/\/gpl-love.com\/es\/producto\/yellow-pencil-visual-css-style-editor\/"},"modified":"2026-03-09T08:32:46","modified_gmt":"2026-03-09T13:32:46","slug":"yellow-pencil-visual-css-style-editor","status":"publish","type":"product","link":"https:\/\/gpl-love.com\/es\/producto\/yellow-pencil-visual-css-style-editor\/","title":{"rendered":"Yellow Pencil Visual CSS Style Editor 7.6.7"},"content":{"rendered":"<h3>Yellow Pencil Visual CSS Style Editor Caracteristicas<\/h3>\n<p>El editor de estilo CSS CSS Visual de Yellow Pencil es una herramienta de vanguardia que se ha creado meticulosamente para ayudar a los dise\u00f1adores y desarrolladores de la web a elaborar sin esfuerzo p\u00e1ginas web visualmente impresionantes. Este complemento notable est\u00e1 equipado con una interfaz intuitiva de arrastrar y soltar, asegurando que los usuarios puedan adaptar sin esfuerzo la est\u00e9tica y el ambiente de su sitio web en tiempo real. La naturaleza inmensamente f\u00e1cil de usar del l\u00e1piz amarillo permite a las personas modificar a la perfecci\u00f3n estilos de fuentes, colores, m\u00e1rgenes y una variedad de otros elementos de dise\u00f1o, todo sin la necesidad de profundizar en las complejidades de la codificaci\u00f3n. Adem\u00e1s, el complemento cuenta con una extensa gama de estilos y animaciones preexistentes, lo que brinda a los usuarios la oportunidad de dise\u00f1ar dise\u00f1os verdaderamente excepcionales y cautivadores que garanticen captar la atenci\u00f3n. Ya sea que uno sea un novato o un profesional experimentado dentro del \u00e1mbito del desarrollo web, Yellow Pencil resulta invaluable para racionalizar el proceso de dise\u00f1o y facilitar la r\u00e1pida creaci\u00f3n de p\u00e1ginas web impresionantes.<\/p>\n<ul>\n<li>Editar y personalizar f\u00e1cilmente el estilo de c\u00f3digo CSS para su sitio web<\/li>\n<li>La interfaz intuitiva permite cambios r\u00e1pidos y simples<\/li>\n<li>Admite m\u00faltiples selectores y propiedades para una edici\u00f3n completa<\/li>\n<li>La vista previa en tiempo real le muestra exactamente c\u00f3mo se ver\u00e1n sus cambios en su sitio web<\/li>\n<li>Compatible con marcos CSS populares como Bootstrap y Foundation<\/li>\n<li>La funci\u00f3n de copiar y pegar de un solo clic facilita la transferencia de su c\u00f3digo editado a su sitio web<\/li>\n<li>Ligero y r\u00e1pido, minimizando cualquier impacto en el rendimiento de su sitio web<\/li>\n<li>Precios simples sin tarifas o suscripciones recurrentes<\/li>\n<li>Las actualizaciones y el soporte regulares aseguran un producto confiable y actualizado.<\/li>\n<\/ul>\n","protected":false},"excerpt":{"rendered":"<p>El editor de estilo CSS Visual CSS de Yellow Pencil se presenta como un instrumento robusto y capaz con el prop\u00f3sito de generar sitios web visualmente recolectores y altamente sofisticados. Con una interfaz que prioriza la facilidad de uso y una variedad de herramientas que exigen un esfuerzo m\u00ednimo para operar, este editor erradica efectivamente la necesidad de codificar cuando se trata de elaborar estilos CSS personalizados. Independientemente del nivel de especializaci\u00f3n en el campo del desarrollo web, el l\u00e1piz amarillo proporciona a las personas con todos los recursos necesarios para garantizar que su sitio web surja como una entidad excepcional dentro de la vasta extensi\u00f3n del reino en l\u00ednea. Por lo tanto, ser\u00eda prudente aprovechar esta oportunidad y comenzar a emplear un l\u00e1piz amarillo lo antes posible, impulsando as\u00ed el dise\u00f1o del sitio web a alturas sin precedentes.<\/p>\n","protected":false},"featured_media":168574,"comment_status":"open","ping_status":"open","template":"","meta":[],"product_brand":[2339],"product_cat":[1214,1206,1211],"product_tag":[1256],"class_list":{"0":"post-111541","1":"product","2":"type-product","3":"status-publish","4":"has-post-thumbnail","6":"product_brand-codecanyon","7":"product_cat-personalizacion","8":"product_cat-plugins","9":"product_cat-wordpress-plugins","10":"product_tag-codecanyon","11":"member-discount","12":"discount-restricted","14":"first","15":"instock","16":"sale","17":"downloadable","18":"virtual","19":"sold-individually","20":"purchasable","21":"product-type-simple"},"_links":{"self":[{"href":"https:\/\/gpl-love.com\/es\/wp-json\/wp\/v2\/product\/111541","targetHints":{"allow":["GET"]}}],"collection":[{"href":"https:\/\/gpl-love.com\/es\/wp-json\/wp\/v2\/product"}],"about":[{"href":"https:\/\/gpl-love.com\/es\/wp-json\/wp\/v2\/types\/product"}],"replies":[{"embeddable":true,"href":"https:\/\/gpl-love.com\/es\/wp-json\/wp\/v2\/comments?post=111541"}],"wp:featuredmedia":[{"embeddable":true,"href":"https:\/\/gpl-love.com\/es\/wp-json\/wp\/v2\/media\/168574"}],"wp:attachment":[{"href":"https:\/\/gpl-love.com\/es\/wp-json\/wp\/v2\/media?parent=111541"}],"wp:term":[{"taxonomy":"product_brand","embeddable":true,"href":"https:\/\/gpl-love.com\/es\/wp-json\/wp\/v2\/product_brand?post=111541"},{"taxonomy":"product_cat","embeddable":true,"href":"https:\/\/gpl-love.com\/es\/wp-json\/wp\/v2\/product_cat?post=111541"},{"taxonomy":"product_tag","embeddable":true,"href":"https:\/\/gpl-love.com\/es\/wp-json\/wp\/v2\/product_tag?post=111541"}],"curies":[{"name":"wp","href":"https:\/\/api.w.org\/{rel}","templated":true}]}}