{"id":111539,"date":"2025-09-22T00:00:00","date_gmt":"2025-09-22T05:00:00","guid":{"rendered":"http:\/\/gpl-love.com\/es\/producto\/all-products-for-woocommerce-subscriptions\/"},"modified":"2026-03-09T07:17:41","modified_gmt":"2026-03-09T12:17:41","slug":"all-products-for-woocommerce-subscriptions","status":"publish","type":"product","link":"https:\/\/gpl-love.com\/es\/producto\/all-products-for-woocommerce-subscriptions\/","title":{"rendered":"All Products para WooCommerce Subscriptions 6.0.7"},"content":{"rendered":"<h3>All Products para WooCommerce Subscriptions Caracteristicas<\/h3>\n<p>Todos los productos para suscripciones de WooCommerce son un complemento incre\u00edblemente robusto y rico en funciones que le permite generar y administrar productos basados \u200b\u200ben suscripci\u00f3n sin esfuerzo dentro de su tienda WooCommerce. Este complemento innovador le otorga la capacidad de proporcionar a sus estimados clientes una gran cantidad de opciones de suscripci\u00f3n, que abarca la conveniencia de pagos recurrentes, atractivas pruebas de productos, as\u00ed como descuentos irresistibles. Adem\u00e1s, se le otorga la capacidad de establecer planes de suscripci\u00f3n que satisfagan a productos individuales, categor\u00edas de productos o incluso toda su tienda, lo que le brinda una flexibilidad y adaptabilidad incomparables. Adem\u00e1s, este complemento f\u00e1cil de usar cuenta con una amplia gama de opciones de personalizaci\u00f3n, lo que le permite adaptar meticulosamente sus productos de suscripci\u00f3n para alinearse perfectamente con sus distintos requisitos y preferencias. Independientemente de si se especializa en la venta de descargas digitales, productos o servicios tangibles, la indispensabilidad de todos los productos para suscripciones de WooCommerce es indiscutible, que representa una herramienta esencial que todo propietario de la tienda de WooCommerce dedicada debe poseer para optimizar y reforzar sus flujos de ingresos recurrentes.<\/p>\n<ul>\n<li>Una soluci\u00f3n integral para ofrecer planes de suscripci\u00f3n para productos de WooCommerce<\/li>\n<li>Le permite crear y administrar m\u00faltiples planes de suscripci\u00f3n con diferentes precios y intervalos de facturaci\u00f3n<\/li>\n<li>Permite una gesti\u00f3n de renovaci\u00f3n f\u00e1cil, pagos autom\u00e1ticos y notificaciones de correo electr\u00f3nico personalizadas<\/li>\n<li>Ofrece una amplia gama de soporte de pasarela de pago, que incluye PayPal, Stripe y m\u00e1s<\/li>\n<li>Viene con herramientas de informes y an\u00e1lisis f\u00e1ciles de usar para ayudarlo a rastrear los datos de ventas y suscriptores<\/li>\n<li>Compatible con una variedad de tipos de productos de WooCommerce, incluidos productos digitales y variables<\/li>\n<li>Admite escenarios de suscripci\u00f3n complejos como pruebas gratuitas, tarifas de registro y facturaci\u00f3n prorrateada<\/li>\n<li>Proporciona una integraci\u00f3n perfecta con complementos populares de WooCommerce como complementos de productos, productos compuestos y m\u00e1s<\/li>\n<li>Le ayuda a aumentar los ingresos y la retenci\u00f3n de los clientes al ofrecer opciones de suscripci\u00f3n flexibles a sus clientes.<\/li>\n<\/ul>\n","protected":false},"excerpt":{"rendered":"<p>Experimente el poder de flexibilidad y control con todos los productos para suscripciones de WooCommerce. Este complemento integral de WordPress le permite crear y administrar productos y servicios, convirti\u00e9ndolos en ofertas de suscripci\u00f3n. Es la soluci\u00f3n perfecta para las empresas que buscan establecer un flujo de ingresos estable y proporcionar a sus clientes un proceso de suscripci\u00f3n sin problemas. Las caracter\u00edsticas clave incluyen la capacidad de agregar planes de suscripci\u00f3n a productos existentes, m\u00faltiples horarios de facturaci\u00f3n y la opci\u00f3n de hacer que los clientes cambien entre los planes de suscripci\u00f3n. Con todos los productos para suscripciones de WooCommerce, no solo vende productos, sino que tambi\u00e9n ofrece valor y conveniencia.<\/p>\n","protected":false},"featured_media":165354,"comment_status":"open","ping_status":"open","template":"","meta":[],"product_brand":[2344],"product_cat":[1384,1207,1206],"product_tag":[1423],"class_list":{"0":"post-111539","1":"product","2":"type-product","3":"status-publish","4":"has-post-thumbnail","6":"product_brand-woocommerce","7":"product_cat-afiliacion-comercio-electronico-plugins","8":"product_cat-comercio-electronico-plugins","9":"product_cat-plugins","10":"product_tag-woocommerce","11":"member-discount","12":"discount-restricted","14":"first","15":"instock","16":"sale","17":"downloadable","18":"virtual","19":"sold-individually","20":"purchasable","21":"product-type-simple"},"_links":{"self":[{"href":"https:\/\/gpl-love.com\/es\/wp-json\/wp\/v2\/product\/111539","targetHints":{"allow":["GET"]}}],"collection":[{"href":"https:\/\/gpl-love.com\/es\/wp-json\/wp\/v2\/product"}],"about":[{"href":"https:\/\/gpl-love.com\/es\/wp-json\/wp\/v2\/types\/product"}],"replies":[{"embeddable":true,"href":"https:\/\/gpl-love.com\/es\/wp-json\/wp\/v2\/comments?post=111539"}],"wp:featuredmedia":[{"embeddable":true,"href":"https:\/\/gpl-love.com\/es\/wp-json\/wp\/v2\/media\/165354"}],"wp:attachment":[{"href":"https:\/\/gpl-love.com\/es\/wp-json\/wp\/v2\/media?parent=111539"}],"wp:term":[{"taxonomy":"product_brand","embeddable":true,"href":"https:\/\/gpl-love.com\/es\/wp-json\/wp\/v2\/product_brand?post=111539"},{"taxonomy":"product_cat","embeddable":true,"href":"https:\/\/gpl-love.com\/es\/wp-json\/wp\/v2\/product_cat?post=111539"},{"taxonomy":"product_tag","embeddable":true,"href":"https:\/\/gpl-love.com\/es\/wp-json\/wp\/v2\/product_tag?post=111539"}],"curies":[{"name":"wp","href":"https:\/\/api.w.org\/{rel}","templated":true}]}}