{"id":111533,"date":"2024-02-12T00:00:00","date_gmt":"2024-02-12T05:00:00","guid":{"rendered":"http:\/\/gpl-love.com\/es\/producto\/css-hero-visual-css-editor-customize-wordpress-themes-live\/"},"modified":"2026-03-09T07:25:13","modified_gmt":"2026-03-09T12:25:13","slug":"css-hero-visual-css-editor-customize-wordpress-themes-live","status":"publish","type":"product","link":"https:\/\/gpl-love.com\/es\/producto\/css-hero-visual-css-editor-customize-wordpress-themes-live\/","title":{"rendered":"CSS Hero Visual CSS Editor Customize WordPress Themes Live 5.1.0"},"content":{"rendered":"<h3>CSS Hero Visual CSS Editor Customize WordPress Themes Live Caracteristicas<\/h3>\n<p>El editor CSS Visual CSS de CSS es una herramienta incre\u00edblemente innovadora e innovadora que otorga a los usuarios la capacidad de personalizar los temas de WordPress en un entorno en vivo. Cuenta con una interfaz f\u00e1cil de usar que permite a las personas modificar sin esfuerzo la apariencia general de su sitio web, todo sin necesidad de ninguna experiencia de codificaci\u00f3n. Esta notable herramienta ofrece una amplia gama de opciones de personalizaci\u00f3n que otorgan a los usuarios la capacidad de ajustar varios aspectos, como fuentes, colores, dise\u00f1o y mucho m\u00e1s. Lo que realmente distingue a esta herramienta es su funci\u00f3n de edici\u00f3n en tiempo real, que permite a los usuarios presenciar los cambios que realizan mientras los hacen. Esta incre\u00edble caracter\u00edstica permite una experimentaci\u00f3n perfecta hasta que uno logra su est\u00e9tica deseada. Independientemente de si uno es un desarrollador novato o experimentado, el editor de CSS Hero Visual CSS agiliza sin esfuerzo el proceso de personalizar un sitio de WordPress, ahorrando en \u00faltima instancia a los usuarios cantidades sustanciales de tiempo y esfuerzo, al tiempo que producen resultados visualmente impresionantes.<\/p>\n<ul>\n<li>CSS Hero es un editor visual de CSS que le permite personalizar los temas de WordPress en vivo.<\/li>\n<li>Con CSS Hero, puede editar f\u00e1cilmente el dise\u00f1o de su sitio web sin ning\u00fan conocimiento o habilidad de codificaci\u00f3n.<\/li>\n<li>El editor visual le permite ver sus cambios en tiempo real, sin tener que actualizar la p\u00e1gina.<\/li>\n<li>Puede personalizar todos los aspectos de su tema de WordPress, incluidas fuentes, colores, fondos y m\u00e1s.<\/li>\n<li>CSS Hero es compatible con todos los temas de WordPress y funciona con todos los complementos populares.<\/li>\n<li>La interfaz de apuntar y hacer clic facilita la realizaci\u00f3n de cambios y ver los resultados de inmediato.<\/li>\n<li>Con CSS Hero, puedes ahorrar tiempo y dinero evitando la necesidad de contratar a un desarrollador o dise\u00f1ador.<\/li>\n<li>El tablero f\u00e1cil de usar le permite administrar todo el dise\u00f1o CSS de su sitio web desde un solo lugar.<\/li>\n<li>Con una biblioteca de preajustes de estilo prefabricado, puede aplicar r\u00e1pidamente dise\u00f1os de aspecto profesional a su sitio web.<\/li>\n<li>CSS Hero siempre est\u00e1 actualizado con las \u00faltimas tendencias de dise\u00f1o web, asegurando que su sitio web siempre se vea fresco y moderno.<\/li>\n<\/ul>\n","protected":false},"excerpt":{"rendered":"<p>Experimente el poder de la edici\u00f3n en tiempo real con el editor CSS CSS de CSS Hero. Esta herramienta din\u00e1mica le permite personalizar los temas de WordPress en vivo, lo que le brinda un control incomparable sobre la est\u00e9tica de su sitio web. Con CSS Hero, tienes la libertad de ajustar todos los aspectos de tu tema, desde fuentes y colores hasta el dise\u00f1o y el espacio. Su interfaz f\u00e1cil de usar est\u00e1 dise\u00f1ada tanto para la codificaci\u00f3n de profesionales como de novatos, que ofrece una gama de opciones desde edici\u00f3n de c\u00f3digo directo hasta un enfoque simple de apuntar y hacer clic. Mejore el atractivo visual, la experiencia del usuario y el rendimiento general de su sitio con CSS Hero. Dire su creatividad y establezca su identidad de marca \u00fanica en l\u00ednea. Comience hoy su viaje con CSS Hero y aproveche al m\u00e1ximo sus temas de WordPress.<\/p>\n","protected":false},"featured_media":165687,"comment_status":"open","ping_status":"open","template":"","meta":[],"product_brand":[2402],"product_cat":[1214,1206,1211],"product_tag":[1778],"class_list":{"0":"post-111533","1":"product","2":"type-product","3":"status-publish","4":"has-post-thumbnail","6":"product_brand-css-hero","7":"product_cat-personalizacion","8":"product_cat-plugins","9":"product_cat-wordpress-plugins","10":"product_tag-css-hero","11":"member-discount","12":"discount-restricted","14":"first","15":"instock","16":"sale","17":"downloadable","18":"virtual","19":"sold-individually","20":"purchasable","21":"product-type-simple"},"_links":{"self":[{"href":"https:\/\/gpl-love.com\/es\/wp-json\/wp\/v2\/product\/111533","targetHints":{"allow":["GET"]}}],"collection":[{"href":"https:\/\/gpl-love.com\/es\/wp-json\/wp\/v2\/product"}],"about":[{"href":"https:\/\/gpl-love.com\/es\/wp-json\/wp\/v2\/types\/product"}],"replies":[{"embeddable":true,"href":"https:\/\/gpl-love.com\/es\/wp-json\/wp\/v2\/comments?post=111533"}],"wp:featuredmedia":[{"embeddable":true,"href":"https:\/\/gpl-love.com\/es\/wp-json\/wp\/v2\/media\/165687"}],"wp:attachment":[{"href":"https:\/\/gpl-love.com\/es\/wp-json\/wp\/v2\/media?parent=111533"}],"wp:term":[{"taxonomy":"product_brand","embeddable":true,"href":"https:\/\/gpl-love.com\/es\/wp-json\/wp\/v2\/product_brand?post=111533"},{"taxonomy":"product_cat","embeddable":true,"href":"https:\/\/gpl-love.com\/es\/wp-json\/wp\/v2\/product_cat?post=111533"},{"taxonomy":"product_tag","embeddable":true,"href":"https:\/\/gpl-love.com\/es\/wp-json\/wp\/v2\/product_tag?post=111533"}],"curies":[{"name":"wp","href":"https:\/\/api.w.org\/{rel}","templated":true}]}}