{"id":111531,"date":"2025-09-11T00:00:00","date_gmt":"2025-09-11T05:00:00","guid":{"rendered":"http:\/\/gpl-love.com\/es\/producto\/wordpress-auto-spinner-articles-rewriter-plugin\/"},"modified":"2026-03-09T08:27:11","modified_gmt":"2026-03-09T13:27:11","slug":"wordpress-auto-spinner-articles-rewriter-plugin","status":"publish","type":"product","link":"https:\/\/gpl-love.com\/es\/producto\/wordpress-auto-spinner-articles-rewriter-plugin\/","title":{"rendered":"WordPress Auto Spinner Articles Rewriter Plugin 3.27.0"},"content":{"rendered":"<h3>WordPress Auto Spinner Articles Rewriter Plugin Caracteristicas<\/h3>\n<p>El complemento de Rewriter de WordPress Auto Spinner es una herramienta altamente encomiable que ayuda a la creaci\u00f3n de contenido \u00fanico y novedoso para su sitio web o blog. Al girar y reescribir autom\u00e1ticamente sus art\u00edculos preexistentes, mejora su legibilidad y cautiva a los lectores de manera m\u00e1s efectiva. El complemento cuenta con funcionalidad f\u00e1cil de usar y abarca una amplia gama de caracter\u00edsticas que facilitan la personalizaci\u00f3n de la salida para alinearse con sus requisitos espec\u00edficos. Al adoptar el spinner autom\u00e1tico de WordPress, puede economizar el tiempo y el esfuerzo, todo mientras eleva el calibre y la importancia de su contenido. Independientemente de si asume el papel de un blogger, vendedor o propietario de negocios, este complemento resulta indispensable para las personas que buscan amplificar su presencia en l\u00ednea y aumentar el tr\u00e1fico a su sitio web.<\/p>\n<ul>\n<li>Reescribir autom\u00e1ticamente los art\u00edculos para crear contenido \u00fanico<\/li>\n<li>Se integra con WordPress para girar f\u00e1cilmente los art\u00edculos dentro de la plataforma<\/li>\n<li>Utiliza tecnolog\u00eda de hilado inteligente para preservar la legibilidad y el significado<\/li>\n<li>Ofrece m\u00faltiples opciones de giro para adaptar el nivel de singularidad<\/li>\n<li>Viene con una base de datos de sin\u00f3nimos incorporado para un spinning r\u00e1pido y f\u00e1cil<\/li>\n<li>Compatible con todos los temas y complementos principales<\/li>\n<li>Se puede utilizar para fines personales y comerciales<\/li>\n<li>Ahorra tiempo y esfuerzo automatizando el proceso de reescritura<\/li>\n<li>Perfecto para blogueros, creadores de contenido y profesionales de SEO<\/li>\n<li>Proporciona una soluci\u00f3n rentable para generar contenido \u00fanico a escala<\/li>\n<\/ul>\n","protected":false},"excerpt":{"rendered":"<p>El complemento de Rewriter de WordPress Auto Spinner se ha desarrollado meticulosamente para ofrecer asistencia incomparable en la automatizaci\u00f3n de la creaci\u00f3n de contenido. En virtud de su algoritmo altamente sofisticado, este complemento revolucionario posee la capacidad de transformar ingeniosamente sus art\u00edculos en interpretaciones distintivas que no solo est\u00e1n optimizadas por motores de b\u00fasqueda sino tambi\u00e9n notablemente \u00fanicos. En consecuencia, esta herramienta invaluable est\u00e1 preparada para minimizar no solo el tiempo y el esfuerzo requeridos para generar contenido nuevo, sino tambi\u00e9n aumentar la clasificaci\u00f3n del motor de b\u00fasqueda de su estimado sitio web. Ya sea que sea un blogger consumado, un vendedor astuto o un propietario de un negocio visionario, tenga la seguridad de que el complemento de reescritores de los art\u00edculos de WordPress Auto Spinner es la soluci\u00f3n por excelencia para elaborar contenido superlativo que se destaca sin esfuerzo entre la multitud.<\/p>\n","protected":false},"featured_media":168340,"comment_status":"open","ping_status":"open","template":"","meta":[],"product_brand":[2339],"product_cat":[1232,1206,1211],"product_tag":[1256],"class_list":{"0":"post-111531","1":"product","2":"type-product","3":"status-publish","4":"has-post-thumbnail","6":"product_brand-codecanyon","7":"product_cat-marketing-wordpress-plugins","8":"product_cat-plugins","9":"product_cat-wordpress-plugins","10":"product_tag-codecanyon","11":"member-discount","12":"discount-restricted","14":"first","15":"instock","16":"sale","17":"downloadable","18":"virtual","19":"sold-individually","20":"purchasable","21":"product-type-simple"},"_links":{"self":[{"href":"https:\/\/gpl-love.com\/es\/wp-json\/wp\/v2\/product\/111531","targetHints":{"allow":["GET"]}}],"collection":[{"href":"https:\/\/gpl-love.com\/es\/wp-json\/wp\/v2\/product"}],"about":[{"href":"https:\/\/gpl-love.com\/es\/wp-json\/wp\/v2\/types\/product"}],"replies":[{"embeddable":true,"href":"https:\/\/gpl-love.com\/es\/wp-json\/wp\/v2\/comments?post=111531"}],"wp:featuredmedia":[{"embeddable":true,"href":"https:\/\/gpl-love.com\/es\/wp-json\/wp\/v2\/media\/168340"}],"wp:attachment":[{"href":"https:\/\/gpl-love.com\/es\/wp-json\/wp\/v2\/media?parent=111531"}],"wp:term":[{"taxonomy":"product_brand","embeddable":true,"href":"https:\/\/gpl-love.com\/es\/wp-json\/wp\/v2\/product_brand?post=111531"},{"taxonomy":"product_cat","embeddable":true,"href":"https:\/\/gpl-love.com\/es\/wp-json\/wp\/v2\/product_cat?post=111531"},{"taxonomy":"product_tag","embeddable":true,"href":"https:\/\/gpl-love.com\/es\/wp-json\/wp\/v2\/product_tag?post=111531"}],"curies":[{"name":"wp","href":"https:\/\/api.w.org\/{rel}","templated":true}]}}