{"id":111522,"date":"2024-03-27T00:00:00","date_gmt":"2024-03-27T05:00:00","guid":{"rendered":"http:\/\/gpl-love.com\/es\/producto\/wp-frontend-admin-premium\/"},"modified":"2026-03-09T08:28:15","modified_gmt":"2026-03-09T13:28:15","slug":"wp-frontend-admin-premium","status":"publish","type":"product","link":"https:\/\/gpl-love.com\/es\/producto\/wp-frontend-admin-premium\/","title":{"rendered":"WP Frontend Admin Premium 1.20.0"},"content":{"rendered":"<h3>WP Frontend Admin Premium Caracteristicas<\/h3>\n<p>WP Frontend Admin Premium es un complemento de WordPress extremadamente formidable que le brinda la capacidad f\u00e1cil de supervisar eficazmente el backend de su sitio web directamente desde la interfaz. Con la utilizaci\u00f3n de este complemento incomparable, est\u00e1 dotado de la capacidad distintiva de personalizar su tablero, engender publicaciones y p\u00e1ginas novedosas, administrar comentarios y realizar numerosas otras tareas esenciales, todo desprovisto de la necesidad de autenticarse en el backend. El complemento se acompa\u00f1a de una mir\u00edada de herramientas y caracter\u00edsticas invaluables, incluida la facilitaci\u00f3n perfecta de la gesti\u00f3n de roles del usuario, la provisi\u00f3n de soporte CSS y JS personalizado, as\u00ed como la inclusi\u00f3n de un constructor de p\u00e1ginas de arrastre incre\u00edblemente vers\u00e1til. Ya sea que sea un propietario de un sitio web exigente o un desarrollador experimentado, WP Frontend Admin Premium le otorga un enfoque extremadamente instintivo y notablemente eficiente para administrar h\u00e1bilmente su sitio de WordPress.<\/p>\n<ul>\n<li>Administre f\u00e1cilmente su sitio de WordPress desde el front-end<\/li>\n<li>Crear un tablero personalizado con widgets de arrastre y ca\u00edda<\/li>\n<li>Otorgar acceso a usuarios espec\u00edficos para acciones espec\u00edficas<\/li>\n<li>Editar publicaciones, p\u00e1ginas y otro contenido directamente desde el front-end<\/li>\n<li>Haga cambios en el dise\u00f1o global en su sitio sin acceder al tablero<\/li>\n<li>Cree formularios y encuestas personalizadas para que sus visitantes se complete<\/li>\n<li>Personalice la p\u00e1gina de inicio de sesi\u00f3n\/registro con su propia marca y logotipo<\/li>\n<li>Compatible con constructores de p\u00e1ginas populares y temas<\/li>\n<li>Ofrecer experiencia de usuario superior a sus clientes<\/li>\n<li>Reduzca la curva de aprendizaje para aquellos que son nuevos en WordPress.<\/li>\n<\/ul>\n","protected":false},"excerpt":{"rendered":"<p>WP Frontend Admin Premium es un complemento incre\u00edblemente robusto y formidable que le brinda la tremenda oportunidad de personalizar y adaptar ampliamente el panel administrativo de WordPress directamente desde la interfaz de su sitio web. Mediante este complemento extraordinario, tiene la capacidad de elaborar y fabricar paneles, men\u00fas y widgets a medida y especializados, men\u00fas y widgets que se adaptan con precisi\u00f3n para cumplir y satisfacer sus requisitos y preferencias \u00fanicos e individuales. Adem\u00e1s, la conveniencia y la facilidad con las que puede administrar y supervisar de manera h\u00e1bil y eficiente una multitud de tareas y elementos esenciales como publicaciones, p\u00e1ginas, comentarios, configuraciones y varios otros componentes vitales, sin ser necesarios para acceder al backend de Su sitio web es realmente incomparable e incomparable. Este complemento inequ\u00edvocamente innegable e innegable y notable no solo es invaluable, sino que tambi\u00e9n es absolutamente indispensable, ya sea que sea un desarrollador, dise\u00f1ador o comercializador de contenido, ya que innegamente e incontestablemente acelera y racionaliza su flujo de trabajo y aumenta su productividad y eficiencia general a extraordinaria. y niveles sin precedentes.<\/p>\n","protected":false},"featured_media":168387,"comment_status":"open","ping_status":"open","template":"","meta":[],"product_brand":[2623],"product_cat":[1212,1206,1211],"product_tag":[1776],"class_list":{"0":"post-111522","1":"product","2":"type-product","3":"status-publish","4":"has-post-thumbnail","6":"product_brand-wp-frontend-admin","7":"product_cat-administracion-wordpress-plugins","8":"product_cat-plugins","9":"product_cat-wordpress-plugins","10":"product_tag-wp-frontend-admin","11":"member-discount","12":"discount-restricted","14":"first","15":"instock","16":"sale","17":"downloadable","18":"virtual","19":"sold-individually","20":"purchasable","21":"product-type-simple"},"_links":{"self":[{"href":"https:\/\/gpl-love.com\/es\/wp-json\/wp\/v2\/product\/111522","targetHints":{"allow":["GET"]}}],"collection":[{"href":"https:\/\/gpl-love.com\/es\/wp-json\/wp\/v2\/product"}],"about":[{"href":"https:\/\/gpl-love.com\/es\/wp-json\/wp\/v2\/types\/product"}],"replies":[{"embeddable":true,"href":"https:\/\/gpl-love.com\/es\/wp-json\/wp\/v2\/comments?post=111522"}],"wp:featuredmedia":[{"embeddable":true,"href":"https:\/\/gpl-love.com\/es\/wp-json\/wp\/v2\/media\/168387"}],"wp:attachment":[{"href":"https:\/\/gpl-love.com\/es\/wp-json\/wp\/v2\/media?parent=111522"}],"wp:term":[{"taxonomy":"product_brand","embeddable":true,"href":"https:\/\/gpl-love.com\/es\/wp-json\/wp\/v2\/product_brand?post=111522"},{"taxonomy":"product_cat","embeddable":true,"href":"https:\/\/gpl-love.com\/es\/wp-json\/wp\/v2\/product_cat?post=111522"},{"taxonomy":"product_tag","embeddable":true,"href":"https:\/\/gpl-love.com\/es\/wp-json\/wp\/v2\/product_tag?post=111522"}],"curies":[{"name":"wp","href":"https:\/\/api.w.org\/{rel}","templated":true}]}}