{"id":111518,"date":"2026-02-18T00:00:00","date_gmt":"2026-02-18T05:00:00","guid":{"rendered":"http:\/\/gpl-love.com\/es\/producto\/electro-electronics-store-woocommerce-theme\/"},"modified":"2026-03-13T17:19:57","modified_gmt":"2026-03-13T22:19:57","slug":"electro-electronics-store-woocommerce-theme","status":"publish","type":"product","link":"https:\/\/gpl-love.com\/es\/producto\/electro-electronics-store-woocommerce-theme\/","title":{"rendered":"Electro Electronics Store WooCommerce Theme 3.6.7"},"content":{"rendered":"<h3>Electro Electronics Store WooCommerce Theme Caracteristicas<\/h3>\n<p>El tema de WooCommerce de la tienda Electro Electronics demuestra ser una opci\u00f3n excepcional para las personas que se aventuran en el \u00e1mbito del comercio minorista en l\u00ednea, particularmente aquellos que se especializan en la venta de productos electr\u00f3nicos. Este tema meticulosamente elaborado cuenta con una est\u00e9tica elegante y contempor\u00e1nea, promoviendo una experiencia de usuario sin esfuerzo al facilitar la navegaci\u00f3n perfecta y garantizar que los clientes encuentren sin esfuerzo sus art\u00edculos deseados. Como una ventaja adicional, este tema abarca una variedad de caracter\u00edsticas impresionantes, incluida la capacidad de comparar productos, acceder a las opciones de vista r\u00e1pida y disfrutar de una selecci\u00f3n infinita de esquemas de color para adaptar la presentaci\u00f3n visual de la tienda. Con su vers\u00e1til gama de dise\u00f1os de la p\u00e1gina de inicio y una gran cantidad de p\u00e1ginas predise\u00f1adas, configurar su tienda se convierte en una brisa absoluta. Abrace el potencial ilimitado que ofrece el tema de WooCommerce de la tienda Electro Electronics, lo que le permite exhibir sus productos electr\u00f3nicos de una manera que exude profesionalismo y facilidad de uso, lo que finalmente impulsa un aumento exponencial en las cifras de ventas.<\/p>\n<ul>\n<li>Un tema de WooCommerce profesional y moderno dise\u00f1ado espec\u00edficamente para tiendas de electr\u00f3nica<\/li>\n<li>Totalmente receptivo, asegurando que su sitio web se vea muy bien en cualquier dispositivo<\/li>\n<li>Personalizaci\u00f3n f\u00e1cil utilizando la herramienta Visual Page Builder<\/li>\n<li>Incluye m\u00faltiples plantillas predise\u00f1adas para su p\u00e1gina de inicio, productos y categor\u00edas de productos.<\/li>\n<li>Capacidad para clasificar y mostrar sus productos utilizando filtros de productos y opciones de clasificaci\u00f3n<\/li>\n<li>Integrado con las pasarelas de pago populares como PayPal y Stripe<\/li>\n<li>Opciones para mostrar las calificaciones y revisiones de los clientes para generar confianza y aumentar las conversiones<\/li>\n<li>Altamente optimizado para SEO, asegurando la m\u00e1xima visibilidad y tr\u00e1fico a su sitio web<\/li>\n<li>Actualizaciones regulares y soporte dedicado de los desarrolladores de temas<\/li>\n<li>Compatible con la \u00faltima versi\u00f3n de WordPress y WooCommerce.<\/li>\n<\/ul>\n","protected":false},"excerpt":{"rendered":"<p>El tema de WooCommerce de la tienda Electro Electronics es una plantilla de comercio electr\u00f3nico contempor\u00e1nea y exquisitamente dise\u00f1ada que se adapta perfectamente para las tiendas de electr\u00f3nica. Cuenta con un dise\u00f1o completamente receptivo que se adapta sin esfuerzo a diferentes tama\u00f1os de pantalla, garantizando una experiencia de navegaci\u00f3n perfecta para los usuarios en varios dispositivos. Adem\u00e1s, este tema ofrece una gran cantidad de opciones personalizables, lo que le permite crear su propio emporio en l\u00ednea que muestra efectivamente sus productos excepcionales y amplifica significativamente sus cifras de ventas.<br \/>\nAl adoptar los \u00faltimos avances en el desarrollo web, el tema de WooCommerce de la tienda Electro Electronics incorpora una variedad de caracter\u00edsticas robustas que satisfacen diligentemente las necesidades tanto de comerciantes como de clientes. Por ejemplo, la inclusi\u00f3n de un filtro de productos f\u00e1cil de usar facilita la navegaci\u00f3n de productos sin esfuerzo, lo que permite a los visitantes encontrar r\u00e1pidamente los art\u00edculos que desean. Adem\u00e1s, el tema proporciona opciones de dise\u00f1o de productos vers\u00e1tiles, lo que le permite exhibir con buen gusto su mercanc\u00eda de una manera que mejor se adapte a su identidad de marca.<\/p>\n","protected":false},"featured_media":165928,"comment_status":"open","ping_status":"open","template":"","meta":[],"product_brand":[2337],"product_cat":[1263,1264,1237],"product_tag":[1391],"class_list":{"0":"post-111518","1":"product","2":"type-product","3":"status-publish","4":"has-post-thumbnail","6":"product_brand-themeforest","7":"product_cat-comercio-electronico-temas","8":"product_cat-negocio","9":"product_cat-temas","10":"product_tag-themeforest","11":"member-discount","12":"discount-restricted","14":"first","15":"instock","16":"sale","17":"downloadable","18":"virtual","19":"sold-individually","20":"purchasable","21":"product-type-simple"},"_links":{"self":[{"href":"https:\/\/gpl-love.com\/es\/wp-json\/wp\/v2\/product\/111518","targetHints":{"allow":["GET"]}}],"collection":[{"href":"https:\/\/gpl-love.com\/es\/wp-json\/wp\/v2\/product"}],"about":[{"href":"https:\/\/gpl-love.com\/es\/wp-json\/wp\/v2\/types\/product"}],"replies":[{"embeddable":true,"href":"https:\/\/gpl-love.com\/es\/wp-json\/wp\/v2\/comments?post=111518"}],"wp:featuredmedia":[{"embeddable":true,"href":"https:\/\/gpl-love.com\/es\/wp-json\/wp\/v2\/media\/165928"}],"wp:attachment":[{"href":"https:\/\/gpl-love.com\/es\/wp-json\/wp\/v2\/media?parent=111518"}],"wp:term":[{"taxonomy":"product_brand","embeddable":true,"href":"https:\/\/gpl-love.com\/es\/wp-json\/wp\/v2\/product_brand?post=111518"},{"taxonomy":"product_cat","embeddable":true,"href":"https:\/\/gpl-love.com\/es\/wp-json\/wp\/v2\/product_cat?post=111518"},{"taxonomy":"product_tag","embeddable":true,"href":"https:\/\/gpl-love.com\/es\/wp-json\/wp\/v2\/product_tag?post=111518"}],"curies":[{"name":"wp","href":"https:\/\/api.w.org\/{rel}","templated":true}]}}