{"id":111516,"date":"2025-10-21T00:00:00","date_gmt":"2025-10-21T05:00:00","guid":{"rendered":"http:\/\/gpl-love.com\/es\/producto\/max-mega-menu-pro-wordpress-mega-menu-plugin\/"},"modified":"2026-03-09T07:49:01","modified_gmt":"2026-03-09T12:49:01","slug":"max-mega-menu-pro-wordpress-mega-menu-plugin","status":"publish","type":"product","link":"https:\/\/gpl-love.com\/es\/producto\/max-mega-menu-pro-wordpress-mega-menu-plugin\/","title":{"rendered":"Max Mega Menu Pro WordPress Mega Menu Plugin 2.4.4"},"content":{"rendered":"<h3>Max Mega Menu Pro WordPress Mega Menu Plugin Caracteristicas<\/h3>\n<p>Max Mega Menu Pro es un complemento de men\u00fa de mega extremadamente potente que est\u00e1 espec\u00edficamente dise\u00f1ado para WordPress, lo que permite a los usuarios crear men\u00fas sin esfuerzo que no solo son visualmente impresionantes, sino que tambi\u00e9n son ricos en funciones. La interfaz del complemento ofrece una funcionalidad de arrastre y ca\u00edda notablemente intuitiva, que permite la adici\u00f3n perfecta de men\u00fas, submen\u00fas y elementos de men\u00fa al sitio web de uno. Adem\u00e1s, este complemento cuenta con una amplia gama de opciones de personalizaci\u00f3n, lo que brinda a los usuarios la capacidad de ajustar una amplia gama de elementos, como colores de men\u00fa, fuentes, efectos de animaci\u00f3n y posicionamiento. Adem\u00e1s, los usuarios tienen la capacidad de aumentar sus elementos de men\u00fa con una variedad de caracter\u00edsticas que llaman la atenci\u00f3n, a saber, widgets, im\u00e1genes e \u00edconos. Como tal, independientemente de si el sitio web de uno es una tienda de comercio electr\u00f3nico, un blog o una plataforma corporativa, Max Mega Menu Pro es inequ\u00edvocamente la soluci\u00f3n definitiva para elevar la experiencia de navegaci\u00f3n y mejorar la interfaz de usuario general.<\/p>\n<ul>\n<li>Crea mega men\u00fas intuitivos y personalizables para tu sitio de WordPress<\/li>\n<li>Agregue im\u00e1genes, iconos, widgets y HTML personalizado a los elementos de su men\u00fa para una funcionalidad y dise\u00f1o mejorados<\/li>\n<li>Elija entre una amplia gama de estilos y plantillas personalizables para adaptarse a sus necesidades de marca y dise\u00f1o<\/li>\n<li>Cree diferentes dise\u00f1os de men\u00fa, incluidas columnas, pesta\u00f1as y men\u00fas de flyout.<\/li>\n<li>Los mega men\u00fas son totalmente receptivos y amigables para los dispositivos m\u00f3viles, asegurando una experiencia de usuario perfecta en cualquier dispositivo<\/li>\n<li>Integre sin problemas con su tema de WordPress existente sin tocar ning\u00fan c\u00f3digo<\/li>\n<li>Mostrar men\u00fas basados \u200b\u200ben roles de usuario, tipos de dispositivos o p\u00e1ginas espec\u00edficas para crear una experiencia de men\u00fa personalizada para sus usuarios<\/li>\n<li>Soporte incorporado para WooCommerce, lo que significa que puede agregar f\u00e1cilmente categor\u00edas de productos, etiquetas y m\u00e1s a su men\u00fa<\/li>\n<li>Una gama de caracter\u00edsticas convenientes, como la integraci\u00f3n de cuadros de b\u00fasqueda, la integraci\u00f3n de Google Maps y los desplegables de nivel m\u00faltiple hacen que Max Mega Menu Pro el complemento de men\u00fa Mega WordPress Ultimate.<\/li>\n<\/ul>\n","protected":false},"excerpt":{"rendered":"<p>Max Mega Menu Pro es un complemento muy robusto y rico en funciones que ofrece capacidades incomparables para elaborar mega men\u00fas personalizados en su sitio web de WordPress. Con una interfaz incre\u00edblemente intuitiva y una gran cantidad de amplias opciones de personalizaci\u00f3n, esta herramienta notable le permite a los men\u00fas visualmente impresionantes y funcionales sin esfuerzo que elevan la navegaci\u00f3n de su sitio web a alturas sin precedentes y al mismo tiempo aumentar la experiencia del usuario. Entre su mir\u00edada de funcionalidades avanzadas, este complemento excepcional incluye soporte integral para iconos, men\u00fas desplegables, barras de b\u00fasqueda y una variedad de otras caracter\u00edsticas atractivas. Sin lugar a dudas, Max Mega Menu Pro surge como la soluci\u00f3n por excelencia para las personas que buscan impulsar el men\u00fa de su sitio web a niveles incomparables de sofisticaci\u00f3n y delicadeza.<\/p>\n","protected":false},"featured_media":166707,"comment_status":"open","ping_status":"open","template":"","meta":[],"product_brand":[2494],"product_cat":[1214,1206,1211],"product_tag":[2129],"class_list":{"0":"post-111516","1":"product","2":"type-product","3":"status-publish","4":"has-post-thumbnail","6":"product_brand-max-mega-menu","7":"product_cat-personalizacion","8":"product_cat-plugins","9":"product_cat-wordpress-plugins","10":"product_tag-max-mega-menu","11":"member-discount","12":"discount-restricted","14":"first","15":"instock","16":"sale","17":"downloadable","18":"virtual","19":"sold-individually","20":"purchasable","21":"product-type-simple"},"_links":{"self":[{"href":"https:\/\/gpl-love.com\/es\/wp-json\/wp\/v2\/product\/111516","targetHints":{"allow":["GET"]}}],"collection":[{"href":"https:\/\/gpl-love.com\/es\/wp-json\/wp\/v2\/product"}],"about":[{"href":"https:\/\/gpl-love.com\/es\/wp-json\/wp\/v2\/types\/product"}],"replies":[{"embeddable":true,"href":"https:\/\/gpl-love.com\/es\/wp-json\/wp\/v2\/comments?post=111516"}],"wp:featuredmedia":[{"embeddable":true,"href":"https:\/\/gpl-love.com\/es\/wp-json\/wp\/v2\/media\/166707"}],"wp:attachment":[{"href":"https:\/\/gpl-love.com\/es\/wp-json\/wp\/v2\/media?parent=111516"}],"wp:term":[{"taxonomy":"product_brand","embeddable":true,"href":"https:\/\/gpl-love.com\/es\/wp-json\/wp\/v2\/product_brand?post=111516"},{"taxonomy":"product_cat","embeddable":true,"href":"https:\/\/gpl-love.com\/es\/wp-json\/wp\/v2\/product_cat?post=111516"},{"taxonomy":"product_tag","embeddable":true,"href":"https:\/\/gpl-love.com\/es\/wp-json\/wp\/v2\/product_tag?post=111516"}],"curies":[{"name":"wp","href":"https:\/\/api.w.org\/{rel}","templated":true}]}}