{"id":111514,"date":"2025-12-15T00:00:00","date_gmt":"2025-12-15T05:00:00","guid":{"rendered":"http:\/\/gpl-love.com\/es\/producto\/essential-grid-gallery-wordpress-plugin\/"},"modified":"2026-03-31T17:15:29","modified_gmt":"2026-03-31T22:15:29","slug":"essential-grid-gallery-wordpress-plugin","status":"publish","type":"product","link":"https:\/\/gpl-love.com\/es\/producto\/essential-grid-gallery-wordpress-plugin\/","title":{"rendered":"Essential Grid Gallery WordPress Plugin 3.1.12"},"content":{"rendered":"<h3>Essential Grid Gallery WordPress Plugin Caracteristicas<\/h3>\n<p>El complemento de WordPress de la Galer\u00eda Essential Grid, conocido por sus capacidades excepcionales en la elaboraci\u00f3n de galer\u00edas y cuadr\u00edculas notables en los sitios web, es una herramienta ejemplar. Su interfaz simplista y f\u00e1cil de usar permite a los usuarios adaptar sin esfuerzo la red para adaptarse al estilo y el dise\u00f1o \u00fanicos de su sitio web. Este complemento cuenta con una extensa gama de caracter\u00edsticas, que abarca la capacidad de generar galer\u00edas ilimitadas, seleccionar entre una gran cantidad de opciones de dise\u00f1o e incorporar filtros y efectos personalizados para mejorar el atractivo visual de las im\u00e1genes. Adem\u00e1s, el complemento de la galer\u00eda de cuadr\u00edcula esencial exhibe una capacidad de respuesta completa, asegurando la pantalla perfecta de galer\u00edas en cualquier dispositivo. Independientemente de la vocaci\u00f3n de uno como blogger, fot\u00f3grafo o propietario de negocios, el complemento de la Galer\u00eda de Grid esencial surge como un instrumento indispensable para exhibir contenido cautivador.<\/p>\n<ul>\n<li>Complemento de galer\u00eda vers\u00e1til para sitios web de WordPress<\/li>\n<li>Permite a los usuarios crear cuadr\u00edculas din\u00e1micas y personalizadas para mostrar im\u00e1genes y otros medios<\/li>\n<li>Admite una amplia gama de tipos de medios que incluyen im\u00e1genes, videos y archivos de audio<\/li>\n<li>Viene con m\u00e1s de 30 pieles predise\u00f1adas que se pueden aplicar f\u00e1cilmente a las galer\u00edas<\/li>\n<li>Ofrece una interfaz de arrastrar y soltar para personalizaci\u00f3n simple<\/li>\n<li>Opciones de dise\u00f1o m\u00faltiples que incluyen dise\u00f1os de mamposter\u00eda, justificado y carrusel<\/li>\n<li>Galer\u00edas amigables para dispositivos m\u00f3viles y receptivos que se muestran perfectamente en todos los dispositivos<\/li>\n<li>Ofrece una gama de opciones de caja de luz para mostrar medios de una manera atractiva e interactiva<\/li>\n<li>Se integra a la perfecci\u00f3n con WooCommerce, lo que permite a los usuarios exhibir productos de una manera visualmente atractiva<\/li>\n<li>Ofrece una variedad de efectos de animaci\u00f3n y desplazamiento para dar vida a las galer\u00edas<\/li>\n<\/ul>\n","protected":false},"excerpt":{"rendered":"<p>Essential Grid Gallery WordPress Plugin es una herramienta incre\u00edblemente robusta y potente que permite a los usuarios crear sin esfuerzo galer\u00edas de fotos y videos visualmente llamativos y cautivadores para sus sitios web. Este complemento ofrece una gran cantidad de caracter\u00edsticas personalizables que otorgan a las personas la capacidad de mostrar su contenido de una manera extremadamente din\u00e1mica y cautivadora. Independientemente de si uno desea enfatizar sus productos, servicios o esfuerzos art\u00edsticos, Essential Grid Gallery simplifica el proceso de dise\u00f1ar galer\u00edas exquisitamente hermosas que garanticen que dejar\u00e1 una impresi\u00f3n duradera en todos los visitantes. Adem\u00e1s, este complemento cuenta con un dise\u00f1o receptivo y una interfaz f\u00e1cil de usar, lo que lo convierte en una joya absoluta tanto para los usuarios de WordPress para principiantes y experimentados.<\/p>\n","protected":false},"featured_media":166020,"comment_status":"open","ping_status":"open","template":"","meta":[],"product_brand":[2339],"product_cat":[1214,1206,1211],"product_tag":[1256],"class_list":{"0":"post-111514","1":"product","2":"type-product","3":"status-publish","4":"has-post-thumbnail","6":"product_brand-codecanyon","7":"product_cat-personalizacion","8":"product_cat-plugins","9":"product_cat-wordpress-plugins","10":"product_tag-codecanyon","11":"member-discount","12":"discount-restricted","14":"first","15":"instock","16":"sale","17":"downloadable","18":"virtual","19":"sold-individually","20":"purchasable","21":"product-type-simple"},"_links":{"self":[{"href":"https:\/\/gpl-love.com\/es\/wp-json\/wp\/v2\/product\/111514","targetHints":{"allow":["GET"]}}],"collection":[{"href":"https:\/\/gpl-love.com\/es\/wp-json\/wp\/v2\/product"}],"about":[{"href":"https:\/\/gpl-love.com\/es\/wp-json\/wp\/v2\/types\/product"}],"replies":[{"embeddable":true,"href":"https:\/\/gpl-love.com\/es\/wp-json\/wp\/v2\/comments?post=111514"}],"wp:featuredmedia":[{"embeddable":true,"href":"https:\/\/gpl-love.com\/es\/wp-json\/wp\/v2\/media\/166020"}],"wp:attachment":[{"href":"https:\/\/gpl-love.com\/es\/wp-json\/wp\/v2\/media?parent=111514"}],"wp:term":[{"taxonomy":"product_brand","embeddable":true,"href":"https:\/\/gpl-love.com\/es\/wp-json\/wp\/v2\/product_brand?post=111514"},{"taxonomy":"product_cat","embeddable":true,"href":"https:\/\/gpl-love.com\/es\/wp-json\/wp\/v2\/product_cat?post=111514"},{"taxonomy":"product_tag","embeddable":true,"href":"https:\/\/gpl-love.com\/es\/wp-json\/wp\/v2\/product_tag?post=111514"}],"curies":[{"name":"wp","href":"https:\/\/api.w.org\/{rel}","templated":true}]}}