{"id":111512,"date":"2025-12-23T00:00:00","date_gmt":"2025-12-23T05:00:00","guid":{"rendered":"http:\/\/gpl-love.com\/es\/producto\/wp-fastest-cache-premium-wordpress-cache-plugin\/"},"modified":"2026-03-09T08:28:11","modified_gmt":"2026-03-09T13:28:11","slug":"wp-fastest-cache-premium-wordpress-cache-plugin","status":"publish","type":"product","link":"https:\/\/gpl-love.com\/es\/producto\/wp-fastest-cache-premium-wordpress-cache-plugin\/","title":{"rendered":"WP Fastest Cache Premium WordPress Cache Plugin 1.7.6"},"content":{"rendered":"<h3>WP Fastest Cache Premium WordPress Cache Plugin Caracteristicas<\/h3>\n<p>La utilizaci\u00f3n del complemento de cach\u00e9 de WordPress de Cache Word de WP m\u00e1s r\u00e1pido se recomienda para los propietarios de sitios web que buscan mejorar el rendimiento y la experiencia del usuario de su sitio web de WordPress. Esta herramienta de almacenamiento de almacenamiento excepcional aumenta significativamente la velocidad de carga de su sitio web al administrar competentemente todos los intrincados procesos de almacenamiento en cach\u00e9 en segundo plano. Como resultado, los visitantes de su sitio pueden disfrutar de una experiencia de navegaci\u00f3n m\u00e1s r\u00e1pida y perfecta. El cach\u00e9 m\u00e1s r\u00e1pido de WP no solo facilita la limpieza sin esfuerzo del cach\u00e9 de su sitio, sino que tambi\u00e9n proporciona la funcionalidad para minificar convenientemente los archivos CSS y JS, junto con la capacidad de combinar archivos para la carga acelerada. Adem\u00e1s, este complemento ofrece soporte para la integraci\u00f3n de CDN y la optimizaci\u00f3n m\u00f3vil, que elevan a\u00fan m\u00e1s la accesibilidad y la facilidad de uso de su sitio web. En esencia, el complemento de cach\u00e9 de WordPress Premium de WP m\u00e1s r\u00e1pido de WP es un activo indispensable para cualquier propietario de un sitio web exigente que se comprometa a optimizar el rendimiento general de su sitio y mejorar la experiencia general del usuario.<\/p>\n<ul>\n<li>Mejora la velocidad de carga del sitio web<\/li>\n<li>Aumenta el rendimiento del sitio web<\/li>\n<li>Reduce la carga del servidor<\/li>\n<li>Aumenta la clasificaci\u00f3n del sitio web<\/li>\n<li>Admite la integraci\u00f3n de CDN<\/li>\n<li>Habilita la optimizaci\u00f3n de la base de datos<\/li>\n<li>Ofrece limpieza autom\u00e1tica de cach\u00e9<\/li>\n<li>Permite la minificaci\u00f3n de los archivos HTML, CSS y JavaScript<\/li>\n<li>Proporciona la funci\u00f3n de optimizaci\u00f3n de im\u00e1genes<\/li>\n<li>Asegura una integraci\u00f3n perfecta con otros complementos populares de WordPress<\/li>\n<li>Ofrece interfaz f\u00e1cil de usar y f\u00e1cil de usar<\/li>\n<li>Proporciona atenci\u00f3n al cliente y actualizaciones peri\u00f3dicas<\/li>\n<\/ul>\n","protected":false},"excerpt":{"rendered":"<p>\u00a1Ac\u00e9tate a los tiempos de carga lentos que han afectado a tu sitio web, cortes\u00eda del extraordinario complemento de cach\u00e9 de WordPress de Word WordPress de WP m\u00e1s r\u00e1pido! Este complemento inmensamente influyente no solo mejora el rendimiento general de su sitio web, sino que tambi\u00e9n lo revoluciona al almacenar en cach\u00e9 de efectivo sus p\u00e1ginas y reduciendo dr\u00e1sticamente la duraci\u00f3n requerida para la carga. Su interfaz f\u00e1cil de usar garantiza una configuraci\u00f3n perfecta del almacenamiento en cach\u00e9 con la m\u00e1xima conveniencia, que simplemente requiere algunos clics simples. Adem\u00e1s, WP Fastest Cache ofrece una variedad de funcionalidades avanzadas como minificaci\u00f3n y carga perezosa, que funcionan armoniosamente para garantizar que su sitio funcione a un ritmo asombrosamente r\u00e1pido. Al aprovechar las capacidades notables de WP m\u00e1s r\u00e1pido cach\u00e9, puede otorgar su sitio web con el impulso muy necesario en velocidad y rendimiento, lo que atrae a los visitantes a devolver una y otra vez, deseando m\u00e1s de su contenido excepcional.<\/p>\n","protected":false},"featured_media":168384,"comment_status":"open","ping_status":"open","template":"","meta":[],"product_brand":[2621],"product_cat":[1206,1579,1211],"product_tag":[1773],"class_list":{"0":"post-111512","1":"product","2":"type-product","3":"status-publish","4":"has-post-thumbnail","6":"product_brand-wp-fastest-cache","7":"product_cat-plugins","8":"product_cat-rendimiento","9":"product_cat-wordpress-plugins","10":"product_tag-wp-fastest-cache","11":"member-discount","12":"discount-restricted","14":"first","15":"instock","16":"sale","17":"downloadable","18":"virtual","19":"sold-individually","20":"purchasable","21":"product-type-simple"},"_links":{"self":[{"href":"https:\/\/gpl-love.com\/es\/wp-json\/wp\/v2\/product\/111512","targetHints":{"allow":["GET"]}}],"collection":[{"href":"https:\/\/gpl-love.com\/es\/wp-json\/wp\/v2\/product"}],"about":[{"href":"https:\/\/gpl-love.com\/es\/wp-json\/wp\/v2\/types\/product"}],"replies":[{"embeddable":true,"href":"https:\/\/gpl-love.com\/es\/wp-json\/wp\/v2\/comments?post=111512"}],"wp:featuredmedia":[{"embeddable":true,"href":"https:\/\/gpl-love.com\/es\/wp-json\/wp\/v2\/media\/168384"}],"wp:attachment":[{"href":"https:\/\/gpl-love.com\/es\/wp-json\/wp\/v2\/media?parent=111512"}],"wp:term":[{"taxonomy":"product_brand","embeddable":true,"href":"https:\/\/gpl-love.com\/es\/wp-json\/wp\/v2\/product_brand?post=111512"},{"taxonomy":"product_cat","embeddable":true,"href":"https:\/\/gpl-love.com\/es\/wp-json\/wp\/v2\/product_cat?post=111512"},{"taxonomy":"product_tag","embeddable":true,"href":"https:\/\/gpl-love.com\/es\/wp-json\/wp\/v2\/product_tag?post=111512"}],"curies":[{"name":"wp","href":"https:\/\/api.w.org\/{rel}","templated":true}]}}