{"id":111510,"date":"2025-10-30T00:00:00","date_gmt":"2025-10-30T05:00:00","guid":{"rendered":"http:\/\/gpl-love.com\/es\/producto\/hide-my-wordpress-ghost-plugin\/"},"modified":"2026-03-09T07:42:16","modified_gmt":"2026-03-09T12:42:16","slug":"hide-my-wordpress-ghost-plugin","status":"publish","type":"product","link":"https:\/\/gpl-love.com\/es\/producto\/hide-my-wordpress-ghost-plugin\/","title":{"rendered":"Hide My WordPress Ghost Plugin 8.2.15"},"content":{"rendered":"<h3>Hide My WordPress Ghost Plugin Caracteristicas<\/h3>\n<p>El complemento Hide My WordPress Ghost, con su s\u00f3lida funcionalidad, sirve como una herramienta invaluable para salvaguardar los sitios web de WordPress de propietarios de sitios web diligentes contra hackers nefastos y ataques cibern\u00e9ticos perniciosos. Su eficacia radica en su capacidad para ofuscar la utilizaci\u00f3n de WordPress, aumentando efectivamente la dificultad para que los piratas inform\u00e1ticos seleccionen el sitio web como un objetivo. Este complemento que lo abarca mejora a\u00fan m\u00e1s la seguridad del sitio web al ofrecer una variedad de medidas de protecci\u00f3n, como fortificaci\u00f3n contra ataques de fuerza bruta y agentes de usuarios maliciosos. Adem\u00e1s, su naturaleza f\u00e1cil de usar es evidente a trav\u00e9s de su proceso de instalaci\u00f3n sin esfuerzo, compatibilidad sin problemas con una multitud de temas de WordPress y la ausencia de cualquier requisito de codificaci\u00f3n o experiencia t\u00e9cnica. Al adoptar el abrazo protector del complemento Hide My WordPress Ghost, los propietarios de sitios web pueden disfrutar de la tranquilidad que emana de saber que su preciada presencia en l\u00ednea est\u00e1 fortificada contra posibles amenazas.<\/p>\n<ul>\n<li>Asegure y proteja su sitio web de WordPress de los intentos de pirater\u00eda<\/li>\n<li>Ocultar completamente el hecho de que su sitio web se ejecuta en la plataforma de WordPress<\/li>\n<li>Evite los ataques del sitio web y los intentos de inicio de sesi\u00f3n de la fuerza bruta con las funciones de seguridad avanzadas del complemento<\/li>\n<li>Personalice f\u00e1cilmente el c\u00f3digo fuente de la p\u00e1gina y las URL para mejorar la seguridad del sitio web<\/li>\n<li>Proteger el contenido valioso, como productos digitales o \u00e1reas de membres\u00eda, del acceso no autorizado<\/li>\n<li>F\u00e1cil de instalar e integrar en su sitio web existente de WordPress con un m\u00ednimo conocimiento t\u00e9cnico requerido<\/li>\n<li>Actualizaciones peri\u00f3dicas y servicios de soporte para garantizar un rendimiento y protecci\u00f3n \u00f3ptimos a su sitio web<\/li>\n<li>Planes de precios asequibles para sitios web personales y profesionales<\/li>\n<\/ul>\n","protected":false},"excerpt":{"rendered":"<p>El complemento Hide My WordPress Ghost sirve como la resoluci\u00f3n por excelencia y definitiva para salvaguardar y fortalecer el sitio de WordPress de uno contra una mezcla de piratas inform\u00e1ticos y sus nefastas intentos de violar su seguridad. Este complemento formidable, repleto de una variedad de caracter\u00edsticas potentes, ofusca eficazmente la impresi\u00f3n inconfundible de WordPress, lo que hace que sea un desaf\u00edo insuperable para los asaltantes mal\u00e9volos para infiltrarse y traspasar el dominio virtual de uno. Al emplear funcionalidades de vanguardia que incluyen, entre otros, el bloqueo de IP y el enmascaramiento del agente de usuario, esta herramienta indispensable asegura que el sitio se vuelva imperceptible, pr\u00e1cticamente invisible e impermeable a cualquier acceso o intrusi\u00f3n injustificada. Con el complemento Hide My WordPress Ghost instalado y empleado activamente, tenga la seguridad de que su sitio web apreciado permanecer\u00e1 firmemente impermeable a cualquier peligro o invasi\u00f3n no autorizada.<\/p>\n","protected":false},"featured_media":166416,"comment_status":"open","ping_status":"open","template":"","meta":[],"product_brand":[2475],"product_cat":[1212,1206,1211],"product_tag":[1772],"class_list":{"0":"post-111510","1":"product","2":"type-product","3":"status-publish","4":"has-post-thumbnail","6":"product_brand-wp-plugins","7":"product_cat-administracion-wordpress-plugins","8":"product_cat-plugins","9":"product_cat-wordpress-plugins","10":"product_tag-wp-plugins","11":"member-discount","12":"discount-restricted","14":"first","15":"instock","16":"sale","17":"downloadable","18":"virtual","19":"sold-individually","20":"purchasable","21":"product-type-simple"},"_links":{"self":[{"href":"https:\/\/gpl-love.com\/es\/wp-json\/wp\/v2\/product\/111510","targetHints":{"allow":["GET"]}}],"collection":[{"href":"https:\/\/gpl-love.com\/es\/wp-json\/wp\/v2\/product"}],"about":[{"href":"https:\/\/gpl-love.com\/es\/wp-json\/wp\/v2\/types\/product"}],"replies":[{"embeddable":true,"href":"https:\/\/gpl-love.com\/es\/wp-json\/wp\/v2\/comments?post=111510"}],"wp:featuredmedia":[{"embeddable":true,"href":"https:\/\/gpl-love.com\/es\/wp-json\/wp\/v2\/media\/166416"}],"wp:attachment":[{"href":"https:\/\/gpl-love.com\/es\/wp-json\/wp\/v2\/media?parent=111510"}],"wp:term":[{"taxonomy":"product_brand","embeddable":true,"href":"https:\/\/gpl-love.com\/es\/wp-json\/wp\/v2\/product_brand?post=111510"},{"taxonomy":"product_cat","embeddable":true,"href":"https:\/\/gpl-love.com\/es\/wp-json\/wp\/v2\/product_cat?post=111510"},{"taxonomy":"product_tag","embeddable":true,"href":"https:\/\/gpl-love.com\/es\/wp-json\/wp\/v2\/product_tag?post=111510"}],"curies":[{"name":"wp","href":"https:\/\/api.w.org\/{rel}","templated":true}]}}