{"id":111508,"date":"2026-02-24T00:00:00","date_gmt":"2026-02-24T05:00:00","guid":{"rendered":"http:\/\/gpl-love.com\/es\/producto\/seedprod-pro-landing-page-builder-for-wordpress\/"},"modified":"2026-04-10T11:24:17","modified_gmt":"2026-04-10T16:24:17","slug":"seedprod-pro-landing-page-builder-for-wordpress","status":"publish","type":"product","link":"https:\/\/gpl-love.com\/es\/producto\/seedprod-pro-landing-page-builder-for-wordpress\/","title":{"rendered":"SeedProd Coming Soon Page (Basic) 6.19.8"},"content":{"rendered":"<h3>SeedProd Coming Soon Page (Basic) Caracteristicas<\/h3>\n<p>Seedprod pr\u00f3ximamente Page Pro es una soluci\u00f3n altamente encomiable que permite a los usuarios generar sin esfuerzo profesional y cautivadoras las pr\u00f3ximas p\u00e1ginas en cuesti\u00f3n de minutos. Esta notable herramienta cuenta con una interfaz notablemente f\u00e1cil de usar acompa\u00f1ada de una amplia gama de plantillas preconstruidas, que ofrece una multitud de opciones para la personalizaci\u00f3n. Adem\u00e1s, incorpora temporizadores de cuenta regresiva, facilitando as\u00ed la creaci\u00f3n de una p\u00e1gina distintiva e impresionante que se alinea pronto con la identidad de su marca. Ya sea que se est\u00e9 embarcando en el lanzamiento de un producto, servicio o sitio web novedosos, Seedprod Pronto Page Pro sirve como un activo invaluable para cultivar la anticipaci\u00f3n y cautivando efectivamente a los clientes potenciales. Adem\u00e1s, su integraci\u00f3n perfecta con los populares servicios de marketing por correo electr\u00f3nico y las ubicuas plataformas de redes sociales simplifican la captura de clientes potenciales y la expansi\u00f3n de su audiencia. Al aprovechar las capacidades incomparables de Seedprod que pronto se produce Page Pro, est\u00e1 facultado para fabricar una p\u00e1gina refinada y potente que viene pronto que sienta las bases para un lanzamiento triunfante.<\/p>\n<ul>\n<li>P\u00e1ginas profesionales y personalizables en las pr\u00f3ximas p\u00e1ginas para su sitio web<\/li>\n<li>Builder de arrastre y f\u00e1cil de usar para crear p\u00e1ginas en minutos<\/li>\n<li>M\u00e1s de m\u00e1s de 50 plantillas predise\u00f1adas para elegir o comenzar desde cero<\/li>\n<li>Temporizador de cuenta regresiva personalizable para crear emoci\u00f3n y urgencia para su lanzamiento<\/li>\n<li>Formulario de registro de bolet\u00edn de correo electr\u00f3nico integrado para recopilar clientes potenciales<\/li>\n<li>Integraci\u00f3n perfecta con su sitio web y marca actuales<\/li>\n<li>Dise\u00f1o receptivo m\u00f3vil para garantizar que sus p\u00e1ginas se vean bien en todos los dispositivos<\/li>\n<li>Panel de an\u00e1lisis para rastrear y analizar el tr\u00e1fico y las conversiones<\/li>\n<li>Botones de intercambio de social incorporados para correr la voz sobre su pr\u00f3ximo lanzamiento<\/li>\n<li>Opci\u00f3n para proteger su p\u00e1gina y controlar el acceso al contenido exclusivo.<\/li>\n<\/ul>\n","protected":false},"excerpt":{"rendered":"<p>Seedprod pr\u00f3ximamente Page Pro es un instrumento incre\u00edblemente robusto y formidable que faculente a las empresas e individuos por igual para fabricar p\u00e1ginas verdaderamente magn\u00edficas y altamente eficaces \u00abPr\u00f3ximamente\u00bb para sus sitios web. Con su interfaz notablemente f\u00e1cil de usar y una extensa gama de opciones de dise\u00f1o personalizables, Seedprod le brinda la oportunidad sin precedentes de crear una p\u00e1gina que se alinea sin problemas con su identidad de marca y cautiva sin esfuerzo la atenci\u00f3n sin divisi\u00f3n de su p\u00fablico objetivo. Adem\u00e1s, esta herramienta excepcional tambi\u00e9n le otorga la flexibilidad incomparable para acumular direcciones de correo electr\u00f3nico, exhibir barras de progreso, exhibir enlaces de redes sociales y m\u00e1s. Ya sea que se encuentre embarcando en el emocionante viaje de lanzar un nuevo producto innovador, someterse a un redise\u00f1o de sitios web integral o simplemente esforzarse por generar una cantidad sustancial de anticipaci\u00f3n para su pr\u00f3ximo proyecto, no busque m\u00e1s que SEEDPROD pronto Page Pro para equiparse Los recursos indispensables necesarios para lograr un \u00e9xito incomparable.<\/p>\n","protected":false},"featured_media":167445,"comment_status":"open","ping_status":"open","template":"","meta":[],"product_brand":[2556],"product_cat":[1214,1206,1211],"product_tag":[1771],"class_list":{"0":"post-111508","1":"product","2":"type-product","3":"status-publish","4":"has-post-thumbnail","6":"product_brand-seedprod","7":"product_cat-personalizacion","8":"product_cat-plugins","9":"product_cat-wordpress-plugins","10":"product_tag-seedprod","11":"member-discount","12":"discount-restricted","14":"first","15":"instock","16":"sale","17":"downloadable","18":"virtual","19":"sold-individually","20":"purchasable","21":"product-type-simple"},"_links":{"self":[{"href":"https:\/\/gpl-love.com\/es\/wp-json\/wp\/v2\/product\/111508","targetHints":{"allow":["GET"]}}],"collection":[{"href":"https:\/\/gpl-love.com\/es\/wp-json\/wp\/v2\/product"}],"about":[{"href":"https:\/\/gpl-love.com\/es\/wp-json\/wp\/v2\/types\/product"}],"replies":[{"embeddable":true,"href":"https:\/\/gpl-love.com\/es\/wp-json\/wp\/v2\/comments?post=111508"}],"wp:featuredmedia":[{"embeddable":true,"href":"https:\/\/gpl-love.com\/es\/wp-json\/wp\/v2\/media\/167445"}],"wp:attachment":[{"href":"https:\/\/gpl-love.com\/es\/wp-json\/wp\/v2\/media?parent=111508"}],"wp:term":[{"taxonomy":"product_brand","embeddable":true,"href":"https:\/\/gpl-love.com\/es\/wp-json\/wp\/v2\/product_brand?post=111508"},{"taxonomy":"product_cat","embeddable":true,"href":"https:\/\/gpl-love.com\/es\/wp-json\/wp\/v2\/product_cat?post=111508"},{"taxonomy":"product_tag","embeddable":true,"href":"https:\/\/gpl-love.com\/es\/wp-json\/wp\/v2\/product_tag?post=111508"}],"curies":[{"name":"wp","href":"https:\/\/api.w.org\/{rel}","templated":true}]}}