{"id":111494,"date":"2022-02-05T00:00:00","date_gmt":"2022-02-05T05:00:00","guid":{"rendered":"http:\/\/gpl-love.com\/es\/producto\/woodstock-electronics-store-woocommerce-theme\/"},"modified":"2026-03-13T17:33:10","modified_gmt":"2026-03-13T22:33:10","slug":"woodstock-electronics-store-woocommerce-theme","status":"publish","type":"product","link":"https:\/\/gpl-love.com\/es\/producto\/woodstock-electronics-store-woocommerce-theme\/","title":{"rendered":"Woodstock Electronics Store WooCommerce Theme 2.8.1"},"content":{"rendered":"<h3>Woodstock Electronics Store WooCommerce Theme Caracteristicas<\/h3>\n<p>La tienda de Woodstock Electronics WooCommerce es un tema de comercio electr\u00f3nico de alta calidad que ha sido meticulosamente dise\u00f1ado para atender espec\u00edficamente a los requisitos de los minoristas de electr\u00f3nica en l\u00ednea. Este tema notable posee un dise\u00f1o totalmente receptivo que se adapta perfectamente a diferentes dispositivos y ofrece un dise\u00f1o visualmente atractivo, elegante y f\u00e1cil de usar. Le faculta mostrar sin esfuerzo toda su gama de productos de manera profesional y cautivadora. Adem\u00e1s, el tema de WooCommerce de Woodstock Store viene equipado con una variedad de dise\u00f1os preconstruidos, una extensa lista de caracter\u00edsticas y una amplia gama de opciones de personalizaci\u00f3n, todas las cuales le permiten crear una tienda en l\u00ednea distintiva y personalizada que se alinee perfectamente con sus necesidades y preferencias precisas. Ya sea que se especialice en vender c\u00e1maras de vanguardia, computadoras port\u00e1tiles de \u00faltima generaci\u00f3n, televisores de primera l\u00ednea o cualquier otro dispositivo electr\u00f3nico, este tema optimiza el proceso de destacar sus productos y proporciona a sus clientes estimados un Experiencia de compra absolutamente perfecta y agradable. Con un impresionante conjunto de funcionalidades poderosas e intuitivas, la tienda de Woodstock Electronics WooCommerce Temo sirve como una opci\u00f3n ejemplar para cualquier minorista en l\u00ednea que aspira a elevar su negocio a alturas sin precedentes.<\/p>\n<ul>\n<li>Dise\u00f1o moderno y limpio<\/li>\n<li>P\u00e1gina de inicio totalmente personalizable con el constructor de p\u00e1ginas de arrastrar y soltar<\/li>\n<li>F\u00e1cil integraci\u00f3n con WooCommerce para pantallas de productos y pago<\/li>\n<li>Dise\u00f1o de respuesta m\u00f3vil para compras en la marcha<\/li>\n<li>Opciones de navegaci\u00f3n flexibles con mega capacidad de men\u00fa<\/li>\n<li>Estilos de cabeza de encabezado y pie de p\u00e1gina para elegir<\/li>\n<li>Funcionalidad de blog incorporada para marketing de contenidos<\/li>\n<li>SEO optimizado para una alta clasificaci\u00f3n de motores de b\u00fasqueda<\/li>\n<li>Integraci\u00f3n de las redes sociales para un f\u00e1cil intercambio y promoci\u00f3n<\/li>\n<li>Documentaci\u00f3n extensa y atenci\u00f3n al cliente para asistencia t\u00e9cnica<\/li>\n<\/ul>\n","protected":false},"excerpt":{"rendered":"<p>El tema de WooCommerce de Woodstock Electronics, con un dise\u00f1o suave y sofisticado, sirve como una plantilla de mercado digital impecable hecha a medida para empresas que giran en torno a la electr\u00f3nica. Este tema, que exuda un aire de facilidad de uso y adaptabilidad, exhibe magn\u00edficamente su variedad de productos de una manera visualmente cautivadora, asegurando un viaje de compras sin problemas para su estimada clientela. Adem\u00e1s de su notable est\u00e9tica, este tema presenta una mir\u00edada de funcionalidades notables, incluidas las vistas previas de productos r\u00e1pidos y expedientes y las opciones de clasificaci\u00f3n de productos personalizables, todas las cuales contribuyen a la optimizaci\u00f3n de su tienda, fomentando tasas de conversi\u00f3n amplificadas y engendrar un cliente excepcionalmente leyal. base. Abrace el \u00e1mbito digital y desbloquee el verdadero potencial de su tienda electr\u00f3nica adorn\u00e1ndolo con el magn\u00edfico tema de WooCommerce de Woodstock Store.<\/p>\n","protected":false},"featured_media":168319,"comment_status":"open","ping_status":"open","template":"","meta":[],"product_brand":[2337],"product_cat":[1307,1237,1238],"product_tag":[1391],"class_list":{"0":"post-111494","1":"product","2":"type-product","3":"status-publish","4":"has-post-thumbnail","6":"product_brand-themeforest","7":"product_cat-negocio-wordpress-temas","8":"product_cat-temas","9":"product_cat-wordpress-temas","10":"product_tag-themeforest","11":"member-discount","12":"discount-restricted","14":"first","15":"instock","16":"sale","17":"downloadable","18":"virtual","19":"sold-individually","20":"purchasable","21":"product-type-simple"},"_links":{"self":[{"href":"https:\/\/gpl-love.com\/es\/wp-json\/wp\/v2\/product\/111494","targetHints":{"allow":["GET"]}}],"collection":[{"href":"https:\/\/gpl-love.com\/es\/wp-json\/wp\/v2\/product"}],"about":[{"href":"https:\/\/gpl-love.com\/es\/wp-json\/wp\/v2\/types\/product"}],"replies":[{"embeddable":true,"href":"https:\/\/gpl-love.com\/es\/wp-json\/wp\/v2\/comments?post=111494"}],"wp:featuredmedia":[{"embeddable":true,"href":"https:\/\/gpl-love.com\/es\/wp-json\/wp\/v2\/media\/168319"}],"wp:attachment":[{"href":"https:\/\/gpl-love.com\/es\/wp-json\/wp\/v2\/media?parent=111494"}],"wp:term":[{"taxonomy":"product_brand","embeddable":true,"href":"https:\/\/gpl-love.com\/es\/wp-json\/wp\/v2\/product_brand?post=111494"},{"taxonomy":"product_cat","embeddable":true,"href":"https:\/\/gpl-love.com\/es\/wp-json\/wp\/v2\/product_cat?post=111494"},{"taxonomy":"product_tag","embeddable":true,"href":"https:\/\/gpl-love.com\/es\/wp-json\/wp\/v2\/product_tag?post=111494"}],"curies":[{"name":"wp","href":"https:\/\/api.w.org\/{rel}","templated":true}]}}