{"id":111492,"date":"2023-11-21T00:00:00","date_gmt":"2023-11-21T05:00:00","guid":{"rendered":"http:\/\/gpl-love.com\/es\/producto\/ranbron-business-and-consulting-wordpress-theme\/"},"modified":"2026-03-13T17:27:57","modified_gmt":"2026-03-13T22:27:57","slug":"ranbron-business-and-consulting-wordpress-theme","status":"publish","type":"product","link":"https:\/\/gpl-love.com\/es\/producto\/ranbron-business-and-consulting-wordpress-theme\/","title":{"rendered":"Ranbron Business y Consulting WordPress Theme 3.2"},"content":{"rendered":"<h3>Ranbron Business y Consulting WordPress Theme Caracteristicas<\/h3>\n<p>El tema de Ranbron Business and Consulting WordPress se presenta como una soluci\u00f3n altamente refinada y sofisticada para las empresas que buscan establecer efectivamente una presencia en l\u00ednea s\u00f3lida. Con su dise\u00f1o contempor\u00e1neo y de vanguardia, junto con una interfaz intuitivamente navegable, este tema proporciona perfectamente una experiencia digital excepcional tanto para el usuario final como para el propietario del sitio web. Al aprovechar los avances tecnol\u00f3gicos m\u00e1s actualizados, Ranbron permite a las empresas exhibir y promover su mir\u00edada de servicios y productos de una manera que exude la profesionalidad y cautiva la atenci\u00f3n de la audiencia. Adem\u00e1s, este tema abarca una amplia gama de opciones personalizables, lo que le brinda la capacidad de adaptar meticulosamente la est\u00e9tica general para satisfacer sus requisitos distintos y particulares. Ya sea que se encuentre al frente de una startup incipiente o las alturas dominantes de una corporaci\u00f3n bien establecida y formidable, tenga la seguridad de que Ranbron constituye la opci\u00f3n por excelencia para establecer y mantener una impresionante presencia en l\u00ednea.<\/p>\n<ul>\n<li>Dise\u00f1o elegante y profesional adecuado para empresas y empresas de consultor\u00eda<\/li>\n<li>Totalmente personalizable con un constructor de p\u00e1ginas de arrastre y suelto f\u00e1cil de usar<\/li>\n<li>M\u00faltiples dise\u00f1os de demostraci\u00f3n para elegir para una configuraci\u00f3n r\u00e1pida y f\u00e1cil<\/li>\n<li>Panel de opciones de temas avanzados para el control completo sobre el dise\u00f1o y la funcionalidad<\/li>\n<li>El dise\u00f1o receptivo y amigable para los dispositivos m\u00f3viles garantiza que su sitio web se vea genial en todos los dispositivos<\/li>\n<li>SEO optimizado para una mejor clasificaci\u00f3n y visibilidad del motor de b\u00fasqueda<\/li>\n<li>WooCommerce compatible para una f\u00e1cil integraci\u00f3n de comercio electr\u00f3nico<\/li>\n<li>Incluye una variedad de p\u00e1ginas preconstruidas, como Acerca de nosotros, servicios y testimonios<\/li>\n<li>Integraci\u00f3n con complementos populares como el formulario de contacto 7, MailChimp y Slider Revolution<\/li>\n<li>Actualizaciones regulares y soporte dedicado para garantizar una experiencia de sitio web sin problemas y sin problemas.<\/li>\n<\/ul>\n","protected":false},"excerpt":{"rendered":"<p>El tema de Ranbron Business and Consulting WordPress es una plantilla de sitio web exquisitamente dise\u00f1ada y contempor\u00e1nea que se ha adaptado espec\u00edficamente para satisfacer las necesidades de consultores de negocios, empresas de gesti\u00f3n y corporaciones. Con una variedad de caracter\u00edsticas impresionantes, este tema ofrece una multitud de opciones cuando se trata de dise\u00f1os de p\u00e1gina de inicio, estilos de encabezado y widgets personalizados que le permitir\u00e1n mostrar de manera efectiva sus servicios, miembros del equipo, testimonios y m\u00e1s. Tenga la seguridad de que Ranbron ha sido meticulosamente dise\u00f1ado para ser completamente receptivo y optimizado por SEO, lo que permite que su sitio web llegue sin esfuerzo a una audiencia m\u00e1s amplia. Entonces, si su objetivo es establecer una presencia en l\u00ednea pulida y profesional, resaltar sus servicios o comprometerse con clientes potenciales, tenga la seguridad de que Ranbron tiene todas las herramientas que necesita para tener \u00e9xito. No pierda tiempo y aproveche esta oportunidad para impulsar su negocio a alturas sin precedentes.<\/p>\n","protected":false},"featured_media":167310,"comment_status":"open","ping_status":"open","template":"","meta":[],"product_brand":[2337],"product_cat":[1307,1237,1238],"product_tag":[1391],"class_list":{"0":"post-111492","1":"product","2":"type-product","3":"status-publish","4":"has-post-thumbnail","6":"product_brand-themeforest","7":"product_cat-negocio-wordpress-temas","8":"product_cat-temas","9":"product_cat-wordpress-temas","10":"product_tag-themeforest","11":"member-discount","12":"discount-restricted","14":"first","15":"instock","16":"sale","17":"downloadable","18":"virtual","19":"sold-individually","20":"purchasable","21":"product-type-simple"},"_links":{"self":[{"href":"https:\/\/gpl-love.com\/es\/wp-json\/wp\/v2\/product\/111492","targetHints":{"allow":["GET"]}}],"collection":[{"href":"https:\/\/gpl-love.com\/es\/wp-json\/wp\/v2\/product"}],"about":[{"href":"https:\/\/gpl-love.com\/es\/wp-json\/wp\/v2\/types\/product"}],"replies":[{"embeddable":true,"href":"https:\/\/gpl-love.com\/es\/wp-json\/wp\/v2\/comments?post=111492"}],"wp:featuredmedia":[{"embeddable":true,"href":"https:\/\/gpl-love.com\/es\/wp-json\/wp\/v2\/media\/167310"}],"wp:attachment":[{"href":"https:\/\/gpl-love.com\/es\/wp-json\/wp\/v2\/media?parent=111492"}],"wp:term":[{"taxonomy":"product_brand","embeddable":true,"href":"https:\/\/gpl-love.com\/es\/wp-json\/wp\/v2\/product_brand?post=111492"},{"taxonomy":"product_cat","embeddable":true,"href":"https:\/\/gpl-love.com\/es\/wp-json\/wp\/v2\/product_cat?post=111492"},{"taxonomy":"product_tag","embeddable":true,"href":"https:\/\/gpl-love.com\/es\/wp-json\/wp\/v2\/product_tag?post=111492"}],"curies":[{"name":"wp","href":"https:\/\/api.w.org\/{rel}","templated":true}]}}