{"id":111490,"date":"2021-03-13T00:00:00","date_gmt":"2021-03-13T05:00:00","guid":{"rendered":"http:\/\/gpl-love.com\/es\/producto\/rosa-an-exquisite-restaurant-wordpress-theme\/"},"modified":"2026-04-10T11:23:35","modified_gmt":"2026-04-10T16:23:35","slug":"rosa-an-exquisite-restaurant-wordpress-theme","status":"publish","type":"product","link":"https:\/\/gpl-love.com\/es\/producto\/rosa-an-exquisite-restaurant-wordpress-theme\/","title":{"rendered":"Rosa An Exquisite Restaurant WordPress Theme 2.9.0"},"content":{"rendered":"<h3>Rosa An Exquisite Restaurant WordPress Theme Caracteristicas<\/h3>\n<p>Rosa, un tema de WordPress impresionantemente hermoso y exquisitamente refinado, ha sido meticulosamente elaborada para satisfacer exclusivamente las necesidades de la industria de los restaurantes. Con un dise\u00f1o refinado y sofisticado, junto con una interfaz notablemente f\u00e1cil de usar, este tema excepcional le permite mostrar sin esfuerzo el delicioso men\u00fa de su restaurante, una ubicaci\u00f3n convenientemente accesible y una amplia gama de servicios excepcionales de una manera incre\u00edblemente cautivadora y visualmente atractiva. Adem\u00e1s, ofrece una amplia gama de opciones de personalizaci\u00f3n, lo que lo permite con la capacidad de adaptar su sitio web a sus preferencias precisas al aprovechar una extensa paleta de colores y una extensa variedad de fuentes. Adem\u00e1s, es importante tener en cuenta que este tema no solo es supremamente personalizado, sino tambi\u00e9n excepcionalmente adaptable, garantizando que su sitio web exude un nivel incomparable de brillantez est\u00e9tica y funcionalidad \u00f3ptima en todos los dispositivos posibles. Con Rosa, se le otorga la oportunidad \u00fanica de establecer sin esfuerzo una presencia en l\u00ednea altamente profesional e irresistiblemente atractiva para su estimado restaurante, atrayendo as\u00ed efectivamente una base de clientes significativamente m\u00e1s grande y posteriormente reforzando el \u00e9xito general de su floreciente empresa culinaria.<\/p>\n<ul>\n<li>Dise\u00f1o receptivo y amigable para los dispositivos m\u00f3viles para una experiencia de usuario perfecta<\/li>\n<li>M\u00faltiples dise\u00f1os de demostraci\u00f3n previamente construidos para elegir para una f\u00e1cil personalizaci\u00f3n<\/li>\n<li>Sistema de reserva de mesa incorporado para racionalizar la experiencia gastron\u00f3mica para los clientes<\/li>\n<li>Funci\u00f3n de gesti\u00f3n del men\u00fa para una f\u00e1cil actualizaci\u00f3n de elementos del men\u00fa de restaurantes<\/li>\n<li>Integraci\u00f3n de las redes sociales para expandir la presencia en l\u00ednea del restaurante<\/li>\n<li>Integraci\u00f3n con pasarelas de pago populares para un f\u00e1cil procesamiento de pedidos en l\u00ednea y pagos<\/li>\n<li>SEO optimizado para una mayor clasificaci\u00f3n de motores de b\u00fasqueda y mayor visibilidad en l\u00ednea<\/li>\n<li>Soporte 24\/7 para cualquier problema t\u00e9cnico o pregunta.<\/li>\n<\/ul>\n","protected":false},"excerpt":{"rendered":"<p>\u00a1Presentamos a Rosa, el tema incomparable de WordPress adaptado espec\u00edficamente para establecimientos de experiencias culinarias incomparables! Poseer un dise\u00f1o exquisito, elegante y de vanguardia, Rosa inequ\u00edvocamente se presenta como la soluci\u00f3n inigualable para cualquier restaurante exigente que se esfuerce por exhibir su men\u00fa meticulosamente elaborado, el ambiente cautivador y la marca distintiva. Funcionando como un verdadero camale\u00f3n, este tema otorga al restaurador la autoridad completa para personalizar cada aspecto, al tiempo que cuenta con un pante\u00f3n de caracter\u00edsticas formidables, que incluye un dise\u00f1o excepcionalmente receptivo, herramientas de personalizaci\u00f3n f\u00e1ciles Sistemas de reserva. Ya sea que pertenezca a los niveles de la buena comida, los acogedores reinos de un pintoresco caf\u00e9 o la esfera moderna de un gastropub vibrante, Rosa se afirma triunfante como la selecci\u00f3n por excelencia para catapultar su presencia en l\u00ednea a nuevas alturas e atraer legiones de prospectivos. \u00a1Emb\u00e1rcate en el viaje Rosa hoy y saborea el ep\u00edtome del dise\u00f1o del sitio web de restaurantes!<\/p>\n","protected":false},"featured_media":167384,"comment_status":"open","ping_status":"open","template":"","meta":[],"product_brand":[2337],"product_cat":[1646,1237,1238],"product_tag":[1391],"class_list":{"0":"post-111490","1":"product","2":"type-product","3":"status-publish","4":"has-post-thumbnail","6":"product_brand-themeforest","7":"product_cat-alimentacion-y-restaurante","8":"product_cat-temas","9":"product_cat-wordpress-temas","10":"product_tag-themeforest","11":"member-discount","12":"discount-restricted","14":"first","15":"instock","16":"sale","17":"downloadable","18":"virtual","19":"sold-individually","20":"purchasable","21":"product-type-simple"},"_links":{"self":[{"href":"https:\/\/gpl-love.com\/es\/wp-json\/wp\/v2\/product\/111490","targetHints":{"allow":["GET"]}}],"collection":[{"href":"https:\/\/gpl-love.com\/es\/wp-json\/wp\/v2\/product"}],"about":[{"href":"https:\/\/gpl-love.com\/es\/wp-json\/wp\/v2\/types\/product"}],"replies":[{"embeddable":true,"href":"https:\/\/gpl-love.com\/es\/wp-json\/wp\/v2\/comments?post=111490"}],"wp:featuredmedia":[{"embeddable":true,"href":"https:\/\/gpl-love.com\/es\/wp-json\/wp\/v2\/media\/167384"}],"wp:attachment":[{"href":"https:\/\/gpl-love.com\/es\/wp-json\/wp\/v2\/media?parent=111490"}],"wp:term":[{"taxonomy":"product_brand","embeddable":true,"href":"https:\/\/gpl-love.com\/es\/wp-json\/wp\/v2\/product_brand?post=111490"},{"taxonomy":"product_cat","embeddable":true,"href":"https:\/\/gpl-love.com\/es\/wp-json\/wp\/v2\/product_cat?post=111490"},{"taxonomy":"product_tag","embeddable":true,"href":"https:\/\/gpl-love.com\/es\/wp-json\/wp\/v2\/product_tag?post=111490"}],"curies":[{"name":"wp","href":"https:\/\/api.w.org\/{rel}","templated":true}]}}