{"id":111488,"date":"2026-03-13T00:00:00","date_gmt":"2026-03-13T05:00:00","guid":{"rendered":"http:\/\/gpl-love.com\/es\/producto\/ultimate-gdpr-and-ccpa-compliance-toolkit\/"},"modified":"2026-04-10T11:29:23","modified_gmt":"2026-04-10T16:29:23","slug":"ultimate-gdpr-and-ccpa-compliance-toolkit","status":"publish","type":"product","link":"https:\/\/gpl-love.com\/es\/producto\/ultimate-gdpr-and-ccpa-compliance-toolkit\/","title":{"rendered":"Ultimate GDPR y CCPA Compliance Toolkit 5.4.0"},"content":{"rendered":"<h3>Ultimate GDPR y CCPA Compliance Toolkit Caracteristicas<\/h3>\n<p>El mejor kit de herramientas de cumplimiento de GDPR y CCPA es una soluci\u00f3n extremadamente integral y abarrotable que est\u00e1 espec\u00edficamente dise\u00f1ada para ayudar a las empresas a lograr y mantener un nivel de cumplimiento altamente sofisticado e integral tanto con la regulaci\u00f3n general de la protecci\u00f3n de datos (GDPR) como el privilegio de consumo de California como el consumidor de California como el consumidor de California. ACT (CCPA). Este notable conjunto de herramientas ofrece una amplia gama de caracter\u00edsticas invaluables, que abarcan, entre otros, listas de verificaci\u00f3n de cumplimiento meticulosamente detalladas y altamente completas, plantillas meticulosamente elaboradas para la creaci\u00f3n de acuerdos de protecci\u00f3n de datos, herramientas de mapeo de datos excepcionalmente precisas y f\u00e1ciles Pol\u00edtica de privacidad s\u00f3lida muestras.<\/p>\n<p>Adem\u00e1s, este conjunto de herramientas incomparable tambi\u00e9n incorpora una amplia gama de recursos adicionales y materiales complementarios, todos atendidos espec\u00edficamente para facilitar y acelerar la implementaci\u00f3n y el mantenimiento continuo de GDPR y CCPA Cumplimiento en cualquier entidad comercial dada. Estos recursos complementarios abarcan, entre otras cosas, una variedad de materiales de capacitaci\u00f3n meticulosamente elaborados y notablemente informativos, un conjunto meticulosamente detallado de pautas espec\u00edficamente seleccionadas para el manejo efectivo y r\u00e1pido de las solicitudes de sujetos de datos, as\u00ed como un plan de respuesta de incidente meticulosamente detallado y extensamente comprensivo, ideado para garantizar una preparaci\u00f3n \u00f3ptima para cualquier posible incidente de violaci\u00f3n de datos o seguridad.<\/p>\n<p>Al aprovechar las caracter\u00edsticas y recursos extraordinarios proporcionados en este excepcional juego de herramientas, las empresas de todas las escalas y tama\u00f1os pueden optimizar y mejorar sin esfuerzo sus esfuerzos de cumplimiento, ahorrando as\u00ed un tiempo y recursos invaluables, mientras que salve y efectivamente sus valiosos activos de datos e invaluable informaci\u00f3n del cliente . Adem\u00e1s, al adherirse a los rigurosos est\u00e1ndares regulatorios establecidos por el GDPR y el CCPA, las empresas pueden minimizar efectivamente el riesgo de incurrir en sanciones financieras potencialmente devastadoras y consecuencias legales onerosas asociadas con el incumplimiento.<\/p>\n<p>A la luz de lo anterior, queda muy claro que el mejor kit de herramientas de cumplimiento de GDPR y CCPA indudablemente surge como una herramienta indudablemente poderosa e indispensable para todas y cada una de las entidades comerciales que est\u00e1n realmente comprometidas a proteger diligentemente los derechos de seguridad de la privacidad y datos de su estimado La base, aunque simult\u00e1neamente, se esfuerza por permanecer firmemente en el cumplimiento de los requisitos regulatorios cada vez m\u00e1s estrictos impuestos por el GDPR y el CCPA.<\/p>\n<ul>\n<li>Una gu\u00eda completa para que las organizaciones cumplan con las regulaciones GDPR y CCPA<\/li>\n<li>Incluye plantillas para la pol\u00edtica de privacidad, pol\u00edtica de cookies, notificaci\u00f3n de violaci\u00f3n de datos y m\u00e1s<\/li>\n<li>Proporciona orientaci\u00f3n sobre la mapeo de datos, los derechos del sujeto de los datos y las evaluaciones de impacto de protecci\u00f3n de datos<\/li>\n<li>Ayuda a las organizaciones a realizar una evaluaci\u00f3n de riesgos para identificar posibles problemas de protecci\u00f3n de datos<\/li>\n<li>Ofrece pasos procesables para cumplir con GDPR y CCPA, incluido el manejo de datos, los requisitos de notificaci\u00f3n de privacidad y la transferencia de datos fuera de la UE y los EE. UU.<\/li>\n<li>Una herramienta ideal para organizaciones que buscan fortalecer sus pol\u00edticas de protecci\u00f3n de datos y evitar multas fuertes por incumplimiento<\/li>\n<li>Adecuado para todo tipo de organizaciones, incluidas organizaciones sin fines de lucro, peque\u00f1as empresas y grandes corporaciones<\/li>\n<li>El lenguaje simple y directo hace que el kit de herramientas sea f\u00e1cil de entender e implementar<\/li>\n<li>Actualizaciones peri\u00f3dicas Aseg\u00farese de que el kit de herramientas est\u00e9 actualizado con las \u00faltimas regulaciones GDPR y CCPA<\/li>\n<li>Ahorra tiempo y dinero al proporcionar pol\u00edticas y plantillas precrustadas.<\/li>\n<\/ul>\n","protected":false},"excerpt":{"rendered":"<p>El mejor kit de herramientas de cumplimiento de GDPR y CCPA es una soluci\u00f3n extensa y f\u00e1cil de usar dise\u00f1ada para ayudar a las empresas y organizaciones en sus esfuerzos a cumplir con las regulaciones de privacidad y protecci\u00f3n de datos. Ofrece una amplia gama de plantillas, pol\u00edticas y procedimientos personalizables que sirven para garantizar el cumplimiento tanto del Reglamento General de Protecci\u00f3n de Datos (GDPR) como de la Ley de Privacidad del Consumidor de California (CCPA). Al utilizar este conjunto de herramientas, las organizaciones pueden optimizar y simplificar el proceso de cumplimiento, mitigando las posibles consecuencias de las sanciones graves y el da\u00f1o a su reputaci\u00f3n. Con la ayuda del mejor Kit de herramientas de cumplimiento de GDPR y CCPA, las empresas pueden navegar con confianza sus obligaciones de privacidad de datos y salvaguardar la informaci\u00f3n personal de sus valiosos clientes.<\/p>\n","protected":false},"featured_media":167872,"comment_status":"open","ping_status":"open","template":"","meta":[],"product_brand":[2339],"product_cat":[1214,1206,1211],"product_tag":[1256],"class_list":{"0":"post-111488","1":"product","2":"type-product","3":"status-publish","4":"has-post-thumbnail","6":"product_brand-codecanyon","7":"product_cat-personalizacion","8":"product_cat-plugins","9":"product_cat-wordpress-plugins","10":"product_tag-codecanyon","11":"member-discount","12":"discount-restricted","14":"first","15":"instock","16":"sale","17":"downloadable","18":"virtual","19":"sold-individually","20":"purchasable","21":"product-type-simple"},"_links":{"self":[{"href":"https:\/\/gpl-love.com\/es\/wp-json\/wp\/v2\/product\/111488","targetHints":{"allow":["GET"]}}],"collection":[{"href":"https:\/\/gpl-love.com\/es\/wp-json\/wp\/v2\/product"}],"about":[{"href":"https:\/\/gpl-love.com\/es\/wp-json\/wp\/v2\/types\/product"}],"replies":[{"embeddable":true,"href":"https:\/\/gpl-love.com\/es\/wp-json\/wp\/v2\/comments?post=111488"}],"wp:featuredmedia":[{"embeddable":true,"href":"https:\/\/gpl-love.com\/es\/wp-json\/wp\/v2\/media\/167872"}],"wp:attachment":[{"href":"https:\/\/gpl-love.com\/es\/wp-json\/wp\/v2\/media?parent=111488"}],"wp:term":[{"taxonomy":"product_brand","embeddable":true,"href":"https:\/\/gpl-love.com\/es\/wp-json\/wp\/v2\/product_brand?post=111488"},{"taxonomy":"product_cat","embeddable":true,"href":"https:\/\/gpl-love.com\/es\/wp-json\/wp\/v2\/product_cat?post=111488"},{"taxonomy":"product_tag","embeddable":true,"href":"https:\/\/gpl-love.com\/es\/wp-json\/wp\/v2\/product_tag?post=111488"}],"curies":[{"name":"wp","href":"https:\/\/api.w.org\/{rel}","templated":true}]}}