{"id":111487,"date":"2021-03-13T00:00:00","date_gmt":"2021-03-13T05:00:00","guid":{"rendered":"http:\/\/gpl-love.com\/es\/producto\/powerup-video-game-theme-for-wordpress\/"},"modified":"2026-04-10T11:21:55","modified_gmt":"2026-04-10T16:21:55","slug":"powerup-video-game-theme-for-wordpress","status":"publish","type":"product","link":"https:\/\/gpl-love.com\/es\/producto\/powerup-video-game-theme-for-wordpress\/","title":{"rendered":"PowerUp Video Game Tema para WordPress 1.7"},"content":{"rendered":"<h3>PowerUp Video Game Tema para WordPress Caracteristicas<\/h3>\n<p>El tema del videojuego Powerup para WordPress es un tema de alta gama y de primer nivel que ha sido dise\u00f1ado espec\u00edficamente para atender los gustos exigentes de los \u00e1vidos jugadores y entusiastas de los juegos por igual. Con una mir\u00edada de funcionalidades de vanguardia y una amplia gama de caracter\u00edsticas, este tema faculta sin esfuerzo a los usuarios para dise\u00f1ar sin esfuerzo un sitio web pulido y de aspecto profesional que seguramente dejar\u00e1 una impresi\u00f3n duradera sin la necesidad de ning\u00fan conocimiento de codificaci\u00f3n complejo o t\u00e9cnico. pericia.<\/p>\n<p>Con una selecci\u00f3n diversa de dise\u00f1os preconstruidos meticulosamente dise\u00f1ados y dise\u00f1os visualmente cautivadores, el tema del videojuego Powerup puede adaptarse sin esfuerzo para cumplir con sus requisitos y preferencias espec\u00edficas, asegurando que su sitio web siga siendo tan \u00fanico y distintivo como su persona de juego. Adem\u00e1s, este tema integra perfectamente una gran cantidad de funcionalidades indispensables, como el dise\u00f1o receptivo, lo que garantiza que su sitio web se ve y funcione sin problemas en todos los dispositivos y tama\u00f1os de pantalla, lo que resulta en una experiencia de usuario verdaderamente inmersiva y agradable.<\/p>\n<p>Adem\u00e1s, el tema del videojuego PowerUP se ha optimizado a la perfecci\u00f3n con respecto a la optimizaci\u00f3n de motores de b\u00fasqueda (SEO), garantizando que su sitio web se ubique altamente en las p\u00e1ginas de resultados del motor de b\u00fasqueda (SERPS), lo que aumenta su visibilidad y atrae a una audiencia m\u00e1s grande. Adem\u00e1s, este tema se integra perfectamente con varias plataformas de redes sociales, facilitando el intercambio sin esfuerzo e interacci\u00f3n con su comunidad de juegos en m\u00faltiples canales.<\/p>\n<p>Adem\u00e1s, el tema del videojuego Powerup es totalmente compatible con WooCommerce, el complemento l\u00edder de comercio electr\u00f3nico para WordPress, lo que le permite configurar sin esfuerzo una tienda en l\u00ednea y vender productos que est\u00e1n directamente relacionados con su nicho en la industria del juego. Ya sea que se trate de mercanc\u00edas de juegos, accesorios o incluso descargas digitales, este tema le proporciona las herramientas necesarias para monetizar efectivamente su sitio web de juegos y generar ingresos.<\/p>\n<p>En conclusi\u00f3n, el tema del videojuego Powerup es un cambio de juego absoluto para cualquiera que busque crear un sitio web de juegos visualmente impresionante y altamente funcional en la plataforma WordPress. Con su extenso conjunto de caracter\u00edsticas y opciones de personalizaci\u00f3n inigualables, este tema le permite mostrar sin esfuerzo su contenido de juegos, fomentar una comunidad vibrante y comprometida de jugadores de ideas afines, y capitalizar su nicho de juego vendiendo sin esfuerzo una variedad de productos.<\/p>\n<ul>\n<li>Tema de WordPress totalmente personalizable con un divertido tema de videojuego<\/li>\n<li>Soporte incorporado para la integraci\u00f3n de WooCommerce para vender mercanc\u00edas de videojuegos<\/li>\n<li>Optimizado para tiempos de carga de p\u00e1gina r\u00e1pidos y experiencia de usuario suave<\/li>\n<li>Incluye gr\u00e1ficos e iconos personalizados para un aspecto cohesivo<\/li>\n<li>El dise\u00f1o receptivo garantiza una visualizaci\u00f3n perfecta en todos los dispositivos<\/li>\n<li>Integraci\u00f3n de redes sociales incorporadas para compartir f\u00e1cilmente las revisiones y actualizaciones de los juegos<\/li>\n<li>Compatible con complementos populares de WordPress para una funcionalidad adicional<\/li>\n<li>Panel de opciones de temas f\u00e1ciles de usar para una personalizaci\u00f3n r\u00e1pida<\/li>\n<li>Equipo de apoyo dedicado para ayudar con cualquier problema o pregunta.<\/li>\n<\/ul>\n","protected":false},"excerpt":{"rendered":"<p>El tema del videojuego Powerup para WordPress ofrece una soluci\u00f3n inigualable en el \u00e1mbito de crear un sitio web de juegos cautivador y cautivador que seguramente cautivar\u00e1 y estimular\u00e1 a su audiencia. Este tema altamente personalizable y meticulosamente receptivo cuenta con una extensa gama de caracter\u00edsticas y opciones, lo que le permite metamorfose sin esfuerzo su sitio web en un refugio de juego absoluto. Con su dise\u00f1o elegante y contempor\u00e1neo, funcionalidad de vanguardia e interfaz f\u00e1cil de usar, el tema de videojuego Powerup para WordPress surge como la elecci\u00f3n por excelencia para las personas que buscan dise\u00f1ar un encuentro de juegos formidable e inmersivo. Entonces, \u00bfpor qu\u00e9 demorarse? Da el paso hoy y vigoriza tu sitio web de juegos con la incomparable destreza del tema del videojuego Powerup para WordPress.<\/p>\n","protected":false},"featured_media":167245,"comment_status":"open","ping_status":"open","template":"","meta":[],"product_brand":[2337],"product_cat":[1267,1237,1238],"product_tag":[1391],"class_list":{"0":"post-111487","1":"product","2":"type-product","3":"status-publish","4":"has-post-thumbnail","6":"product_brand-themeforest","7":"product_cat-creativo","8":"product_cat-temas","9":"product_cat-wordpress-temas","10":"product_tag-themeforest","11":"member-discount","12":"discount-restricted","14":"first","15":"instock","16":"sale","17":"downloadable","18":"virtual","19":"sold-individually","20":"purchasable","21":"product-type-simple"},"_links":{"self":[{"href":"https:\/\/gpl-love.com\/es\/wp-json\/wp\/v2\/product\/111487","targetHints":{"allow":["GET"]}}],"collection":[{"href":"https:\/\/gpl-love.com\/es\/wp-json\/wp\/v2\/product"}],"about":[{"href":"https:\/\/gpl-love.com\/es\/wp-json\/wp\/v2\/types\/product"}],"replies":[{"embeddable":true,"href":"https:\/\/gpl-love.com\/es\/wp-json\/wp\/v2\/comments?post=111487"}],"wp:featuredmedia":[{"embeddable":true,"href":"https:\/\/gpl-love.com\/es\/wp-json\/wp\/v2\/media\/167245"}],"wp:attachment":[{"href":"https:\/\/gpl-love.com\/es\/wp-json\/wp\/v2\/media?parent=111487"}],"wp:term":[{"taxonomy":"product_brand","embeddable":true,"href":"https:\/\/gpl-love.com\/es\/wp-json\/wp\/v2\/product_brand?post=111487"},{"taxonomy":"product_cat","embeddable":true,"href":"https:\/\/gpl-love.com\/es\/wp-json\/wp\/v2\/product_cat?post=111487"},{"taxonomy":"product_tag","embeddable":true,"href":"https:\/\/gpl-love.com\/es\/wp-json\/wp\/v2\/product_tag?post=111487"}],"curies":[{"name":"wp","href":"https:\/\/api.w.org\/{rel}","templated":true}]}}