{"id":111485,"date":"2021-06-14T00:00:00","date_gmt":"2021-06-14T05:00:00","guid":{"rendered":"http:\/\/gpl-love.com\/es\/producto\/projectopia-wordpress-plugins\/"},"modified":"2026-04-10T11:22:19","modified_gmt":"2026-04-10T16:22:19","slug":"projectopia-wordpress-plugins","status":"publish","type":"product","link":"https:\/\/gpl-love.com\/es\/producto\/projectopia-wordpress-plugins\/","title":{"rendered":"Projectopia Wordpress Plugin 4.3.13"},"content":{"rendered":"<h3>Projectopia Wordpress Plugin Caracteristicas<\/h3>\n<p>El complemento de WordPress de Proyectopia indispensable sirve como un instrumento fundamental en la gesti\u00f3n perfecta de proyectos y tareas. Al proporcionar a los usuarios la capacidad de generar y supervisar sin esfuerzo tareas, plazos e hitos dentro de su sitio de WordPress, este complemento ofrece una conveniencia incomparable. Adem\u00e1s, el complemento se integra sin esfuerzo con herramientas destacadas que incluyen WooCommerce, PayPal y Stripe, dotando as\u00ed a las empresas de todas las magnitudes con una soluci\u00f3n potente y vers\u00e1til. Con su interfaz f\u00e1cil de usar, los miembros del equipo pueden colaborar efectivamente y mantener una firme comprensi\u00f3n de sus tareas, aumentando as\u00ed la productividad y la eficiencia. Para aquellos que buscan optimizar su proceso de gesti\u00f3n de proyectos y impulsar su negocio a nuevas alturas, el complemento ProjectOpia WordPress es un activo indispensable.<\/p>\n<ul>\n<li>Una poderosa herramienta de gesti\u00f3n de proyectos que se integra perfectamente con WordPress<\/li>\n<li>Permite a los usuarios crear proyectos y asignar tareas a los miembros del equipo.<\/li>\n<li>Incluye un tablero intuitivo para el seguimiento del progreso y los plazos<\/li>\n<li>Permite a los miembros del equipo actualizar tareas, comunicarse entre s\u00ed y compartir archivos dentro del proyecto<\/li>\n<li>Admite la facturaci\u00f3n y el seguimiento de tiempo para la facturaci\u00f3n precisa y el costo de los proyectos<\/li>\n<li>Ofrece plantillas de proyectos personalizables para una f\u00e1cil configuraci\u00f3n y organizaci\u00f3n de proyectos<\/li>\n<li>Proporciona informes y an\u00e1lisis detallados para medir el rendimiento del proyecto e identificar \u00e1reas de mejora<\/li>\n<li>Viene con atenci\u00f3n al cliente receptiva y actualizaciones peri\u00f3dicas para garantizar una funcionalidad \u00f3ptima<\/li>\n<li>Adecuado para empresas de todos los tama\u00f1os e industrias que desean optimizar su proceso de gesti\u00f3n de proyectos dentro del entorno de WordPress.<\/li>\n<\/ul>\n","protected":false},"excerpt":{"rendered":"<p>El complemento ProjectOpia WordPress es una herramienta de gesti\u00f3n de proyectos incre\u00edblemente efectiva e integral que est\u00e1 espec\u00edficamente dise\u00f1ada para sitios web de WordPress. Este notable complemento ofrece una variedad de caracter\u00edsticas potentes que le permiten administrar de manera eficiente y efectiva a su equipo, monitorear y rastrear el progreso de los proyectos, as\u00ed como optimizar y optimizar los flujos de trabajo del proyecto, todos desde una ubicaci\u00f3n centralizada. Las herramientas de gesti\u00f3n de tareas intuitivas proporcionadas por este complemento permiten una organizaci\u00f3n perfecta de proyectos y la capacidad de mantenerse al tanto de los plazos. Adem\u00e1s, las plantillas de proyecto personalizables ofrecen un gran grado de flexibilidad y personalizaci\u00f3n, asegurando que el complemento pueda adaptarse para satisfacer las necesidades y requisitos \u00fanicos de cualquier proyecto.<\/p>\n","protected":false},"featured_media":167274,"comment_status":"open","ping_status":"open","template":"","meta":[],"product_brand":[2339],"product_cat":[1214,1206,1211],"product_tag":[1256],"class_list":{"0":"post-111485","1":"product","2":"type-product","3":"status-publish","4":"has-post-thumbnail","6":"product_brand-codecanyon","7":"product_cat-personalizacion","8":"product_cat-plugins","9":"product_cat-wordpress-plugins","10":"product_tag-codecanyon","11":"member-discount","12":"discount-restricted","14":"first","15":"instock","16":"sale","17":"downloadable","18":"virtual","19":"sold-individually","20":"purchasable","21":"product-type-simple"},"_links":{"self":[{"href":"https:\/\/gpl-love.com\/es\/wp-json\/wp\/v2\/product\/111485","targetHints":{"allow":["GET"]}}],"collection":[{"href":"https:\/\/gpl-love.com\/es\/wp-json\/wp\/v2\/product"}],"about":[{"href":"https:\/\/gpl-love.com\/es\/wp-json\/wp\/v2\/types\/product"}],"replies":[{"embeddable":true,"href":"https:\/\/gpl-love.com\/es\/wp-json\/wp\/v2\/comments?post=111485"}],"wp:featuredmedia":[{"embeddable":true,"href":"https:\/\/gpl-love.com\/es\/wp-json\/wp\/v2\/media\/167274"}],"wp:attachment":[{"href":"https:\/\/gpl-love.com\/es\/wp-json\/wp\/v2\/media?parent=111485"}],"wp:term":[{"taxonomy":"product_brand","embeddable":true,"href":"https:\/\/gpl-love.com\/es\/wp-json\/wp\/v2\/product_brand?post=111485"},{"taxonomy":"product_cat","embeddable":true,"href":"https:\/\/gpl-love.com\/es\/wp-json\/wp\/v2\/product_cat?post=111485"},{"taxonomy":"product_tag","embeddable":true,"href":"https:\/\/gpl-love.com\/es\/wp-json\/wp\/v2\/product_tag?post=111485"}],"curies":[{"name":"wp","href":"https:\/\/api.w.org\/{rel}","templated":true}]}}