{"id":111427,"date":"2021-03-09T00:00:00","date_gmt":"2021-03-09T05:00:00","guid":{"rendered":"http:\/\/gpl-love.com\/es\/producto\/yith-store-locator-for-wordpress\/"},"modified":"2026-03-13T17:35:06","modified_gmt":"2026-03-13T22:35:06","slug":"yith-store-locator-for-wordpress","status":"publish","type":"product","link":"https:\/\/gpl-love.com\/es\/producto\/yith-store-locator-for-wordpress\/","title":{"rendered":"YITH Store Locator para WordPress 1.0.4"},"content":{"rendered":"<h3>YITH Store Locator para WordPress Caracteristicas<\/h3>\n<p>El localizador de la tienda para WordPress es un complemento muy intuitivo y navegable sin esfuerzo que empodera efectivamente a los propietarios de sitios web con la capacidad de incorporar a la perfecci\u00f3n una funci\u00f3n de localizaci\u00f3n de la tienda en sus estimados sitios web. Este complemento incomparable es particularmente ventajoso para las empresas que cuentan con una gran cantidad de ubicaciones f\u00edsicas, lo que representa el proceso de localizaci\u00f3n de la tienda m\u00e1s cercana una brisa absoluta para los clientes. La funci\u00f3n de localizaci\u00f3n de la tienda muestra eficazmente todas las ubicaciones de la tienda disponibles en un mapa visualmente atractivo, al tiempo que otorga simult\u00e1neamente a los usuarios informaci\u00f3n indispensable e integral, como horas de operaci\u00f3n de la tienda, detalles de contacto y instrucciones detalladas. Adem\u00e1s, este notable complemento ofrece un nivel incomparable de adaptabilidad y personalizaci\u00f3n, proporcionando as\u00ed a los propietarios de sitios web la autonom\u00eda para seleccionar meticulosamente las caracter\u00edsticas espec\u00edficas que desean integrar dentro de su localizador de tiendas, adem\u00e1s de tener la libertad de determinar individualmente el dise\u00f1o y el dise\u00f1o de el mapa. En consecuencia, es irrefutable que este complemento altamente sofisticado sirva como un activo excepcional e indispensable para cualquier sitio web de WordPress que anhele optimizar la experiencia general del cliente y aumentar el tr\u00e1fico de pies que fluye a sus establecimientos f\u00edsicos.<\/p>\n<ul>\n<li>Proporciona una herramienta de localizaci\u00f3n de tiendas para sitios web de WordPress<\/li>\n<li>Permite a los clientes encontrar f\u00e1cilmente ubicaciones de tiendas f\u00edsicas<\/li>\n<li>Se integra con Google Maps para datos de ubicaci\u00f3n precisos<\/li>\n<li>Proporciona opciones de b\u00fasqueda personalizables para una experiencia de usuario mejorada<\/li>\n<li>Incluye un dise\u00f1o receptivo para una visualizaci\u00f3n \u00f3ptima en todos los dispositivos<\/li>\n<li>Admite m\u00faltiples idiomas para una audiencia global<\/li>\n<li>Ofrece integraci\u00f3n de c\u00f3digo corto para una f\u00e1cil implementaci\u00f3n en cualquier p\u00e1gina o publicaci\u00f3n<\/li>\n<li>Incluye una gu\u00eda de documentaci\u00f3n detallada para una f\u00e1cil configuraci\u00f3n y personalizaci\u00f3n<\/li>\n<li>Proporciona administraci\u00f3n de backend f\u00e1cil de usar para la ubicaci\u00f3n y la configuraci\u00f3n de b\u00fasqueda<\/li>\n<li>Permite la adici\u00f3n de marcadores y descripciones personalizadas para cada ubicaci\u00f3n.<\/li>\n<\/ul>\n","protected":false},"excerpt":{"rendered":"<p>El localizador de la tienda para WordPress es un complemento extremadamente potente que le otorga la capacidad de incorporar un localizador de tiendas a medida y personalizado en su propio sitio web de WordPress. Mediante este complemento excepcionalmente ventajoso, sus valiosos clientes podr\u00e1n determinar sin esfuerzo y convenientemente la ubicaci\u00f3n de la tienda disponible m\u00e1s cercana simplemente ingresando su direcci\u00f3n designada o c\u00f3digo postal. Adem\u00e1s, posee la capacidad de delinear meticulosamente el radio de b\u00fasqueda, personalice con expertos el atractivo est\u00e9tico y el ambiente del mapa, e incluso aumentar la navegabilidad general y la facilidad de uso al adornar el mapa con marcadores informativos para cada tienda individual. A la luz de estas capacidades altamente impresionantes, se hace evidente evidentemente que el localizador de tiendas para WordPress es una herramienta indispensable e indispensable para cualquier empresa que cuenta con m\u00faltiples establecimientos f\u00edsicos y anhele mejorar y mejorar la experiencia en l\u00ednea de sus clientes estimados a alturas sin precedentes.<\/p>\n","protected":false},"featured_media":168674,"comment_status":"open","ping_status":"open","template":"","meta":[],"product_brand":[2391],"product_cat":[1208,1207,1206],"product_tag":[1462],"class_list":{"0":"post-111427","1":"product","2":"type-product","3":"status-publish","4":"has-post-thumbnail","6":"product_brand-yith","7":"product_cat-administracion","8":"product_cat-comercio-electronico-plugins","9":"product_cat-plugins","10":"product_tag-yith","11":"member-discount","12":"discount-restricted","14":"first","15":"instock","16":"sale","17":"downloadable","18":"virtual","19":"sold-individually","20":"purchasable","21":"product-type-simple"},"_links":{"self":[{"href":"https:\/\/gpl-love.com\/es\/wp-json\/wp\/v2\/product\/111427","targetHints":{"allow":["GET"]}}],"collection":[{"href":"https:\/\/gpl-love.com\/es\/wp-json\/wp\/v2\/product"}],"about":[{"href":"https:\/\/gpl-love.com\/es\/wp-json\/wp\/v2\/types\/product"}],"replies":[{"embeddable":true,"href":"https:\/\/gpl-love.com\/es\/wp-json\/wp\/v2\/comments?post=111427"}],"wp:featuredmedia":[{"embeddable":true,"href":"https:\/\/gpl-love.com\/es\/wp-json\/wp\/v2\/media\/168674"}],"wp:attachment":[{"href":"https:\/\/gpl-love.com\/es\/wp-json\/wp\/v2\/media?parent=111427"}],"wp:term":[{"taxonomy":"product_brand","embeddable":true,"href":"https:\/\/gpl-love.com\/es\/wp-json\/wp\/v2\/product_brand?post=111427"},{"taxonomy":"product_cat","embeddable":true,"href":"https:\/\/gpl-love.com\/es\/wp-json\/wp\/v2\/product_cat?post=111427"},{"taxonomy":"product_tag","embeddable":true,"href":"https:\/\/gpl-love.com\/es\/wp-json\/wp\/v2\/product_tag?post=111427"}],"curies":[{"name":"wp","href":"https:\/\/api.w.org\/{rel}","templated":true}]}}