{"id":111423,"date":"2026-04-07T00:00:00","date_gmt":"2026-04-07T05:00:00","guid":{"rendered":"http:\/\/gpl-love.com\/es\/producto\/mailpoet-premium-better-email-wordpress-plugin\/"},"modified":"2026-04-07T17:15:40","modified_gmt":"2026-04-07T22:15:40","slug":"mailpoet-premium-better-email-wordpress-plugin","status":"publish","type":"product","link":"https:\/\/gpl-love.com\/es\/producto\/mailpoet-premium-better-email-wordpress-plugin\/","title":{"rendered":"Mailpoet Premium Better Email WordPress Plugin 5.23.0"},"content":{"rendered":"<h3>Mailpoet Premium Better Email WordPress Plugin Caracteristicas<\/h3>\n<p>El complemento de WordPress de correo electr\u00f3nico de Mailpoet Premium Better es una herramienta de marketing de correo electr\u00f3nico altamente sofisticada y de vanguardia que ha sido meticulosamente elaborada para satisfacer las necesidades de las empresas y bloggers que se esfuerzan por optimizar sus esfuerzos de comunicaci\u00f3n. Este notable complemento faculta a los usuarios generar sin esfuerzo boletines visualmente cautivadores, correos electr\u00f3nicos automatizados y formularios de registro con la mayor comodidad, todo directamente desde la comodidad y conveniencia de su tablero de WordPress. Al proporcionar una interfaz intuitiva y f\u00e1cil de usar, completa con la funcionalidad incomparable de los editores de correo electr\u00f3nico de arrastrar y soltar, plantillas personalizables y una gran cantidad de caracter\u00edsticas avanzadas como pruebas A\/B, segmentaci\u00f3n y an\u00e1lisis, Mailpoet Premium Better Betory Correo electr\u00f3nico BestPress Cugin de WordPress se distingue de sus competidores. Adem\u00e1s, este complemento excepcional se integra perfectamente con numerosos servicios de terceros, incluidos, entre otros, WooCommerce, Formularios de gravedad y Zapier, asegurando una experiencia cohesiva perfecta para los usuarios. Armado con el complemento de WordPress de correo electr\u00f3nico de Mailpoet Premium Better, las empresas pueden superar indudablemente sus esfuerzos de marketing por correo electr\u00f3nico y cautivar e interactuar de manera efectiva con su codiciado p\u00fablico objetivo.<\/p>\n<ul>\n<li>Mejora las capacidades de marketing por correo electr\u00f3nico de su sitio web de WordPress<\/li>\n<li>Crear y enviar hermosos boletines con facilidad<\/li>\n<li>Una amplia gama de plantillas de bolet\u00edn personalizables para elegir<\/li>\n<li>Personalice sus correos electr\u00f3nicos con etiquetas de fusi\u00f3n y contenido din\u00e1mico<\/li>\n<li>Env\u00ede autom\u00e1ticamente boletines a los suscriptores al publicar una nueva publicaci\u00f3n<\/li>\n<li>Administre f\u00e1cilmente sus listas de correo electr\u00f3nico y preferencias de suscriptores<\/li>\n<li>Medidas Antispam para garantizar que sus correos electr\u00f3nicos se entreguen a las bandejas de entrada<\/li>\n<li>An\u00e1lisis de correo electr\u00f3nico detallado para rastrear tasas de apertura, clics y m\u00e1s<\/li>\n<li>Se integra con complementos de formularios de WordPress populares para formularios de opci\u00f3n f\u00e1ciles<\/li>\n<li>La versi\u00f3n premium incluye caracter\u00edsticas avanzadas adicionales como pruebas A\/B y soporte por correo electr\u00f3nico de WooCommerce.<\/li>\n<\/ul>\n","protected":false},"excerpt":{"rendered":"<p>Mailpoet Premium es un complemento de WordPress de correo electr\u00f3nico altamente sofisticado que brinda a los usuarios la capacidad de generar y enviar sin problemas con boletos de primer nivel visualmente impresionantes, as\u00ed como correos electr\u00f3nicos automatizados, todos desde los confines de su tablero de WordPress. Al aprovechar el poder de Mailpoet Premium, las personas pueden comprometerse y conectarse sin esfuerzo con sus suscriptores, fomentar relaciones duraderas y aumentar significativamente sus cifras de ventas. Con un editor intuitivo de arrastrar y soltar, una gran cantidad de plantillas de correo electr\u00f3nico predise\u00f1adas, correos electr\u00f3nicos de bienvenida automatizados, formularios de suscripci\u00f3n emergentes que llaman la atenci\u00f3n y un an\u00e1lisis integral para monitorear meticulosamente los triunfos de sus campa\u00f1as de correo electr\u00f3nico, el complemento premium Mailpoet realmente abarca una variedad diversa de servicios avanzados que est\u00e1n espec\u00edficamente dise\u00f1ados para impulsar sus esfuerzos de marketing por correo electr\u00f3nico a alturas sin precedentes.<\/p>\n","protected":false},"featured_media":166653,"comment_status":"open","ping_status":"open","template":"","meta":[],"product_brand":[2490],"product_cat":[1232,1206,1211],"product_tag":[1766],"class_list":{"0":"post-111423","1":"product","2":"type-product","3":"status-publish","4":"has-post-thumbnail","6":"product_brand-mailpoet","7":"product_cat-marketing-wordpress-plugins","8":"product_cat-plugins","9":"product_cat-wordpress-plugins","10":"product_tag-mailpoet","11":"member-discount","12":"discount-restricted","14":"first","15":"instock","16":"sale","17":"downloadable","18":"virtual","19":"sold-individually","20":"purchasable","21":"product-type-simple"},"_links":{"self":[{"href":"https:\/\/gpl-love.com\/es\/wp-json\/wp\/v2\/product\/111423","targetHints":{"allow":["GET"]}}],"collection":[{"href":"https:\/\/gpl-love.com\/es\/wp-json\/wp\/v2\/product"}],"about":[{"href":"https:\/\/gpl-love.com\/es\/wp-json\/wp\/v2\/types\/product"}],"replies":[{"embeddable":true,"href":"https:\/\/gpl-love.com\/es\/wp-json\/wp\/v2\/comments?post=111423"}],"wp:featuredmedia":[{"embeddable":true,"href":"https:\/\/gpl-love.com\/es\/wp-json\/wp\/v2\/media\/166653"}],"wp:attachment":[{"href":"https:\/\/gpl-love.com\/es\/wp-json\/wp\/v2\/media?parent=111423"}],"wp:term":[{"taxonomy":"product_brand","embeddable":true,"href":"https:\/\/gpl-love.com\/es\/wp-json\/wp\/v2\/product_brand?post=111423"},{"taxonomy":"product_cat","embeddable":true,"href":"https:\/\/gpl-love.com\/es\/wp-json\/wp\/v2\/product_cat?post=111423"},{"taxonomy":"product_tag","embeddable":true,"href":"https:\/\/gpl-love.com\/es\/wp-json\/wp\/v2\/product_tag?post=111423"}],"curies":[{"name":"wp","href":"https:\/\/api.w.org\/{rel}","templated":true}]}}