{"id":111421,"date":"2022-03-23T00:00:00","date_gmt":"2022-03-23T05:00:00","guid":{"rendered":"http:\/\/gpl-love.com\/es\/producto\/sweet-date-more-than-a-wordpress-dating-theme\/"},"modified":"2026-04-10T11:27:06","modified_gmt":"2026-04-10T16:27:06","slug":"sweet-date-more-than-a-wordpress-dating-theme","status":"publish","type":"product","link":"https:\/\/gpl-love.com\/es\/producto\/sweet-date-more-than-a-wordpress-dating-theme\/","title":{"rendered":"Sweet Date More than a WordPress Dating Theme 3.7.1"},"content":{"rendered":"<h3>Sweet Date More than a WordPress Dating Theme Caracteristicas<\/h3>\n<p>Sweet Date es un tema de citas de WordPress muy solicitado que est\u00e1 espec\u00edficamente dise\u00f1ado para personas que buscan establecer una plataforma integral de citas en l\u00ednea. Con una est\u00e9tica exquisitamente pulida y de vanguardia, Sweet Date ofrece una amplia gama de funcionalidades que facilitan la creaci\u00f3n de un sitio web de citas f\u00e1cil de usar y cautivador. Independientemente de si la intenci\u00f3n de uno es construir un sitio de citas especializado que atienda a un nicho en particular o una plataforma m\u00e1s expansiva, la fecha dulce abarca todos los elementos indispensables necesarios para embarcarse en este esfuerzo. Desde capacidades de b\u00fasqueda sofisticadas hasta la capacidad de personalizar las p\u00e1ginas de perfil, este tema es inequ\u00edvocamente ideal para las personas que aspiran a construir un sitio de citas triunfante. Por lo tanto, para aquellos en busca de un tema de citas de WordPress potente y vers\u00e1til, la dulce fecha emerge indudablemente como la elecci\u00f3n \u00f3ptima.<\/p>\n<ul>\n<li>Sweet Date es un tema de WordPress de alta calidad dise\u00f1ado espec\u00edficamente para sitios web de citas.<\/li>\n<li>Este tema ofrece una amplia gama de caracter\u00edsticas y funcionalidad, lo que facilita la creaci\u00f3n de un sitio de citas \u00fanico y atractivo.<\/li>\n<li>Con Sweet Date, puede personalizar la apariencia y el dise\u00f1o de su sitio para que coincida con la imagen de su marca y atraer a su p\u00fablico objetivo.<\/li>\n<li>Sweet Date incluye una potente funcionalidad de b\u00fasqueda, lo que permite a los usuarios buscar coincidencias basadas en una variedad de filtros, incluida la edad, la ubicaci\u00f3n, los intereses y m\u00e1s.<\/li>\n<li>Este tema ofrece una funcionalidad incorporada de chat y mensajer\u00eda, lo que facilita a los usuarios comunicarse y conectarse entre s\u00ed.<\/li>\n<li>Sweet Date tambi\u00e9n incluye opciones avanzadas de membres\u00eda y precios, lo que le permite monetizar su sitio de citas y obtener ingresos de las caracter\u00edsticas premium.<\/li>\n<li>Con un dise\u00f1o receptivo, Sweet Date se ve muy bien en cualquier dispositivo, asegurando que sus usuarios puedan acceder a su sitio desde cualquier lugar.<\/li>\n<li>Adem\u00e1s, Sweet Date es totalmente compatible con los complementos populares de WordPress, lo que le brinda la flexibilidad de agregar a\u00fan m\u00e1s funcionalidad a su sitio de citas.<\/li>\n<\/ul>\n","protected":false},"excerpt":{"rendered":"<p>Sweet Date es un tema de citas de WordPress ejemplar y de alta calidad que ofrece una gama completa de caracter\u00edsticas y herramientas, lo que le brinda la mejor opci\u00f3n para las personas que buscan establecer un sitio web de citas completamente funcional. A trav\u00e9s de su dise\u00f1o est\u00e9ticamente agradable y de vanguardia, alternativas de dise\u00f1o personalizables y caracter\u00edsticas robustas centradas en las citas, Sweet Date surge como la soluci\u00f3n \u00f3ptima para empresarios visionarios que aspiran a lanzar una plataforma de citas en l\u00ednea. Ya sea que su ambici\u00f3n implique la creaci\u00f3n de un sitio de citas especializado adaptado a un p\u00fablico objetivo espec\u00edfico o una plataforma de citas amplia que atiende a las masas, la dulce fecha facilita sin problemas y econ\u00f3micamente la realizaci\u00f3n de su visi\u00f3n. Por lo tanto, \u00bfpor qu\u00e9 retrasar m\u00e1s? Inicie su viaje con Sweet Date hoy y comience el proceso de conectar singles en todo el mundo.<\/p>\n","protected":false},"featured_media":167678,"comment_status":"open","ping_status":"open","template":"","meta":[],"product_brand":[2337],"product_cat":[1307,1237,1238],"product_tag":[1391],"class_list":{"0":"post-111421","1":"product","2":"type-product","3":"status-publish","4":"has-post-thumbnail","6":"product_brand-themeforest","7":"product_cat-negocio-wordpress-temas","8":"product_cat-temas","9":"product_cat-wordpress-temas","10":"product_tag-themeforest","11":"member-discount","12":"discount-restricted","14":"first","15":"instock","16":"sale","17":"downloadable","18":"virtual","19":"sold-individually","20":"purchasable","21":"product-type-simple"},"_links":{"self":[{"href":"https:\/\/gpl-love.com\/es\/wp-json\/wp\/v2\/product\/111421","targetHints":{"allow":["GET"]}}],"collection":[{"href":"https:\/\/gpl-love.com\/es\/wp-json\/wp\/v2\/product"}],"about":[{"href":"https:\/\/gpl-love.com\/es\/wp-json\/wp\/v2\/types\/product"}],"replies":[{"embeddable":true,"href":"https:\/\/gpl-love.com\/es\/wp-json\/wp\/v2\/comments?post=111421"}],"wp:featuredmedia":[{"embeddable":true,"href":"https:\/\/gpl-love.com\/es\/wp-json\/wp\/v2\/media\/167678"}],"wp:attachment":[{"href":"https:\/\/gpl-love.com\/es\/wp-json\/wp\/v2\/media?parent=111421"}],"wp:term":[{"taxonomy":"product_brand","embeddable":true,"href":"https:\/\/gpl-love.com\/es\/wp-json\/wp\/v2\/product_brand?post=111421"},{"taxonomy":"product_cat","embeddable":true,"href":"https:\/\/gpl-love.com\/es\/wp-json\/wp\/v2\/product_cat?post=111421"},{"taxonomy":"product_tag","embeddable":true,"href":"https:\/\/gpl-love.com\/es\/wp-json\/wp\/v2\/product_tag?post=111421"}],"curies":[{"name":"wp","href":"https:\/\/api.w.org\/{rel}","templated":true}]}}