{"id":111419,"date":"2023-05-30T00:00:00","date_gmt":"2023-05-30T05:00:00","guid":{"rendered":"http:\/\/gpl-love.com\/es\/producto\/rexcoin-a-multipurpose-cryptocurrency-wordpress-theme\/"},"modified":"2026-04-10T11:23:29","modified_gmt":"2026-04-10T16:23:29","slug":"rexcoin-a-multipurpose-cryptocurrency-wordpress-theme","status":"publish","type":"product","link":"https:\/\/gpl-love.com\/es\/producto\/rexcoin-a-multipurpose-cryptocurrency-wordpress-theme\/","title":{"rendered":"RexCoin A MultiPurpose Cryptocurrency WordPress Theme 1.2.5"},"content":{"rendered":"<h3>RexCoin A MultiPurpose Cryptocurrency WordPress Theme Caracteristicas<\/h3>\n<p>RexCoin es un tema de WordPress incre\u00edblemente vers\u00e1til que ha sido meticulosamente elaborado para atender espec\u00edficamente a las necesidades y requisitos \u00fanicos de los sitios web relacionados con las criptomonedas. Este tema excepcional cuenta con una impresionante variedad de caracter\u00edsticas y funcionalidades de vanguardia que se adaptan a exhibir y resaltar sin esfuerzo proyectos, billeteras y servicios de criptomonedas tanto para empresas como para personas.<\/p>\n<p>Una de las caracter\u00edsticas destacadas de RexCoin es su interfaz notablemente f\u00e1cil de usar, que garantiza que incluso aquellos con experiencia t\u00e9cnica m\u00ednima puedan construir sin esfuerzo un sitio web impresionante y profesional. Adem\u00e1s, este tema proporciona una amplia gama de opciones personalizables, lo que permite a los usuarios adaptar su sitio web para adaptarse a sus preferencias y requisitos individuales.<\/p>\n<p>Adem\u00e1s de sus opciones excepcionales de usabilidad y personalizaci\u00f3n, RexCoin tambi\u00e9n viene equipado con una calculadora de criptomonedas incorporada, un ticker de precio muy conveniente y una amplia selecci\u00f3n de iconos relacionados con la criptomonedas. Estas caracter\u00edsticas invaluables sirven no solo para mejorar la funcionalidad del sitio web, sino que tambi\u00e9n contribuir a crear una presencia en l\u00ednea visualmente cautivadora y atractiva.<\/p>\n<p>Ya sea que est\u00e9 operando un intercambio de criptomonedas, administrar un grupo de miner\u00eda o ejecutar un sitio web de noticias blockchain, RexCoin es la soluci\u00f3n definitiva que sin duda cumplir\u00e1 y superar\u00e1 sus expectativas. Sus caracter\u00edsticas robustas y su interfaz intuitiva dise\u00f1ada lo convierten en la elecci\u00f3n perfecta para las personas ansiosas por establecer una presencia significativa dentro del mundo din\u00e1mico y en evoluci\u00f3n de la criptomoneda.<\/p>\n<ul>\n<li>RexCoin es un tema vers\u00e1til de criptomoneda de WordPress adecuado para cualquier sitio web relacionado con cripto<\/li>\n<li>Construido utilizando las \u00faltimas tendencias HTML\/CSS que aseguran que su sitio web sea moderno y profesional<\/li>\n<li>M\u00faltiples plantillas de p\u00e1gina disponibles, incluidos hogares, sobre nosotros, contacto, servicios y m\u00e1s<\/li>\n<li>Esquemas de color personalizables que se pueden ajustar para que coincidan con la identidad de su marca<\/li>\n<li>Constructor de p\u00e1ginas de arrastre y suelto f\u00e1cil de usar que facilita la creaci\u00f3n de p\u00e1ginas impresionantes sin ninguna habilidad de codificaci\u00f3n<\/li>\n<li>Dise\u00f1o totalmente receptivo que garantiza que su sitio web se vea muy bien en todos los dispositivos<\/li>\n<li>Integraci\u00f3n con complementos de criptomonedas populares para una f\u00e1cil gesti\u00f3n de monedas virtuales<\/li>\n<li>Funcionalidad de blog incorporada que le permite compartir noticias e ideas con sus usuarios<\/li>\n<li>Instalaci\u00f3n de un solo clic que facilita comenzar con su nuevo sitio web<\/li>\n<li>Equipo de atenci\u00f3n al cliente dedicado que puede ayudar con cualquier pregunta o problema que pueda tener.<\/li>\n<\/ul>\n","protected":false},"excerpt":{"rendered":"<p>Rexcoin, un tema de WordPress incre\u00edblemente vers\u00e1til, ha sido meticulosamente elaborado para atender a las empresas que operan dentro de la industria financiera digital. Con un dise\u00f1o elegante y contempor\u00e1neo, un dise\u00f1o exquisitamente receptivo y una gran cantidad de opciones personalizables, este tema tiene como objetivo elevar su presencia en l\u00ednea a nuevas alturas. Al ofrecer una gran cantidad de dise\u00f1os de demostraci\u00f3n preconstruidos, RexCoin le brinda la m\u00e1xima flexibilidad para crear un sitio web que no solo sea visualmente impresionante, sino que tambi\u00e9n refleje con precisi\u00f3n la personalidad distintiva de su marca. Para mejorar a\u00fan m\u00e1s su funcionalidad, RexCoin est\u00e1 equipado con sistemas de seguimiento robustos, caracter\u00edsticas de cripto esenciales e integraci\u00f3n perfecta con herramientas de terceros, asegurando que su sitio web permanezca completamente operativo y perpetuamente actualizado. Independientemente de si est\u00e1 ofreciendo servicios financieros, curando un blog o embarcando en una campa\u00f1a de ICO, Rexcoin sirve como su soluci\u00f3n integral para cultivar una presencia profesional en l\u00ednea que exude credibilidad y competencia.<\/p>\n","protected":false},"featured_media":167373,"comment_status":"open","ping_status":"open","template":"","meta":[],"product_brand":[2337],"product_cat":[1307,1237,1238],"product_tag":[1391],"class_list":{"0":"post-111419","1":"product","2":"type-product","3":"status-publish","4":"has-post-thumbnail","6":"product_brand-themeforest","7":"product_cat-negocio-wordpress-temas","8":"product_cat-temas","9":"product_cat-wordpress-temas","10":"product_tag-themeforest","11":"member-discount","12":"discount-restricted","14":"first","15":"instock","16":"sale","17":"downloadable","18":"virtual","19":"sold-individually","20":"purchasable","21":"product-type-simple"},"_links":{"self":[{"href":"https:\/\/gpl-love.com\/es\/wp-json\/wp\/v2\/product\/111419","targetHints":{"allow":["GET"]}}],"collection":[{"href":"https:\/\/gpl-love.com\/es\/wp-json\/wp\/v2\/product"}],"about":[{"href":"https:\/\/gpl-love.com\/es\/wp-json\/wp\/v2\/types\/product"}],"replies":[{"embeddable":true,"href":"https:\/\/gpl-love.com\/es\/wp-json\/wp\/v2\/comments?post=111419"}],"wp:featuredmedia":[{"embeddable":true,"href":"https:\/\/gpl-love.com\/es\/wp-json\/wp\/v2\/media\/167373"}],"wp:attachment":[{"href":"https:\/\/gpl-love.com\/es\/wp-json\/wp\/v2\/media?parent=111419"}],"wp:term":[{"taxonomy":"product_brand","embeddable":true,"href":"https:\/\/gpl-love.com\/es\/wp-json\/wp\/v2\/product_brand?post=111419"},{"taxonomy":"product_cat","embeddable":true,"href":"https:\/\/gpl-love.com\/es\/wp-json\/wp\/v2\/product_cat?post=111419"},{"taxonomy":"product_tag","embeddable":true,"href":"https:\/\/gpl-love.com\/es\/wp-json\/wp\/v2\/product_tag?post=111419"}],"curies":[{"name":"wp","href":"https:\/\/api.w.org\/{rel}","templated":true}]}}